{"id":21938,"date":"2021-02-26T14:41:19","date_gmt":"2021-02-26T12:41:19","guid":{"rendered":"https:\/\/www.pussycatmerida.com\/eshop\/product\/intense-estuard-vibrador-rotador-updown-lila\/"},"modified":"2026-03-11T12:27:11","modified_gmt":"2026-03-11T11:27:11","slug":"intense-estuard-vibrador-rotador-updown-lila","status":"publish","type":"product","link":"https:\/\/www.pussycatmerida.com\/eshop\/producto\/intense-estuard-vibrador-rotador-updown-lila\/","title":{"rendered":"INTENSE ESTUARD VIBRADOR ROTADOR UPDOWN LILA"},"content":{"rendered":"<p>El para\u00edso es intenso y por eso desc\u00fabrelo con Estuard. El vibrador perfecto para llegar a cualquier zona sensible. Los rotadores intense permiten una mayor sensaci\u00f3n vaginal para principiantes o expertos que, adem\u00e1s, se puede encender el rabbit, que har\u00e1 vibrar el estimulador clitorial.<\/p>\n<p>Se puede regular en 12 velocidades diferentes. Tambi\u00e9n se puede indicar la direcci\u00f3n del giro con 4 modos \u00a1Es algo realmente imprescindible!<\/p>\n<p>Estuard\u00a0te ofrece;<\/p>\n<ul>\n<li>12 modos de vibraci\u00f3n<\/li>\n<li>4 modos de rotaci\u00f3n<\/li>\n<li>Estimulaci\u00f3n clitorial intensa<\/li>\n<li>Ergon\u00f3mico<\/li>\n<li>Motor potente<\/li>\n<li>Libre de falatos<\/li>\n<li>Rotaci\u00f3n m\u00faltiple<\/li>\n<li>Movimiento arriba y abajo simultaneo<\/li>\n<li>Seguro para el cuerpo.<\/li>\n<li>Medidas; 30 x 3.9 cm<\/li>\n<li>Longitud insertable: 15 cm<\/li>\n<li>Funciona con 4 Pilas AAA no incluidas.<\/li>\n<\/ul>\n<p>Disfruta de Intense con 1 a\u00f1o de garant\u00eda total.<\/p>\n","protected":false},"excerpt":{"rendered":"<p>INTENSE ESTUARD VIBRATOR RABBIT PURPLE<\/p>\n","protected":false},"featured_media":48321,"template":"","meta":[],"pwb-brand":[146,518,465],"product_brand":[],"product_cat":[274,294,307,301,322,299],"product_tag":[],"class_list":{"0":"post-21938","1":"product","2":"type-product","3":"status-publish","4":"has-post-thumbnail","6":"pwb-brand-intense","7":"pwb-brand-intenseintense-toysintense-fun","8":"pwb-brand-intenseintense-toys","9":"product_cat-juguetes-sexuales-xxx","10":"product_cat-juguetes-sexuales-xxxmasturbadores-para-ellas","11":"product_cat-juguetes-sexuales-xxxpunto-g","12":"product_cat-juguetes-sexuales-xxxrotadores-y-vibradores","13":"product_cat-seccion-tuppersex","14":"product_cat-juguetes-sexuales-xxxvibradores","15":"post_count_is_0","16":"boutique_post_style_4","18":"first","19":"instock","20":"taxable","21":"shipping-taxable","22":"purchasable","23":"product-type-simple","24":"boutique_image_style_2"},"brands":[{"id":146,"name":"INTENSE","slug":"intense"},{"id":518,"name":"INTENSE FUN","slug":"intenseintense-toysintense-fun"},{"id":465,"name":"INTENSE TOYS","slug":"intenseintense-toys"}],"_links":{"self":[{"href":"https:\/\/www.pussycatmerida.com\/eshop\/wp-json\/wp\/v2\/product\/21938","targetHints":{"allow":["GET"]}}],"collection":[{"href":"https:\/\/www.pussycatmerida.com\/eshop\/wp-json\/wp\/v2\/product"}],"about":[{"href":"https:\/\/www.pussycatmerida.com\/eshop\/wp-json\/wp\/v2\/types\/product"}],"wp:featuredmedia":[{"embeddable":true,"href":"https:\/\/www.pussycatmerida.com\/eshop\/wp-json\/wp\/v2\/media\/48321"}],"wp:attachment":[{"href":"https:\/\/www.pussycatmerida.com\/eshop\/wp-json\/wp\/v2\/media?parent=21938"}],"wp:term":[{"taxonomy":"pwb-brand","embeddable":true,"href":"https:\/\/www.pussycatmerida.com\/eshop\/wp-json\/wp\/v2\/pwb-brand?post=21938"},{"taxonomy":"product_brand","embeddable":true,"href":"https:\/\/www.pussycatmerida.com\/eshop\/wp-json\/wp\/v2\/product_brand?post=21938"},{"taxonomy":"product_cat","embeddable":true,"href":"https:\/\/www.pussycatmerida.com\/eshop\/wp-json\/wp\/v2\/product_cat?post=21938"},{"taxonomy":"product_tag","embeddable":true,"href":"https:\/\/www.pussycatmerida.com\/eshop\/wp-json\/wp\/v2\/product_tag?post=21938"}],"curies":[{"name":"wp","href":"https:\/\/api.w.org\/{rel}","templated":true}]}}