{"id":21946,"date":"2021-03-09T18:37:38","date_gmt":"2021-03-09T16:37:38","guid":{"rendered":"https:\/\/www.pussycatmerida.com\/eshop\/producto\/pretty-love-kegel-tighten-up-ii-bolas-ejercicio-kegel\/"},"modified":"2026-03-11T12:38:01","modified_gmt":"2026-03-11T11:38:01","slug":"pretty-love-kegel-tighten-up-ii-bolas-ejercicio-kegel","status":"publish","type":"product","link":"https:\/\/www.pussycatmerida.com\/eshop\/producto\/pretty-love-kegel-tighten-up-ii-bolas-ejercicio-kegel\/","title":{"rendered":"PRETTY LOVE -KEGEL TIGHTEN UP II BOLAS EJERCICIO KEGEL"},"content":{"rendered":"<p>\u00a1\u00a1Hora de tonificar los m\u00fasculos de la vagina!. Con las Kegel tighten up II tonificar\u00e1s y fortalecer\u00e1s los m\u00fasculos de la vagina para que puedas obtener orgamos m\u00e1s intensos. Fabricadas con silicona premium, incorpora dos bolas de 3.2 cm y un resistente cord\u00f3n\u00a0para que puedas extraerlas de forma f\u00e1cil y segura.\u00a0<\/p>\n<p>Caracter\u00edsticas:\u00a0\u00a0<\/p>\n<ul>\n<li>Bolas Tighten up II<\/li>\n<li>Material : Silicona premium<\/li>\n<li>Sumergibles<\/li>\n<li>grosor bolas: 3.2 cm<\/li>\n<li>Longitud total: 16.3 cm<\/li>\n<li>N\u00famero de bolas: 2<\/li>\n<\/ul>\n<p style=\"line-height: 16.64px;\"><span style=\"line-height: 16.64px;\">Pretty Love fabrica productos con exigentes normas de calidad, todos sus productos estan dise\u00f1ados en Estados Unidos y tienen 1 a\u00f1o de garant\u00eda en defectos tecnicos.<\/span><\/p>\n<div>\u00a0<\/div>\n","protected":false},"excerpt":{"rendered":"<p>PRETTY LOVE FLIRTATION &#8211;  KEGEL TIGHTEN UP II BOLAS EJERCICIO KEGEL<\/p>\n","protected":false},"featured_media":59019,"template":"","meta":[],"pwb-brand":[509,213],"product_brand":[],"product_cat":[275,430,286,274],"product_tag":[],"class_list":{"0":"post-21946","1":"product","2":"type-product","3":"status-publish","4":"has-post-thumbnail","6":"pwb-brand-pretty-loveflirtation","7":"pwb-brand-pretty-love","8":"product_cat-juguetes-sexuales-xxxacuaticos","9":"product_cat-juguetes-sexuales-xxxbolas","10":"product_cat-juguetes-sexuales-xxxdesarrolladores","11":"product_cat-juguetes-sexuales-xxx","12":"post_count_is_0","13":"boutique_post_style_4","15":"first","16":"instock","17":"taxable","18":"shipping-taxable","19":"purchasable","20":"product-type-simple","21":"boutique_image_style_2"},"brands":[{"id":509,"name":"FLIRTATION","slug":"pretty-loveflirtation"},{"id":213,"name":"PRETTY LOVE","slug":"pretty-love"}],"_links":{"self":[{"href":"https:\/\/www.pussycatmerida.com\/eshop\/wp-json\/wp\/v2\/product\/21946","targetHints":{"allow":["GET"]}}],"collection":[{"href":"https:\/\/www.pussycatmerida.com\/eshop\/wp-json\/wp\/v2\/product"}],"about":[{"href":"https:\/\/www.pussycatmerida.com\/eshop\/wp-json\/wp\/v2\/types\/product"}],"wp:featuredmedia":[{"embeddable":true,"href":"https:\/\/www.pussycatmerida.com\/eshop\/wp-json\/wp\/v2\/media\/59019"}],"wp:attachment":[{"href":"https:\/\/www.pussycatmerida.com\/eshop\/wp-json\/wp\/v2\/media?parent=21946"}],"wp:term":[{"taxonomy":"pwb-brand","embeddable":true,"href":"https:\/\/www.pussycatmerida.com\/eshop\/wp-json\/wp\/v2\/pwb-brand?post=21946"},{"taxonomy":"product_brand","embeddable":true,"href":"https:\/\/www.pussycatmerida.com\/eshop\/wp-json\/wp\/v2\/product_brand?post=21946"},{"taxonomy":"product_cat","embeddable":true,"href":"https:\/\/www.pussycatmerida.com\/eshop\/wp-json\/wp\/v2\/product_cat?post=21946"},{"taxonomy":"product_tag","embeddable":true,"href":"https:\/\/www.pussycatmerida.com\/eshop\/wp-json\/wp\/v2\/product_tag?post=21946"}],"curies":[{"name":"wp","href":"https:\/\/api.w.org\/{rel}","templated":true}]}}