{"id":21947,"date":"2021-02-24T15:15:28","date_gmt":"2021-02-24T13:15:28","guid":{"rendered":"https:\/\/www.pussycatmerida.com\/eshop\/product\/pretty-love-dempsey-vibrador-hinchable-recargable\/"},"modified":"2026-03-11T12:38:01","modified_gmt":"2026-03-11T11:38:01","slug":"pretty-love-dempsey-vibrador-hinchable-recargable","status":"publish","type":"product","link":"https:\/\/www.pussycatmerida.com\/eshop\/producto\/pretty-love-dempsey-vibrador-hinchable-recargable\/","title":{"rendered":"PRETTY LOVE DEMPSEY VIBRADOR HINCHABLE RECARGABLE"},"content":{"rendered":"<p>Lo nunca visto, un vibrador hinchable con multivibraci\u00f3n y adem\u00e1s de Pretty Love, lo que es sin\u00f3nimo de placer y calidad al mismo tiempo. Este novedoso vibrador, incorpora dos puntos de vibraci\u00f3n y adem\u00e1s se infla en la punta para que pueda llenarte de placer por completo.<\/p>\n<p>Caracter\u00edsticas:\u00a0<\/p>\n<ul>\n<li>Dempsey vibrador hinchable\u00a0<\/li>\n<li>Material: Silicona premium y ABS<\/li>\n<li>Sumergible<\/li>\n<li>7 modos de vibraci\u00f3n\u00a0<\/li>\n<li>Modo inflable<\/li>\n<li>USB recargable<\/li>\n<li>Medidas: Ver imagen<\/li>\n<li>Pr\u00e1ctica bolsa de tela para que puedas guardarlo y transportarlo<\/li>\n<\/ul>\n<p style=\"line-height: 16.64px;\"><span style=\"line-height: 16.64px;\">Pretty Love fabrica productos con exigentes normas de calidad, todos sus productos estan dise\u00f1ados en Estados Unidos y tienen 1 a\u00f1o de garant\u00eda en defectos tecnicos.<\/span><\/p>\n<div>\u00a0<\/div>\n","protected":false},"excerpt":{"rendered":"<p>PRETTY LOVE SMART &#8211; DEMPSEY VIBRADOR HINCHABLE RECARGABLE<\/p>\n","protected":false},"featured_media":35628,"template":"","meta":[],"pwb-brand":[213,451],"product_brand":[],"product_cat":[275,274,294,299,905,298],"product_tag":[],"class_list":{"0":"post-21947","1":"product","2":"type-product","3":"status-publish","4":"has-post-thumbnail","6":"pwb-brand-pretty-love","7":"pwb-brand-pretty-lovesmart","8":"product_cat-juguetes-sexuales-xxxacuaticos","9":"product_cat-juguetes-sexuales-xxx","10":"product_cat-juguetes-sexuales-xxxmasturbadores-para-ellas","11":"product_cat-juguetes-sexuales-xxxvibradores","12":"product_cat-vibradores-dobles","13":"product_cat-juguetes-sexuales-xxxvibradores-hi-tech","14":"post_count_is_0","15":"boutique_post_style_4","17":"first","18":"instock","19":"taxable","20":"shipping-taxable","21":"purchasable","22":"product-type-simple","23":"boutique_image_style_2"},"brands":[{"id":213,"name":"PRETTY LOVE","slug":"pretty-love"},{"id":451,"name":"SMART","slug":"pretty-lovesmart"}],"_links":{"self":[{"href":"https:\/\/www.pussycatmerida.com\/eshop\/wp-json\/wp\/v2\/product\/21947","targetHints":{"allow":["GET"]}}],"collection":[{"href":"https:\/\/www.pussycatmerida.com\/eshop\/wp-json\/wp\/v2\/product"}],"about":[{"href":"https:\/\/www.pussycatmerida.com\/eshop\/wp-json\/wp\/v2\/types\/product"}],"wp:featuredmedia":[{"embeddable":true,"href":"https:\/\/www.pussycatmerida.com\/eshop\/wp-json\/wp\/v2\/media\/35628"}],"wp:attachment":[{"href":"https:\/\/www.pussycatmerida.com\/eshop\/wp-json\/wp\/v2\/media?parent=21947"}],"wp:term":[{"taxonomy":"pwb-brand","embeddable":true,"href":"https:\/\/www.pussycatmerida.com\/eshop\/wp-json\/wp\/v2\/pwb-brand?post=21947"},{"taxonomy":"product_brand","embeddable":true,"href":"https:\/\/www.pussycatmerida.com\/eshop\/wp-json\/wp\/v2\/product_brand?post=21947"},{"taxonomy":"product_cat","embeddable":true,"href":"https:\/\/www.pussycatmerida.com\/eshop\/wp-json\/wp\/v2\/product_cat?post=21947"},{"taxonomy":"product_tag","embeddable":true,"href":"https:\/\/www.pussycatmerida.com\/eshop\/wp-json\/wp\/v2\/product_tag?post=21947"}],"curies":[{"name":"wp","href":"https:\/\/api.w.org\/{rel}","templated":true}]}}