{"id":22003,"date":"2021-03-01T13:34:04","date_gmt":"2021-03-01T11:34:04","guid":{"rendered":"https:\/\/www.pussycatmerida.com\/eshop\/product\/secretplay-chronomasutra-kit-es-en-fr-de-pt\/"},"modified":"2026-03-11T12:26:55","modified_gmt":"2026-03-11T11:26:55","slug":"secretplay-chronomasutra-kit-es-en-fr-de-pt","status":"publish","type":"product","link":"https:\/\/www.pussycatmerida.com\/eshop\/producto\/secretplay-chronomasutra-kit-es-en-fr-de-pt\/","title":{"rendered":"SECRETPLAY CHRONOMASUTRA KIT ES\/EN\/FR\/DE\/PT"},"content":{"rendered":"<p>Lanza el dado y realiza la postura se\u00f1alada, utiliza el reloj de arena para cronometrar, deber\u00e1s realizar la postura se\u00f1alada hasta que el tiempo se agote (1 minuto),tu pareja lanzar\u00e1el dado para practicar la siguiente posici\u00f3n.<\/p>\n<ul>\n<li>El jugador que llegue antes al orgasmo pierde la partida<\/li>\n<\/ul>\n<p>\u00a0ES\/EN\/FR\/DE\/PT<\/p>\n","protected":false},"excerpt":{"rendered":"<p>SECRETPLAY CHRONOMASUTRA KIT ES\/EN\/FR\/DE\/PT<\/p>\n","protected":false},"featured_media":62883,"template":"","meta":[],"pwb-brand":[498,786],"product_brand":[],"product_cat":[375,376,443],"product_tag":[],"class_list":{"0":"post-22003","1":"product","2":"type-product","3":"status-publish","4":"has-post-thumbnail","6":"pwb-brand-secretplay","7":"pwb-brand-secretplaysecretplay-100-games","8":"product_cat-juegos","9":"product_cat-juegosjuegos-de-pareja","10":"product_cat-juegosjuegos-en-espanol","11":"post_count_is_0","12":"boutique_post_style_4","14":"first","15":"instock","16":"taxable","17":"shipping-taxable","18":"purchasable","19":"product-type-simple","20":"boutique_image_style_2"},"brands":[{"id":498,"name":"SECRETPLAY","slug":"secretplay"},{"id":786,"name":"SECRETPLAY 100% GAMES","slug":"secretplaysecretplay-100-games"}],"_links":{"self":[{"href":"https:\/\/www.pussycatmerida.com\/eshop\/wp-json\/wp\/v2\/product\/22003","targetHints":{"allow":["GET"]}}],"collection":[{"href":"https:\/\/www.pussycatmerida.com\/eshop\/wp-json\/wp\/v2\/product"}],"about":[{"href":"https:\/\/www.pussycatmerida.com\/eshop\/wp-json\/wp\/v2\/types\/product"}],"wp:featuredmedia":[{"embeddable":true,"href":"https:\/\/www.pussycatmerida.com\/eshop\/wp-json\/wp\/v2\/media\/62883"}],"wp:attachment":[{"href":"https:\/\/www.pussycatmerida.com\/eshop\/wp-json\/wp\/v2\/media?parent=22003"}],"wp:term":[{"taxonomy":"pwb-brand","embeddable":true,"href":"https:\/\/www.pussycatmerida.com\/eshop\/wp-json\/wp\/v2\/pwb-brand?post=22003"},{"taxonomy":"product_brand","embeddable":true,"href":"https:\/\/www.pussycatmerida.com\/eshop\/wp-json\/wp\/v2\/product_brand?post=22003"},{"taxonomy":"product_cat","embeddable":true,"href":"https:\/\/www.pussycatmerida.com\/eshop\/wp-json\/wp\/v2\/product_cat?post=22003"},{"taxonomy":"product_tag","embeddable":true,"href":"https:\/\/www.pussycatmerida.com\/eshop\/wp-json\/wp\/v2\/product_tag?post=22003"}],"curies":[{"name":"wp","href":"https:\/\/api.w.org\/{rel}","templated":true}]}}