{"id":22051,"date":"2021-03-09T18:27:56","date_gmt":"2021-03-09T16:27:56","guid":{"rendered":"https:\/\/www.pussycatmerida.com\/eshop\/producto\/pretty-love-male-vito-strap-on-con-dildo-hueco-y-vibracion-17-3-cm\/"},"modified":"2026-03-11T12:27:14","modified_gmt":"2026-03-11T11:27:14","slug":"pretty-love-male-vito-strap-on-con-dildo-hueco-y-vibracion-17-3-cm","status":"publish","type":"product","link":"https:\/\/www.pussycatmerida.com\/eshop\/producto\/pretty-love-male-vito-strap-on-con-dildo-hueco-y-vibracion-17-3-cm\/","title":{"rendered":"PRETTY LOVE MALE &#8211; VITO STRAP ON CON DILDO HUECO Y VIBRACION 17.3 CM"},"content":{"rendered":"<p>El Vito es un fabuloso strap on con dildo huevo y vibraci\u00f3n. Incorpora un dildo hueco de 17.3 cm con un potente motor en la punta que proporciona intensas y placenteras vibraciones que se extienden por todo el eje y har\u00e1 gozar a tu pareja. Su arn\u00e9s adem\u00e1s es regulable e incorpora un mando para que puedas elegir la intensidad de la vibraci\u00f3n. El placer est\u00e1 asegurado.\u00a0<\/p>\n<p>Caracter\u00edsticas:<\/p>\n<ul>\n<li>Strap on Vito con dildo hueco y vibraci\u00f3n.<\/li>\n<li>Arn\u00e9s talla \u00fanica pero regulable<\/li>\n<li>Poderosas vibraciones\u00a0<\/li>\n<li>Vibracion controlada por mando<\/li>\n<li>Longitud total dildo huevo: 17.3 cm<\/li>\n<li>Perfecto para personas con eyaculaci\u00f3n precoz y disfunci\u00f3n erectil<\/li>\n<li>F\u00e1cil de limpiar\u00a0<\/li>\n<li>Pilas mando: 3xAAA<\/li>\n<\/ul>\n<p style=\"line-height: 16.64px;\"><span style=\"line-height: 16.64px;\">Pretty Love fabrica productos con exigentes normas de calidad, todos sus productos estan dise\u00f1ados en Estados Unidos y tienen 1 a\u00f1o de garant\u00eda en defectos tecnicos.<\/span><\/p>\n<div>\u00a0<\/div>\n<p>\u00a0<\/p>\n<p>\u00a0<\/p>\n","protected":false},"excerpt":{"rendered":"<p>PRETTY LOVE MALE &#8211; VITO STRAP ON CON DILDO HUECO Y VIBRACION 17.3 CM<\/p>\n","protected":false},"featured_media":52898,"template":"","meta":[],"pwb-brand":[213,455],"product_brand":[],"product_cat":[917,274,306],"product_tag":[],"class_list":{"0":"post-22051","1":"product","2":"type-product","3":"status-publish","4":"has-post-thumbnail","6":"pwb-brand-pretty-love","7":"pwb-brand-pretty-lovepretty-male","8":"product_cat-arnes-hueco","9":"product_cat-juguetes-sexuales-xxx","10":"product_cat-juguetes-sexuales-xxxpara-el","11":"post_count_is_0","12":"boutique_post_style_4","14":"first","15":"instock","16":"taxable","17":"shipping-taxable","18":"purchasable","19":"product-type-simple","20":"boutique_image_style_2"},"brands":[{"id":213,"name":"PRETTY LOVE","slug":"pretty-love"},{"id":455,"name":"PRETTY MALE","slug":"pretty-lovepretty-male"}],"_links":{"self":[{"href":"https:\/\/www.pussycatmerida.com\/eshop\/wp-json\/wp\/v2\/product\/22051","targetHints":{"allow":["GET"]}}],"collection":[{"href":"https:\/\/www.pussycatmerida.com\/eshop\/wp-json\/wp\/v2\/product"}],"about":[{"href":"https:\/\/www.pussycatmerida.com\/eshop\/wp-json\/wp\/v2\/types\/product"}],"wp:featuredmedia":[{"embeddable":true,"href":"https:\/\/www.pussycatmerida.com\/eshop\/wp-json\/wp\/v2\/media\/52898"}],"wp:attachment":[{"href":"https:\/\/www.pussycatmerida.com\/eshop\/wp-json\/wp\/v2\/media?parent=22051"}],"wp:term":[{"taxonomy":"pwb-brand","embeddable":true,"href":"https:\/\/www.pussycatmerida.com\/eshop\/wp-json\/wp\/v2\/pwb-brand?post=22051"},{"taxonomy":"product_brand","embeddable":true,"href":"https:\/\/www.pussycatmerida.com\/eshop\/wp-json\/wp\/v2\/product_brand?post=22051"},{"taxonomy":"product_cat","embeddable":true,"href":"https:\/\/www.pussycatmerida.com\/eshop\/wp-json\/wp\/v2\/product_cat?post=22051"},{"taxonomy":"product_tag","embeddable":true,"href":"https:\/\/www.pussycatmerida.com\/eshop\/wp-json\/wp\/v2\/product_tag?post=22051"}],"curies":[{"name":"wp","href":"https:\/\/api.w.org\/{rel}","templated":true}]}}