{"id":22269,"date":"2021-02-26T14:41:24","date_gmt":"2021-02-26T12:41:24","guid":{"rendered":"https:\/\/www.pussycatmerida.com\/eshop\/product\/intense-jaiden-anal-beads-lila\/"},"modified":"2026-03-11T12:27:51","modified_gmt":"2026-03-11T11:27:51","slug":"intense-jaiden-anal-beads-lila","status":"publish","type":"product","link":"https:\/\/www.pussycatmerida.com\/eshop\/producto\/intense-jaiden-anal-beads-lila\/","title":{"rendered":"INTENSE JAIDEN ANAL BEADS LILA"},"content":{"rendered":"<p>Intensifica tu placer con Intese toys, un concepto clasico que no todos consiguen hacer. Con Jaiden\u00a0masajear\u00e1s las partes intimas con eficacia adaptandose a la forma de tu anatomia y potenciando el placer. Es completamente anal o vaginal, y conseguir\u00e1s un mayor efecto es el esfinter. Las bolas Jaiden est\u00e1n fabricadas en 100% silicona suave sedosa e hipoalergernica. Con intense toys el placer est\u00e1 asegurado en una marca que revisa estrictamente los controles de calidad.<\/p>\n<ul>\n<li>Silicona suave y sedosa resistente para el juego anal.<\/li>\n<li>Medidas; 2.5 x 34 cm<\/li>\n<li>Libre de Phalatos.<\/li>\n<li>Material seguro para el cuerpo.<\/li>\n<\/ul>\n<p>Se recomienda usar lubricante a base de agua waterfeel y limpiar tras su uso con el toycleaner waterfeeel.<\/p>\n","protected":false},"excerpt":{"rendered":"<p>INTENSE JAIDEN ANAL BEADS PURPLE<\/p>\n","protected":false},"featured_media":48336,"template":"","meta":[],"pwb-brand":[146,805,465],"product_brand":[],"product_cat":[280,906,288,274,322],"product_tag":[],"class_list":{"0":"post-22269","1":"product","2":"type-product","3":"status-publish","4":"has-post-thumbnail","6":"pwb-brand-intense","7":"pwb-brand-intenseintense-toysintense-anal-toys","8":"pwb-brand-intenseintense-toys","9":"product_cat-juguetes-sexuales-xxxanal","10":"product_cat-bolas-y-cadenas-anales","11":"product_cat-juguetes-sexuales-xxxestimuladores","12":"product_cat-juguetes-sexuales-xxx","13":"product_cat-seccion-tuppersex","14":"post_count_is_0","15":"boutique_post_style_4","17":"first","18":"instock","19":"taxable","20":"shipping-taxable","21":"purchasable","22":"product-type-simple","23":"boutique_image_style_2"},"brands":[{"id":146,"name":"INTENSE","slug":"intense"},{"id":805,"name":"INTENSE ANAL TOYS","slug":"intenseintense-toysintense-anal-toys"},{"id":465,"name":"INTENSE TOYS","slug":"intenseintense-toys"}],"_links":{"self":[{"href":"https:\/\/www.pussycatmerida.com\/eshop\/wp-json\/wp\/v2\/product\/22269","targetHints":{"allow":["GET"]}}],"collection":[{"href":"https:\/\/www.pussycatmerida.com\/eshop\/wp-json\/wp\/v2\/product"}],"about":[{"href":"https:\/\/www.pussycatmerida.com\/eshop\/wp-json\/wp\/v2\/types\/product"}],"wp:featuredmedia":[{"embeddable":true,"href":"https:\/\/www.pussycatmerida.com\/eshop\/wp-json\/wp\/v2\/media\/48336"}],"wp:attachment":[{"href":"https:\/\/www.pussycatmerida.com\/eshop\/wp-json\/wp\/v2\/media?parent=22269"}],"wp:term":[{"taxonomy":"pwb-brand","embeddable":true,"href":"https:\/\/www.pussycatmerida.com\/eshop\/wp-json\/wp\/v2\/pwb-brand?post=22269"},{"taxonomy":"product_brand","embeddable":true,"href":"https:\/\/www.pussycatmerida.com\/eshop\/wp-json\/wp\/v2\/product_brand?post=22269"},{"taxonomy":"product_cat","embeddable":true,"href":"https:\/\/www.pussycatmerida.com\/eshop\/wp-json\/wp\/v2\/product_cat?post=22269"},{"taxonomy":"product_tag","embeddable":true,"href":"https:\/\/www.pussycatmerida.com\/eshop\/wp-json\/wp\/v2\/product_tag?post=22269"}],"curies":[{"name":"wp","href":"https:\/\/api.w.org\/{rel}","templated":true}]}}