{"id":22312,"date":"2021-02-26T14:42:17","date_gmt":"2021-02-26T12:42:17","guid":{"rendered":"https:\/\/www.pussycatmerida.com\/eshop\/product\/intense-snoopy-7-speeds-silicone-lila\/"},"modified":"2026-03-11T12:38:02","modified_gmt":"2026-03-11T11:38:02","slug":"intense-snoopy-7-speeds-silicone-lila","status":"publish","type":"product","link":"https:\/\/www.pussycatmerida.com\/eshop\/producto\/intense-snoopy-7-speeds-silicone-lila\/","title":{"rendered":"INTENSE SNOOPY 7 SPEEDS SILICONE LILA"},"content":{"rendered":"<p>Intensifica tu placer con Intense toys, un concepto cl\u00e1sico que no todos consiguen hacer. Aumenta tu placer con Snoopy\u00a0100% silicona suave sedosa de grado m\u00e9dico es perfecto para la estimulaci\u00f3n anal o vaginal ya que a\u00f1ade placer de menos a m\u00e1s y vibraci\u00f3n de suave a fuerte. Ondas de placer aseguradas con Snoopy y sus 7 modos de vibraci\u00f3n.<\/p>\n<ul>\n<li>Silicona 100% Suave y sedosa<\/li>\n<li>Libre de ftalatos<\/li>\n<li>7 modos de vibraci\u00f3n de suave a fuerte<\/li>\n<li>Silencioso<\/li>\n<li>Flexible<\/li>\n<li>Resistente al agua.<\/li>\n<li>Medidas\n<ul>\n<li>Longitud total: 13.5 cm<\/li>\n<li>Longitud insertable: 11.5 cm<\/li>\n<li>Di\u00e1metro min: 1.5 cm<\/li>\n<li>Di\u00e1metro max: 3.5 cm<\/li>\n<\/ul>\n<\/li>\n<\/ul>\n<p>Se recomienda usar lubricante a base de agua waterfeel y limpiar tras su uso con el toycleaner waterfeeel.<\/p>\n","protected":false},"excerpt":{"rendered":"<p>INTENSE SNOOPY 7 SPEEDS SILICONE PURPLE<\/p>\n","protected":false},"featured_media":48415,"template":"","meta":[],"pwb-brand":[146,805,465],"product_brand":[],"product_cat":[280,274,294,322,299,907,904],"product_tag":[],"class_list":{"0":"post-22312","1":"product","2":"type-product","3":"status-publish","4":"has-post-thumbnail","6":"pwb-brand-intense","7":"pwb-brand-intenseintense-toysintense-anal-toys","8":"pwb-brand-intenseintense-toys","9":"product_cat-juguetes-sexuales-xxxanal","10":"product_cat-juguetes-sexuales-xxx","11":"product_cat-juguetes-sexuales-xxxmasturbadores-para-ellas","12":"product_cat-seccion-tuppersex","13":"product_cat-juguetes-sexuales-xxxvibradores","14":"product_cat-vibradores-anales","15":"product_cat-vibradores-clasicos","16":"post_count_is_0","17":"boutique_post_style_4","19":"first","20":"instock","21":"taxable","22":"shipping-taxable","23":"purchasable","24":"product-type-simple","25":"boutique_image_style_2"},"brands":[{"id":146,"name":"INTENSE","slug":"intense"},{"id":805,"name":"INTENSE ANAL TOYS","slug":"intenseintense-toysintense-anal-toys"},{"id":465,"name":"INTENSE TOYS","slug":"intenseintense-toys"}],"_links":{"self":[{"href":"https:\/\/www.pussycatmerida.com\/eshop\/wp-json\/wp\/v2\/product\/22312","targetHints":{"allow":["GET"]}}],"collection":[{"href":"https:\/\/www.pussycatmerida.com\/eshop\/wp-json\/wp\/v2\/product"}],"about":[{"href":"https:\/\/www.pussycatmerida.com\/eshop\/wp-json\/wp\/v2\/types\/product"}],"wp:featuredmedia":[{"embeddable":true,"href":"https:\/\/www.pussycatmerida.com\/eshop\/wp-json\/wp\/v2\/media\/48415"}],"wp:attachment":[{"href":"https:\/\/www.pussycatmerida.com\/eshop\/wp-json\/wp\/v2\/media?parent=22312"}],"wp:term":[{"taxonomy":"pwb-brand","embeddable":true,"href":"https:\/\/www.pussycatmerida.com\/eshop\/wp-json\/wp\/v2\/pwb-brand?post=22312"},{"taxonomy":"product_brand","embeddable":true,"href":"https:\/\/www.pussycatmerida.com\/eshop\/wp-json\/wp\/v2\/product_brand?post=22312"},{"taxonomy":"product_cat","embeddable":true,"href":"https:\/\/www.pussycatmerida.com\/eshop\/wp-json\/wp\/v2\/product_cat?post=22312"},{"taxonomy":"product_tag","embeddable":true,"href":"https:\/\/www.pussycatmerida.com\/eshop\/wp-json\/wp\/v2\/product_tag?post=22312"}],"curies":[{"name":"wp","href":"https:\/\/api.w.org\/{rel}","templated":true}]}}