{"id":22329,"date":"2021-02-26T14:42:54","date_gmt":"2021-02-26T13:42:54","guid":{"rendered":"https:\/\/www.pussycatmerida.com\/eshop\/product\/intense-sally-20-speeds-silicone-lila\/"},"modified":"2026-03-11T12:38:02","modified_gmt":"2026-03-11T11:38:02","slug":"intense-sally-20-speeds-silicone-lila","status":"publish","type":"product","link":"https:\/\/www.pussycatmerida.com\/eshop\/producto\/intense-sally-20-speeds-silicone-lila\/","title":{"rendered":"INTENSE SALLY 20 SPEEDS SILICONE LILA"},"content":{"rendered":"<p>Intensifica tu placer con Intese toys, un concepto clasico que no todos consiguen hacer. Busca y encuentra, esa es la filisofia de los juguetes Intense porque gracias a la silicona suave y sedosa de grado medico , su forma elegante y discreta, busca tu punto exacto en cualquier lugar, es un vibrador imprescindible en la colecci\u00f3n de una mujer actual en busca del placer desestresante con un sextoy de confianza que proporciona sensaciones en cuaquiler lugar silenciosamente. Adem\u00e1s su punta curvada es perfecta para el punto G junta a sus ondas oscilantes que a\u00f1aden sensaci\u00f3n vaginal.<\/p>\n<ul>\n<li>Silicona de grado medico<\/li>\n<li>Flexible<\/li>\n<li>Libre de phalatos<\/li>\n<li>Medidas; 3.4 x 16 cm<\/li>\n<li>Ergon\u00f3mico<\/li>\n<li>Resistente al agua.<\/li>\n<li>20 modos de vibraci\u00f3n<\/li>\n<li>Funciona con 1 pila AA no incluida.<\/li>\n<li>\n<p>Se recomienda usar lubricante a base de agua waterfeel y limpiar tras su uso con el toycleaner waterfeeel.<\/p>\n<\/li>\n<\/ul>\n","protected":false},"excerpt":{"rendered":"<p>INTENSE SALLY 20 SPEEDS SILICONE PURPLE<\/p>\n","protected":false},"featured_media":48478,"template":"","meta":[],"pwb-brand":[146,518,465],"product_brand":[],"product_cat":[288,274,294,322,299,904],"product_tag":[],"class_list":{"0":"post-22329","1":"product","2":"type-product","3":"status-publish","4":"has-post-thumbnail","6":"pwb-brand-intense","7":"pwb-brand-intenseintense-toysintense-fun","8":"pwb-brand-intenseintense-toys","9":"product_cat-juguetes-sexuales-xxxestimuladores","10":"product_cat-juguetes-sexuales-xxx","11":"product_cat-juguetes-sexuales-xxxmasturbadores-para-ellas","12":"product_cat-seccion-tuppersex","13":"product_cat-juguetes-sexuales-xxxvibradores","14":"product_cat-vibradores-clasicos","15":"post_count_is_0","16":"boutique_post_style_4","18":"first","19":"instock","20":"taxable","21":"shipping-taxable","22":"purchasable","23":"product-type-simple","24":"boutique_image_style_2"},"brands":[{"id":146,"name":"INTENSE","slug":"intense"},{"id":518,"name":"INTENSE FUN","slug":"intenseintense-toysintense-fun"},{"id":465,"name":"INTENSE TOYS","slug":"intenseintense-toys"}],"_links":{"self":[{"href":"https:\/\/www.pussycatmerida.com\/eshop\/wp-json\/wp\/v2\/product\/22329","targetHints":{"allow":["GET"]}}],"collection":[{"href":"https:\/\/www.pussycatmerida.com\/eshop\/wp-json\/wp\/v2\/product"}],"about":[{"href":"https:\/\/www.pussycatmerida.com\/eshop\/wp-json\/wp\/v2\/types\/product"}],"wp:featuredmedia":[{"embeddable":true,"href":"https:\/\/www.pussycatmerida.com\/eshop\/wp-json\/wp\/v2\/media\/48478"}],"wp:attachment":[{"href":"https:\/\/www.pussycatmerida.com\/eshop\/wp-json\/wp\/v2\/media?parent=22329"}],"wp:term":[{"taxonomy":"pwb-brand","embeddable":true,"href":"https:\/\/www.pussycatmerida.com\/eshop\/wp-json\/wp\/v2\/pwb-brand?post=22329"},{"taxonomy":"product_brand","embeddable":true,"href":"https:\/\/www.pussycatmerida.com\/eshop\/wp-json\/wp\/v2\/product_brand?post=22329"},{"taxonomy":"product_cat","embeddable":true,"href":"https:\/\/www.pussycatmerida.com\/eshop\/wp-json\/wp\/v2\/product_cat?post=22329"},{"taxonomy":"product_tag","embeddable":true,"href":"https:\/\/www.pussycatmerida.com\/eshop\/wp-json\/wp\/v2\/product_tag?post=22329"}],"curies":[{"name":"wp","href":"https:\/\/api.w.org\/{rel}","templated":true}]}}