{"id":22378,"date":"2021-03-09T10:57:26","date_gmt":"2021-03-09T08:57:26","guid":{"rendered":"https:\/\/www.pussycatmerida.com\/eshop\/producto\/control-2-1-massage-pleasure-thai-passion-200ml\/"},"modified":"2026-03-11T12:26:27","modified_gmt":"2026-03-11T11:26:27","slug":"control-2-1-massage-pleasure-thai-passion-200ml","status":"publish","type":"product","link":"https:\/\/www.pussycatmerida.com\/eshop\/producto\/control-2-1-massage-pleasure-thai-passion-200ml\/","title":{"rendered":"CONTROL 2-1 MASSAGE   PLEASURE THAI PASSION 200ML"},"content":{"rendered":"<p>Descubre los nuevos geles de masaje hidratante para momentos de sensualidad y diversi\u00f3n .<\/p>\n<p>Gel 2-1 Estimulante y sensuales! Los geles de masaje Control son aptos para cualquier parte del cuerpo sea a trav\u00e9s de un masaje o bien estimulando las zonas er\u00f3genas antes de la penetraci\u00f3n.<\/p>\n<ul>\n<li>Compatible con el preservativo.<\/li>\n<li>Supersensorial<\/li>\n<li>Libre de parabenos<\/li>\n<li>Exotic<\/li>\n<li>No es graso<\/li>\n<li>No Mancha<\/li>\n<\/ul>\n<p>Envase 200 ml<\/p>\n","protected":false},"excerpt":{"rendered":"<p>CONTROL 2-1 MASSAGE   PLEASURE THAI PASSION 200ML<\/p>\n","protected":false},"featured_media":46445,"template":"","meta":[],"pwb-brand":[50],"product_brand":[],"product_cat":[349,342,337,353,356],"product_tag":[],"class_list":{"0":"post-22378","1":"product","2":"type-product","3":"status-publish","4":"has-post-thumbnail","6":"pwb-brand-control","7":"product_cat-aceites-y-lubricantesaceites-y-cremas-de-masajeaceites-esenciales","8":"product_cat-aceites-y-lubricantesaceites-y-cremas-de-masaje","9":"product_cat-aceites-y-lubricantes","10":"product_cat-aceites-y-lubricantesaceites-y-cremas-de-masajeclima-erotico","11":"product_cat-aceites-y-lubricantesaceites-y-cremas-de-masajeefecto-afrodisiaco","12":"post_count_is_0","13":"boutique_post_style_4","15":"first","16":"instock","17":"taxable","18":"shipping-taxable","19":"purchasable","20":"product-type-simple","21":"boutique_image_style_2"},"brands":[{"id":50,"name":"CONTROL","slug":"control"}],"_links":{"self":[{"href":"https:\/\/www.pussycatmerida.com\/eshop\/wp-json\/wp\/v2\/product\/22378","targetHints":{"allow":["GET"]}}],"collection":[{"href":"https:\/\/www.pussycatmerida.com\/eshop\/wp-json\/wp\/v2\/product"}],"about":[{"href":"https:\/\/www.pussycatmerida.com\/eshop\/wp-json\/wp\/v2\/types\/product"}],"wp:featuredmedia":[{"embeddable":true,"href":"https:\/\/www.pussycatmerida.com\/eshop\/wp-json\/wp\/v2\/media\/46445"}],"wp:attachment":[{"href":"https:\/\/www.pussycatmerida.com\/eshop\/wp-json\/wp\/v2\/media?parent=22378"}],"wp:term":[{"taxonomy":"pwb-brand","embeddable":true,"href":"https:\/\/www.pussycatmerida.com\/eshop\/wp-json\/wp\/v2\/pwb-brand?post=22378"},{"taxonomy":"product_brand","embeddable":true,"href":"https:\/\/www.pussycatmerida.com\/eshop\/wp-json\/wp\/v2\/product_brand?post=22378"},{"taxonomy":"product_cat","embeddable":true,"href":"https:\/\/www.pussycatmerida.com\/eshop\/wp-json\/wp\/v2\/product_cat?post=22378"},{"taxonomy":"product_tag","embeddable":true,"href":"https:\/\/www.pussycatmerida.com\/eshop\/wp-json\/wp\/v2\/product_tag?post=22378"}],"curies":[{"name":"wp","href":"https:\/\/api.w.org\/{rel}","templated":true}]}}