{"id":22551,"date":"2021-02-26T14:07:35","date_gmt":"2021-02-26T12:07:35","guid":{"rendered":"https:\/\/www.pussycatmerida.com\/eshop\/product\/kamasutra-aceite-comestible-the-original-22-ml\/"},"modified":"2026-03-11T12:26:27","modified_gmt":"2026-03-11T11:26:27","slug":"kamasutra-aceite-comestible-the-original-22-ml","status":"publish","type":"product","link":"https:\/\/www.pussycatmerida.com\/eshop\/producto\/kamasutra-aceite-comestible-the-original-22-ml\/","title":{"rendered":"KAMASUTRA  ACEITE COMESTIBLE &#8211; THE ORIGINAL 22 ML"},"content":{"rendered":"<p>El Oil of Love de Kamasutra har\u00e1 que vivas los juegos preliminares de otra manera. Con base agua y con un sabor intenso, podr\u00e1s usarlo para jugar con tu pareja, tan solo tienes que aplicarlo con su dispensador en las zonas er\u00f3genas. Aplica un poco sobre labios, orejas, cuello, mu\u00f1ecas , muslos o los pechos y al soplar, tu pareja notar\u00e1 una agradable sensaci\u00f3n de calor, por \u00faltimo, besa la zona y disfruta del placer que proporcionar\u00e1s a tu pareja a la vez que disfrutas de un intenso sabor.<\/p>\n<p>Caracter\u00edsticas.\u00a0<\/p>\n<ul>\n<li>Sabor: The Original (Mezcla de vainilla, chocolate caliente y canela picante).\u00a0<\/li>\n<li>No se trata de un aceite de masaje o lubricante sino de un \u00abaceite\u00a0kissable\u00bb<\/li>\n<li>Especial preliminares<\/li>\n<li>Sensaci\u00f3n de calor sobre la piel<\/li>\n<li>No mancha<\/li>\n<li>Aplicador incluido<\/li>\n<li>Cantidad: 22 ml\u00a0<\/li>\n<\/ul>\n<p>Ingredientes: Glicerina, propilenglicol, agua, aroma, sacarina, Red 40 (CI16035), yellow 5 (CI 19140)<\/p>\n<p>\u00a1Aplica, sopla y besa!\u00a0<\/p>\n","protected":false},"excerpt":{"rendered":"<p>KAMASUTRA OIL OF LOVE ACEITE COMESTIBLE ESPECIAL PRELIMINARES &#8211; THE ORIGINAL  22 ML<\/p>\n","protected":false},"featured_media":46106,"template":"","meta":[],"pwb-brand":[593,695],"product_brand":[],"product_cat":[350,342,337,353,351],"product_tag":[],"class_list":{"0":"post-22551","1":"product","2":"type-product","3":"status-publish","4":"has-post-thumbnail","6":"pwb-brand-kamasutra","7":"pwb-brand-kamasutrakamasutra-cosmetics","8":"product_cat-aceites-y-lubricantesaceites-y-cremas-de-masaje100-comestibles","9":"product_cat-aceites-y-lubricantesaceites-y-cremas-de-masaje","10":"product_cat-aceites-y-lubricantes","11":"product_cat-aceites-y-lubricantesaceites-y-cremas-de-masajeclima-erotico","12":"product_cat-aceites-y-lubricantesaceites-y-cremas-de-masajecon-efecto-calor","13":"post_count_is_0","14":"boutique_post_style_4","16":"first","17":"instock","18":"taxable","19":"shipping-taxable","20":"purchasable","21":"product-type-simple","22":"boutique_image_style_2"},"brands":[{"id":593,"name":"KAMASUTRA","slug":"kamasutra"},{"id":695,"name":"KAMASUTRA COSMETICS","slug":"kamasutrakamasutra-cosmetics"}],"_links":{"self":[{"href":"https:\/\/www.pussycatmerida.com\/eshop\/wp-json\/wp\/v2\/product\/22551","targetHints":{"allow":["GET"]}}],"collection":[{"href":"https:\/\/www.pussycatmerida.com\/eshop\/wp-json\/wp\/v2\/product"}],"about":[{"href":"https:\/\/www.pussycatmerida.com\/eshop\/wp-json\/wp\/v2\/types\/product"}],"wp:featuredmedia":[{"embeddable":true,"href":"https:\/\/www.pussycatmerida.com\/eshop\/wp-json\/wp\/v2\/media\/46106"}],"wp:attachment":[{"href":"https:\/\/www.pussycatmerida.com\/eshop\/wp-json\/wp\/v2\/media?parent=22551"}],"wp:term":[{"taxonomy":"pwb-brand","embeddable":true,"href":"https:\/\/www.pussycatmerida.com\/eshop\/wp-json\/wp\/v2\/pwb-brand?post=22551"},{"taxonomy":"product_brand","embeddable":true,"href":"https:\/\/www.pussycatmerida.com\/eshop\/wp-json\/wp\/v2\/product_brand?post=22551"},{"taxonomy":"product_cat","embeddable":true,"href":"https:\/\/www.pussycatmerida.com\/eshop\/wp-json\/wp\/v2\/product_cat?post=22551"},{"taxonomy":"product_tag","embeddable":true,"href":"https:\/\/www.pussycatmerida.com\/eshop\/wp-json\/wp\/v2\/product_tag?post=22551"}],"curies":[{"name":"wp","href":"https:\/\/api.w.org\/{rel}","templated":true}]}}