{"id":2284,"date":"2021-02-26T15:01:59","date_gmt":"2021-02-26T13:01:59","guid":{"rendered":"https:\/\/www.pussycatmerida.com\/eshop\/product\/fetish-fantasy-kit-amantes-de-la-fantasia\/"},"modified":"2026-03-11T12:26:40","modified_gmt":"2026-03-11T11:26:40","slug":"fetish-fantasy-kit-amantes-de-la-fantasia","status":"publish","type":"product","link":"https:\/\/www.pussycatmerida.com\/eshop\/producto\/fetish-fantasy-kit-amantes-de-la-fantasia\/","title":{"rendered":"FETISH FANTASY KIT AMANTES DE LA FANTASIA"},"content":{"rendered":"<p>Es un kit para bondage de la colecci\u00f3n FETISH FANTASY SERIES.<\/p>\n<p>Explore cada lado oscuro de su pareja con este kit de fantas\u00eda.<\/p>\n<p>El Kit incluye un l\u00e1tigo de cuero, esposas met\u00e1licas con llaves, y una m\u00e1scara del amor satinada.<\/p>\n<ul>\n<li>100% Ajustable<\/li>\n<\/ul>\n<p style=\"text-align: center;\"><iframe loading=\"lazy\" allowfullscreen=\"\" frameborder=\"0\" height=\"400\" mozallowfullscreen=\"\" src=\"https:\/\/player.vimeo.com\/video\/160619564\" webkitallowfullscreen=\"\" width=\"700\"><\/iframe><\/p>\n","protected":false},"excerpt":{"rendered":"<p>FETISH FANTASY LOVERS FANTASY KIT<\/p>\n","protected":false},"featured_media":49844,"template":"","meta":[],"pwb-brand":[485,476],"product_brand":[],"product_cat":[282,274,290],"product_tag":[],"class_list":{"0":"post-2284","1":"product","2":"type-product","3":"status-publish","4":"has-post-thumbnail","6":"pwb-brand-pipedreams-fetish-fantasy-series","7":"pwb-brand-pipedreams","8":"product_cat-juguetes-sexuales-xxxfetish-bondage","9":"product_cat-juguetes-sexuales-xxx","10":"product_cat-juguetes-sexuales-xxxkits-juguetes-sexuales","11":"post_count_is_0","12":"boutique_post_style_4","14":"first","15":"instock","16":"taxable","17":"shipping-taxable","18":"purchasable","19":"product-type-simple","20":"boutique_image_style_2"},"brands":[{"id":485,"name":"FETISH FANTASY SERIES","slug":"pipedreams-fetish-fantasy-series"},{"id":476,"name":"PIPEDREAMS","slug":"pipedreams"}],"_links":{"self":[{"href":"https:\/\/www.pussycatmerida.com\/eshop\/wp-json\/wp\/v2\/product\/2284","targetHints":{"allow":["GET"]}}],"collection":[{"href":"https:\/\/www.pussycatmerida.com\/eshop\/wp-json\/wp\/v2\/product"}],"about":[{"href":"https:\/\/www.pussycatmerida.com\/eshop\/wp-json\/wp\/v2\/types\/product"}],"wp:featuredmedia":[{"embeddable":true,"href":"https:\/\/www.pussycatmerida.com\/eshop\/wp-json\/wp\/v2\/media\/49844"}],"wp:attachment":[{"href":"https:\/\/www.pussycatmerida.com\/eshop\/wp-json\/wp\/v2\/media?parent=2284"}],"wp:term":[{"taxonomy":"pwb-brand","embeddable":true,"href":"https:\/\/www.pussycatmerida.com\/eshop\/wp-json\/wp\/v2\/pwb-brand?post=2284"},{"taxonomy":"product_brand","embeddable":true,"href":"https:\/\/www.pussycatmerida.com\/eshop\/wp-json\/wp\/v2\/product_brand?post=2284"},{"taxonomy":"product_cat","embeddable":true,"href":"https:\/\/www.pussycatmerida.com\/eshop\/wp-json\/wp\/v2\/product_cat?post=2284"},{"taxonomy":"product_tag","embeddable":true,"href":"https:\/\/www.pussycatmerida.com\/eshop\/wp-json\/wp\/v2\/product_tag?post=2284"}],"curies":[{"name":"wp","href":"https:\/\/api.w.org\/{rel}","templated":true}]}}