{"id":2285,"date":"2021-02-26T15:02:19","date_gmt":"2021-02-26T13:02:19","guid":{"rendered":"https:\/\/www.pussycatmerida.com\/eshop\/product\/fetish-fantasy-mascara-satinada-negra\/"},"modified":"2026-03-11T12:39:30","modified_gmt":"2026-03-11T11:39:30","slug":"fetish-fantasy-mascara-satinada-negra","status":"publish","type":"product","link":"https:\/\/www.pussycatmerida.com\/eshop\/producto\/fetish-fantasy-mascara-satinada-negra\/","title":{"rendered":"FETISH FANTASY MASCARA SATINADA NEGRA"},"content":{"rendered":"<p>Crea una emocionante excitaci\u00f3n sexual con esta m\u00e1scara del amor satinada de Fetish Fantasy.<\/p>\n<p>Pru\u00e9bala en tu amante o util\u00edzala como una mascara de noche para ti.<\/p>\n<p>Esta mascarilla de alta calidad permanece en su lugar con una cinta el\u00e1stica. Intensificar\u00e1 sus sentidos y te conducir\u00e1 a sesiones extraordinarias de amor para ti y tu pareja.<\/p>\n<p>Vive las nuevas experiencias!!<\/p>\n<p style=\"text-align: center;\"><embed allowfullscreen=\"true\" allowscriptaccess=\"always\" flashvars=\"controlbar=bottomnetstreambasepath=http%3A%2F%2Fwww.pipedreamproducts.com%2Ffile=http%3A%2F%2Fwww.pipedreamproducts.com%2Fvideos%2Fpd3903-11.m4vautostart=true\" height=\"304\" src=\"http:\/\/www.pipedreamproducts.com\/jwplayer\/player.swf\" width=\"500\"><\/embed><\/p>\n","protected":false},"excerpt":{"rendered":"<p>FETISH FANTASY SATIN LOVE MASK WHITE.<\/p>\n","protected":false},"featured_media":49891,"template":"","meta":[],"pwb-brand":[485,476],"product_brand":[],"product_cat":[282,274,389],"product_tag":[],"class_list":{"0":"post-2285","1":"product","2":"type-product","3":"status-publish","4":"has-post-thumbnail","6":"pwb-brand-pipedreams-fetish-fantasy-series","7":"pwb-brand-pipedreams","8":"product_cat-juguetes-sexuales-xxxfetish-bondage","9":"product_cat-juguetes-sexuales-xxx","10":"product_cat-juguetes-sexuales-xxxmascaras-y-esposas","11":"post_count_is_0","12":"boutique_post_style_4","14":"first","15":"instock","16":"taxable","17":"shipping-taxable","18":"purchasable","19":"product-type-simple","20":"boutique_image_style_2"},"brands":[{"id":485,"name":"FETISH FANTASY SERIES","slug":"pipedreams-fetish-fantasy-series"},{"id":476,"name":"PIPEDREAMS","slug":"pipedreams"}],"_links":{"self":[{"href":"https:\/\/www.pussycatmerida.com\/eshop\/wp-json\/wp\/v2\/product\/2285","targetHints":{"allow":["GET"]}}],"collection":[{"href":"https:\/\/www.pussycatmerida.com\/eshop\/wp-json\/wp\/v2\/product"}],"about":[{"href":"https:\/\/www.pussycatmerida.com\/eshop\/wp-json\/wp\/v2\/types\/product"}],"wp:featuredmedia":[{"embeddable":true,"href":"https:\/\/www.pussycatmerida.com\/eshop\/wp-json\/wp\/v2\/media\/49891"}],"wp:attachment":[{"href":"https:\/\/www.pussycatmerida.com\/eshop\/wp-json\/wp\/v2\/media?parent=2285"}],"wp:term":[{"taxonomy":"pwb-brand","embeddable":true,"href":"https:\/\/www.pussycatmerida.com\/eshop\/wp-json\/wp\/v2\/pwb-brand?post=2285"},{"taxonomy":"product_brand","embeddable":true,"href":"https:\/\/www.pussycatmerida.com\/eshop\/wp-json\/wp\/v2\/product_brand?post=2285"},{"taxonomy":"product_cat","embeddable":true,"href":"https:\/\/www.pussycatmerida.com\/eshop\/wp-json\/wp\/v2\/product_cat?post=2285"},{"taxonomy":"product_tag","embeddable":true,"href":"https:\/\/www.pussycatmerida.com\/eshop\/wp-json\/wp\/v2\/product_tag?post=2285"}],"curies":[{"name":"wp","href":"https:\/\/api.w.org\/{rel}","templated":true}]}}