{"id":23108,"date":"2021-02-26T14:31:57","date_gmt":"2021-02-26T12:31:57","guid":{"rendered":"https:\/\/www.pussycatmerida.com\/eshop\/product\/lelo-hex-condoms-respect-xl-12-pack\/"},"modified":"2026-03-11T12:40:39","modified_gmt":"2026-03-11T11:40:39","slug":"lelo-hex-condoms-respect-xl-12-pack","status":"publish","type":"product","link":"https:\/\/www.pussycatmerida.com\/eshop\/producto\/lelo-hex-condoms-respect-xl-12-pack\/","title":{"rendered":"LELO HEX CONDOMS RESPECT XL 12 PACK"},"content":{"rendered":"<p>Por petici\u00f3n popular, llegan los condones HEX Respect, la nueva gama de preservativos talla XL de LELO. Fabricados con el mismo material y tecnolog\u00eda que HEX Original, el mejor cond\u00f3n del mundo, HEX Respect va camino de convertirse en uno de los preservativos m\u00e1s vendidos.<\/p>\n<ul>\n<li>Condones de l\u00e1tex natural<\/li>\n<li>0.045 mm de grosor<\/li>\n<li>58 mm de ancho nominal<\/li>\n<li>Ligeramente lubricados<\/li>\n<li>HEX\u2122 Respect 36 Pack<\/li>\n<\/ul>\n<p>La talla grande ofrece m\u00e1s confort y mayor profundidad, si se requiere. Con 58 mm de ancho nominal y un 10% m\u00e1s largo que HEX Original, HEX Respect es uno de los condones m\u00e1s grandes del mercado.<\/p>\n<p>La red de hex\u00e1gonos interconectados combina finura y resistencia para una experiencia sensual total.<\/p>\n<ul>\n<li>10% m\u00e1s largo y m\u00e1s ancho que HEX Original.<\/li>\n<li>Estructura de l\u00e1tex redise\u00f1ada que combina finura y resistencia.<\/li>\n<li>Con celdas ultra finas que permiten transferir\u00a0 el calor corporal para mejorar las sensaciones.<\/li>\n<li>Con textura en el interior para reducir el deslizamiento y mejorar el agarre durante el coito.<\/li>\n<li>Ligeramente lubricados y olor a l\u00e1tex neutralizado.<\/li>\n<\/ul>\n<p>Con un exterior perfectamente alisado y su textura interior, la red hexagonal interna se constri\u00f1e y expande para ajustarse a la mayor\u00eda de las formas, de manera segura.<\/p>\n<p>Empaquetados y envueltos con clase, los condones HEX Respect XL est\u00e1n pensados para hombres con estilo: aquellos que respetan el sexo y buscan el placer de sus parejas<\/p>\n<ul>\n<li>F\u00e1cil de abrir, el envoltorio no se resbala.<\/li>\n<li>Ligeramente lubricado para mayor confort.<\/li>\n<li>Se desenrolla suavemente hacia abajo.<\/li>\n<\/ul>\n","protected":false},"excerpt":{"rendered":"<p>LELO HEX CONDOMS RESPECT XL 12 PACK<\/p>\n","protected":false},"featured_media":47354,"template":"","meta":[],"pwb-brand":[40],"product_brand":[],"product_cat":[367,374],"product_tag":[],"class_list":{"0":"post-23108","1":"product","2":"type-product","3":"status-publish","4":"has-post-thumbnail","6":"pwb-brand-lelo","7":"product_cat-preservativos","8":"product_cat-preservativospreservativos-tamano-xxl","9":"post_count_is_0","10":"boutique_post_style_4","12":"first","13":"instock","14":"taxable","15":"shipping-taxable","16":"purchasable","17":"product-type-simple","18":"boutique_image_style_2"},"brands":[{"id":40,"name":"LELO","slug":"lelo"}],"_links":{"self":[{"href":"https:\/\/www.pussycatmerida.com\/eshop\/wp-json\/wp\/v2\/product\/23108","targetHints":{"allow":["GET"]}}],"collection":[{"href":"https:\/\/www.pussycatmerida.com\/eshop\/wp-json\/wp\/v2\/product"}],"about":[{"href":"https:\/\/www.pussycatmerida.com\/eshop\/wp-json\/wp\/v2\/types\/product"}],"wp:featuredmedia":[{"embeddable":true,"href":"https:\/\/www.pussycatmerida.com\/eshop\/wp-json\/wp\/v2\/media\/47354"}],"wp:attachment":[{"href":"https:\/\/www.pussycatmerida.com\/eshop\/wp-json\/wp\/v2\/media?parent=23108"}],"wp:term":[{"taxonomy":"pwb-brand","embeddable":true,"href":"https:\/\/www.pussycatmerida.com\/eshop\/wp-json\/wp\/v2\/pwb-brand?post=23108"},{"taxonomy":"product_brand","embeddable":true,"href":"https:\/\/www.pussycatmerida.com\/eshop\/wp-json\/wp\/v2\/product_brand?post=23108"},{"taxonomy":"product_cat","embeddable":true,"href":"https:\/\/www.pussycatmerida.com\/eshop\/wp-json\/wp\/v2\/product_cat?post=23108"},{"taxonomy":"product_tag","embeddable":true,"href":"https:\/\/www.pussycatmerida.com\/eshop\/wp-json\/wp\/v2\/product_tag?post=23108"}],"curies":[{"name":"wp","href":"https:\/\/api.w.org\/{rel}","templated":true}]}}