{"id":23139,"date":"2021-02-26T14:24:44","date_gmt":"2021-02-26T12:24:44","guid":{"rendered":"https:\/\/www.pussycatmerida.com\/eshop\/product\/kamasutra-vela-de-masaje-mango-tropical-170-gr\/"},"modified":"2026-03-11T12:38:44","modified_gmt":"2026-03-11T11:38:44","slug":"kamasutra-vela-de-masaje-mango-tropical-170-gr","status":"publish","type":"product","link":"https:\/\/www.pussycatmerida.com\/eshop\/producto\/kamasutra-vela-de-masaje-mango-tropical-170-gr\/","title":{"rendered":"KAMASUTRA VELA DE MASAJE MANGO TROPICAL 170 GR"},"content":{"rendered":"<p>Combina la suavidad de un dulce masaje con un ambiente \u00edntimo y sensual. Esta vela de masaje Kamasutra encender\u00e1 tus sentidos con los aromas m\u00e1s sensuales y te deleitar\u00e1 adem\u00e1s con un c\u00e1lido aceite para masajear a tu pareja.<\/p>\n<p>Formulada con una mezcla exclusiva de exquisito\u00a0aceite de mango tropical.\u00a0<\/p>\n<p>Enciende la mecha y deja que arda durante veinte minutos, luego vierte la cera caliente usando la cuchara que incorpora para untar el cuerpo de tu pareja y sorpr\u00e9ndele con un er\u00f3tico masaje con una sensaci\u00f3n espectacular de calor sin llegar a quemar&#8230;Deja que tus manos hagan el resto!<\/p>\n<ul>\n<li>Fragancia mango tropical<\/li>\n<\/ul>\n<p>Contenido 170 gr. equivalente a 35 horas de combusti\u00f3n.<\/p>\n<p style=\"text-align: center;\"><img decoding=\"async\" alt=\"\" src=\"https:\/\/dreamlove.gesio.be\/UserFiles\/images\/kamasura.png\" style=\"width: 700px; height: 493px;\" \/><\/p>\n","protected":false},"excerpt":{"rendered":"<p>KAMASUTRA VELA DE MASAJE MANGO TROPICAL 170 GR<\/p>\n","protected":false},"featured_media":46631,"template":"","meta":[],"pwb-brand":[593,695],"product_brand":[],"product_cat":[342,337,357,896],"product_tag":[],"class_list":{"0":"post-23139","1":"product","2":"type-product","3":"status-publish","4":"has-post-thumbnail","6":"pwb-brand-kamasutra","7":"pwb-brand-kamasutrakamasutra-cosmetics","8":"product_cat-aceites-y-lubricantesaceites-y-cremas-de-masaje","9":"product_cat-aceites-y-lubricantes","10":"product_cat-aceites-y-lubricantesinciensos-velas-masaje","11":"product_cat-velas-de-masaje","12":"post_count_is_0","13":"boutique_post_style_4","15":"first","16":"instock","17":"taxable","18":"shipping-taxable","19":"purchasable","20":"product-type-simple","21":"boutique_image_style_2"},"brands":[{"id":593,"name":"KAMASUTRA","slug":"kamasutra"},{"id":695,"name":"KAMASUTRA COSMETICS","slug":"kamasutrakamasutra-cosmetics"}],"_links":{"self":[{"href":"https:\/\/www.pussycatmerida.com\/eshop\/wp-json\/wp\/v2\/product\/23139","targetHints":{"allow":["GET"]}}],"collection":[{"href":"https:\/\/www.pussycatmerida.com\/eshop\/wp-json\/wp\/v2\/product"}],"about":[{"href":"https:\/\/www.pussycatmerida.com\/eshop\/wp-json\/wp\/v2\/types\/product"}],"wp:featuredmedia":[{"embeddable":true,"href":"https:\/\/www.pussycatmerida.com\/eshop\/wp-json\/wp\/v2\/media\/46631"}],"wp:attachment":[{"href":"https:\/\/www.pussycatmerida.com\/eshop\/wp-json\/wp\/v2\/media?parent=23139"}],"wp:term":[{"taxonomy":"pwb-brand","embeddable":true,"href":"https:\/\/www.pussycatmerida.com\/eshop\/wp-json\/wp\/v2\/pwb-brand?post=23139"},{"taxonomy":"product_brand","embeddable":true,"href":"https:\/\/www.pussycatmerida.com\/eshop\/wp-json\/wp\/v2\/product_brand?post=23139"},{"taxonomy":"product_cat","embeddable":true,"href":"https:\/\/www.pussycatmerida.com\/eshop\/wp-json\/wp\/v2\/product_cat?post=23139"},{"taxonomy":"product_tag","embeddable":true,"href":"https:\/\/www.pussycatmerida.com\/eshop\/wp-json\/wp\/v2\/product_tag?post=23139"}],"curies":[{"name":"wp","href":"https:\/\/api.w.org\/{rel}","templated":true}]}}