{"id":23246,"date":"2021-03-01T11:48:29","date_gmt":"2021-03-01T09:48:29","guid":{"rendered":"https:\/\/www.pussycatmerida.com\/eshop\/product\/anal-fantasy-elite-collection-ass-gasm-pro-recargable\/"},"modified":"2026-03-11T12:27:35","modified_gmt":"2026-03-11T11:27:35","slug":"anal-fantasy-elite-collection-ass-gasm-pro-recargable","status":"publish","type":"product","link":"https:\/\/www.pussycatmerida.com\/eshop\/producto\/anal-fantasy-elite-collection-ass-gasm-pro-recargable\/","title":{"rendered":"ANAL FANTASY ELITE COLLECTION ASS-GASM PRO RECARGABLE"},"content":{"rendered":"<p>Cuando buscas avanzar al siguiente nivel en tus juegos anales, Anal Fantasy Elite Collection es la primera opci\u00f3n para un m\u00e1ximo placer. Fabricado con nuestra silicona Elite, el Ass-Gasm Pro es body safe, sin ftalatos y preparadas\u00a0para que puedas jugar duro. Usa lo \u00faltimo en tecnolog\u00eda, es\u00a0USB recargable, ergon\u00f3micamente dise\u00f1ado para una m\u00e1xima comodidad y satisfacci\u00f3n garantizadas. Perfecto para cualquier g\u00e9nero, esta colecci\u00f3n unisex viene preparada para ofrecerte resultado increiblemente explosivos.\u00a0<\/p>\n<ul>\n<li>Dobla tu placer &#8211; vers\u00e1til estimulador doble, ya que sirve como anillo y como masajeador prost\u00e1tico.\u00a0<\/li>\n<li>Ultra higienica silicona Elite. INcreiblemente suavem body safe, sin ftalatos y se adpata a la temperatura de tu cuerpo.\u00a0<\/li>\n<li>USB recargable<\/li>\n<li>Ergon\u00f3mico<\/li>\n<li>Longitud: 114 mm\u00a0<\/li>\n<li>Ancho: 30 mm\u00a0<\/li>\n<li>Longitud insertable:\u00a094 mm<\/li>\n<li>Di\u00e1metro interior:\u00a041 mm\u00a0<\/li>\n<li>Peso: 99.22 grams<\/li>\n<\/ul>\n<p>Nuestra estrella de ventas el Ass-Gasm, viene ahora en su versi\u00f3n mejorada y recargable. Disfruta de las eyaculaciones mas explosivas que hayas tenido jam\u00e1s. Est\u00e1 fabricado con nuestra suave silicona Elite. Este plug doble mejora y aumenta el rendimiento y el placer ya que con el anillo retrasar\u00e1s la eyaculaci\u00f3n y el plug estimular\u00e1 la prostata con lo que tendr\u00e1s increibles eyaculaciones.\u00a0<\/p>\n<p>La clave para los juegos anales es hacerlo despacito. Intentar realizar penetraciones anales antes de lo debido, puede que no sea placentero, as\u00ed que rel\u00e1jate y disfruta de la experiencia. Los juegos con los dedos, son perfectos para relajar la zona anal, as\u00ed que masajea el \u00e1rea antes. El ano y el recto, no tienen un\u00a0 sistema e lubricaci\u00f3n natural como la vagina, as\u00ed que usa una buena cantidad de lubricante anal para reducir la fricci\u00f3n y aumentar el placer.\u00a0<\/p>\n<ul>\n<li>Nuestra ultra higienica Silicona Elite no tiene\u00a0ftalatos, es hipoalerg\u00e9nica y super flexible. Se recomienda limpiar, despues de usar usando limpiador de juguetes y agua tibia.\u00a0<\/li>\n<li>Con el Ass- Gasm Pro, no tendr\u00e1s que preocuparte por las pilas nunca m\u00e1s. S\u00f3lo coloca el Plug de carga y disfrutrar\u00e1s de de 2 horas de diversi\u00f3n con solo una hora y media de carga.\u00a0<\/li>\n<li>10 funciones: POdr\u00e1s controlarlo todo con solo pulsar un bot\u00f3n.\u00a0<\/li>\n<\/ul>\n<p>Incluye:\u00a0<\/p>\n<ul>\n<li>Limpiador de juguetes<\/li>\n<li>Lubricante anal\u00a0<\/li>\n<li>Creama anal\u00a0<\/li>\n<li>1 guante\u00a0<\/li>\n<\/ul>\n<p>\u00a0<\/p>\n<p style=\"text-align: center;\"><iframe loading=\"lazy\" allowfullscreen=\"\" frameborder=\"0\" height=\"400\" src=\"https:\/\/player.vimeo.com\/video\/257006582\" width=\"700\"><\/iframe><\/p>\n","protected":false},"excerpt":{"rendered":"<p>ANAL FANTASY ELITE COLLECTION ASS-GASM PRO RECARGABLE<\/p>\n","protected":false},"featured_media":59822,"template":"","meta":[],"pwb-brand":[818,476],"product_brand":[],"product_cat":[280,387,274,431,306,300,307],"product_tag":[],"class_list":{"0":"post-23246","1":"product","2":"type-product","3":"status-publish","4":"has-post-thumbnail","6":"pwb-brand-pipedreams-anal-fantasy-elite-collection","7":"pwb-brand-pipedreams","8":"product_cat-juguetes-sexuales-xxxanal","9":"product_cat-juguetes-sexuales-xxxespecial-gays","10":"product_cat-juguetes-sexuales-xxx","11":"product_cat-juguetes-sexuales-xxxmasajeadores","12":"product_cat-juguetes-sexuales-xxxpara-el","13":"product_cat-juguetes-sexuales-xxxplugs-anales","14":"product_cat-juguetes-sexuales-xxxpunto-g","15":"post_count_is_0","16":"boutique_post_style_4","18":"first","19":"instock","20":"taxable","21":"shipping-taxable","22":"purchasable","23":"product-type-simple","24":"boutique_image_style_2"},"brands":[{"id":818,"name":"ANAL FANTASY ELITE COLLECTION","slug":"pipedreams-anal-fantasy-elite-collection"},{"id":476,"name":"PIPEDREAMS","slug":"pipedreams"}],"_links":{"self":[{"href":"https:\/\/www.pussycatmerida.com\/eshop\/wp-json\/wp\/v2\/product\/23246","targetHints":{"allow":["GET"]}}],"collection":[{"href":"https:\/\/www.pussycatmerida.com\/eshop\/wp-json\/wp\/v2\/product"}],"about":[{"href":"https:\/\/www.pussycatmerida.com\/eshop\/wp-json\/wp\/v2\/types\/product"}],"wp:featuredmedia":[{"embeddable":true,"href":"https:\/\/www.pussycatmerida.com\/eshop\/wp-json\/wp\/v2\/media\/59822"}],"wp:attachment":[{"href":"https:\/\/www.pussycatmerida.com\/eshop\/wp-json\/wp\/v2\/media?parent=23246"}],"wp:term":[{"taxonomy":"pwb-brand","embeddable":true,"href":"https:\/\/www.pussycatmerida.com\/eshop\/wp-json\/wp\/v2\/pwb-brand?post=23246"},{"taxonomy":"product_brand","embeddable":true,"href":"https:\/\/www.pussycatmerida.com\/eshop\/wp-json\/wp\/v2\/product_brand?post=23246"},{"taxonomy":"product_cat","embeddable":true,"href":"https:\/\/www.pussycatmerida.com\/eshop\/wp-json\/wp\/v2\/product_cat?post=23246"},{"taxonomy":"product_tag","embeddable":true,"href":"https:\/\/www.pussycatmerida.com\/eshop\/wp-json\/wp\/v2\/product_tag?post=23246"}],"curies":[{"name":"wp","href":"https:\/\/api.w.org\/{rel}","templated":true}]}}