{"id":23247,"date":"2021-02-26T15:42:58","date_gmt":"2021-02-26T13:42:58","guid":{"rendered":"https:\/\/www.pussycatmerida.com\/eshop\/product\/anal-fantasy-elite-collection-vibrador-anal-up-down-y-efecto-calor\/"},"modified":"2026-03-11T12:27:51","modified_gmt":"2026-03-11T11:27:51","slug":"anal-fantasy-elite-collection-vibrador-anal-up-down-y-efecto-calor","status":"publish","type":"product","link":"https:\/\/www.pussycatmerida.com\/eshop\/producto\/anal-fantasy-elite-collection-vibrador-anal-up-down-y-efecto-calor\/","title":{"rendered":"ANAL FANTASY ELITE COLLECTION VIBRADOR ANAL UP  DOWN Y EFECTO CALOR"},"content":{"rendered":"<p>Cuando buscas avanzar al siguiente nivel en tus juegos anales, Anal Fantasy Elite Collection es la primera opci\u00f3n para un m\u00e1ximo placer. Fabricado con nuestra silicona Elite, este vibrador anal es\u00a0body safe, sin ftalatos y est\u00e1 preparado\u00a0para que puedas jugar duro. Usa lo \u00faltimo en tecnolog\u00eda, es\u00a0USB recargable, ergon\u00f3micamente dise\u00f1ado para una m\u00e1xima comodidad y satisfacci\u00f3n garantizadas. Perfecto para cualquier g\u00e9nero, esta colecci\u00f3n unisex viene preparada para ofrecerte resultado increiblemente explosivos.\u00a0<\/p>\n<ul>\n<li>Con control remoto<\/li>\n<li>increiblemente potente.\u00a0<\/li>\n<li>Funci\u00f3n calor. Alcanza hasta los 40 \u00a0<\/li>\n<li>Funci\u00f3n batida\u00a0<\/li>\n<li>Con panel de control\u00a0<\/li>\n<li>Carcasa inclu\u00edda para que puedas guardarlo cuando no lo used.\u00a0<\/li>\n<li>Con ventosa para adherir a casi cualquier superficie plana\u00a0<\/li>\n<li>Longitud: 305 mm<\/li>\n<li>Ancho: 64 mm\u00a0<\/li>\n<li>Longitud insertable: 152 mm\u00a0<\/li>\n<li>Peso: 445.08 gr<\/li>\n<\/ul>\n<p>El vibrating Ass Thruster es el vibrador anal con batida inhalambrico m\u00e1s avanzado que se haya dise\u00f1ado nunca. Aparentemente cuando lo vez, parece que se trata de un altavoz Bluetooth, pero una vez que le quitas la tapa,ver\u00e1s un increible vibrador con ventosa, efecto calor y que adem\u00e1s tiene la funci\u00f3n batida. Con 7 modos de vibraci\u00f3n y 7 de de batida para elegir, las posibilidades son ilimitadas.<\/p>\n<p>El Ass Thruster incorpora una potente bala vibradora en la punta,\u00a0la funci\u00f3n batida est\u00e1 accionada por un potente motor japon\u00e9s recargable, y su funci\u00f3n calor, hace que alcance hasta los 40 grados con tan solo pulsar un bot\u00f3n. Con botones distintos para vibraci\u00f3n, batida y calor, tendr\u00e1s el control absoluto de la diversi\u00f3n. Su ventosa, adem\u00e1s pues quitarla por si quieres usarla con tus manos o por el contrario vivir una salvaje experiencia sin ellas, ya que se adherir\u00e1 fuertemente casi a cualquier superficie plana.\u00a0<\/p>\n<p>Adem\u00e1s es recargable y podr\u00e1s usarlo durante dos horas con tan solo hora y media de carga.\u00a0<\/p>\n<p>Se recomienda su limpieza despu\u00e9s de usar, con limpiador de juguetes y agua tibia. Se recomienda el uso de lubricante para una experiencia inigualable\u00a0<\/p>\n<p>\u00a0<\/p>\n<p style=\"text-align: center;\"><iframe loading=\"lazy\" allowfullscreen=\"\" frameborder=\"0\" height=\"400\" src=\"https:\/\/player.vimeo.com\/video\/257006866\" width=\"700\"><\/iframe><\/p>\n","protected":false},"excerpt":{"rendered":"<p>ANAL FANTASY ELITE COLLECTION VIBRATING ASS THRUSTER<\/p>\n","protected":false},"featured_media":53980,"template":"","meta":[],"pwb-brand":[818,476],"product_brand":[],"product_cat":[280,387,274,306,300,907,298],"product_tag":[],"class_list":{"0":"post-23247","1":"product","2":"type-product","3":"status-publish","4":"has-post-thumbnail","6":"pwb-brand-pipedreams-anal-fantasy-elite-collection","7":"pwb-brand-pipedreams","8":"product_cat-juguetes-sexuales-xxxanal","9":"product_cat-juguetes-sexuales-xxxespecial-gays","10":"product_cat-juguetes-sexuales-xxx","11":"product_cat-juguetes-sexuales-xxxpara-el","12":"product_cat-juguetes-sexuales-xxxplugs-anales","13":"product_cat-vibradores-anales","14":"product_cat-juguetes-sexuales-xxxvibradores-hi-tech","15":"post_count_is_0","16":"boutique_post_style_4","18":"first","19":"instock","20":"taxable","21":"shipping-taxable","22":"purchasable","23":"product-type-simple","24":"boutique_image_style_2"},"brands":[{"id":818,"name":"ANAL FANTASY ELITE COLLECTION","slug":"pipedreams-anal-fantasy-elite-collection"},{"id":476,"name":"PIPEDREAMS","slug":"pipedreams"}],"_links":{"self":[{"href":"https:\/\/www.pussycatmerida.com\/eshop\/wp-json\/wp\/v2\/product\/23247","targetHints":{"allow":["GET"]}}],"collection":[{"href":"https:\/\/www.pussycatmerida.com\/eshop\/wp-json\/wp\/v2\/product"}],"about":[{"href":"https:\/\/www.pussycatmerida.com\/eshop\/wp-json\/wp\/v2\/types\/product"}],"wp:featuredmedia":[{"embeddable":true,"href":"https:\/\/www.pussycatmerida.com\/eshop\/wp-json\/wp\/v2\/media\/53980"}],"wp:attachment":[{"href":"https:\/\/www.pussycatmerida.com\/eshop\/wp-json\/wp\/v2\/media?parent=23247"}],"wp:term":[{"taxonomy":"pwb-brand","embeddable":true,"href":"https:\/\/www.pussycatmerida.com\/eshop\/wp-json\/wp\/v2\/pwb-brand?post=23247"},{"taxonomy":"product_brand","embeddable":true,"href":"https:\/\/www.pussycatmerida.com\/eshop\/wp-json\/wp\/v2\/product_brand?post=23247"},{"taxonomy":"product_cat","embeddable":true,"href":"https:\/\/www.pussycatmerida.com\/eshop\/wp-json\/wp\/v2\/product_cat?post=23247"},{"taxonomy":"product_tag","embeddable":true,"href":"https:\/\/www.pussycatmerida.com\/eshop\/wp-json\/wp\/v2\/product_tag?post=23247"}],"curies":[{"name":"wp","href":"https:\/\/api.w.org\/{rel}","templated":true}]}}