{"id":23284,"date":"2021-02-26T15:44:33","date_gmt":"2021-02-26T13:44:33","guid":{"rendered":"https:\/\/www.pussycatmerida.com\/eshop\/product\/pdx-elite-masturbador-con-sonido-talk-dirty-rotobator\/"},"modified":"2026-03-11T12:40:49","modified_gmt":"2026-03-11T11:40:49","slug":"pdx-elite-masturbador-con-sonido-talk-dirty-rotobator","status":"publish","type":"product","link":"https:\/\/www.pussycatmerida.com\/eshop\/producto\/pdx-elite-masturbador-con-sonido-talk-dirty-rotobator\/","title":{"rendered":"PDX ELITE MASTURBADOR CON SONIDO TALK DIRTY ROTOBATOR"},"content":{"rendered":"<p>Experimenta verdadera innovaci\u00f3n en masturbaci\u00f3n. El Talk Dirty Rotobator de PDX ELITE viene para traerte lo \u00faltimo en masturbaci\u00f3n: increible textura, rotaci\u00f3n, tiene voz y todo en un compacto dise\u00f1o. Es todo lo que necesitas parauna masturbaci\u00f3n perfecta. Adem\u00e1s, si quieres disfrutarla de forma discreta, incorpora un jack para introducir auriculares y que disfrutes sin que nadie m\u00e1s lo oiga.<\/p>\n<p>El mecanismo de rotaci\u00f3n del Tlak dirty Rotobator est\u00e1 preparado para estimular las zonas mas sensibles de tu miembro. Su suave abertura se ajusta c\u00f3modamente y su manga es de TPR super suave con pliegues que ser\u00e1n puro placer a\u00fan mas, cuando presiones el bot\u00f3n.\u00a0<\/p>\n<p>Gracias a su tama\u00f1o de mano, es perfecto para viajar y para guardar discretamente.\u00a0<\/p>\n<p>Caracter\u00edsticas:\u00a0<\/p>\n<ul>\n<li>Funci\u00f3n rotaci\u00f3n, con 7 modos distintos\u00a0<\/li>\n<li>Sensual sonido de gemidos y hablando.\u00a0<\/li>\n<li>USB recargable. Cable incluido\u00a0<\/li>\n<li>Jack para auriculares<\/li>\n<li>Ergon\u00f3mico y f\u00e1cil agarre\u00a0<\/li>\n<li>3 Botones<\/li>\n<li>Boquilla real\u00edstica<\/li>\n<\/ul>\n<p>Medidas:\u00a0<\/p>\n<ul>\n<li>Longitud: 9.5 in. &#8211; ( 241 mm )<\/li>\n<li>Ancho: 3.25 in. &#8211; ( 83 mm )<\/li>\n<li>Longitud insertable: 4 in. &#8211; ( 102 mm )<\/li>\n<li>Pesot: 1 lb. 1.4 oz. ( 493.27 grams )<\/li>\n<\/ul>\n","protected":false},"excerpt":{"rendered":"<p>PDX ELITE TALK DIRTY ROTOBATOR<\/p>\n","protected":false},"featured_media":54152,"template":"","meta":[],"pwb-brand":[527,476],"product_brand":[],"product_cat":[274,293,306,305],"product_tag":[],"class_list":{"0":"post-23284","1":"product","2":"type-product","3":"status-publish","4":"has-post-thumbnail","6":"pwb-brand-pipedreams-pdx-elite","7":"pwb-brand-pipedreams","8":"product_cat-juguetes-sexuales-xxx","9":"product_cat-juguetes-sexuales-xxxmasturbadores-para-ellos","10":"product_cat-juguetes-sexuales-xxxpara-el","11":"product_cat-juguetes-sexuales-xxxvaginas-y-anos","12":"post_count_is_0","13":"boutique_post_style_4","15":"first","16":"instock","17":"taxable","18":"shipping-taxable","19":"purchasable","20":"product-type-simple","21":"boutique_image_style_2"},"brands":[{"id":527,"name":"PDX ELITE","slug":"pipedreams-pdx-elite"},{"id":476,"name":"PIPEDREAMS","slug":"pipedreams"}],"_links":{"self":[{"href":"https:\/\/www.pussycatmerida.com\/eshop\/wp-json\/wp\/v2\/product\/23284","targetHints":{"allow":["GET"]}}],"collection":[{"href":"https:\/\/www.pussycatmerida.com\/eshop\/wp-json\/wp\/v2\/product"}],"about":[{"href":"https:\/\/www.pussycatmerida.com\/eshop\/wp-json\/wp\/v2\/types\/product"}],"wp:featuredmedia":[{"embeddable":true,"href":"https:\/\/www.pussycatmerida.com\/eshop\/wp-json\/wp\/v2\/media\/54152"}],"wp:attachment":[{"href":"https:\/\/www.pussycatmerida.com\/eshop\/wp-json\/wp\/v2\/media?parent=23284"}],"wp:term":[{"taxonomy":"pwb-brand","embeddable":true,"href":"https:\/\/www.pussycatmerida.com\/eshop\/wp-json\/wp\/v2\/pwb-brand?post=23284"},{"taxonomy":"product_brand","embeddable":true,"href":"https:\/\/www.pussycatmerida.com\/eshop\/wp-json\/wp\/v2\/product_brand?post=23284"},{"taxonomy":"product_cat","embeddable":true,"href":"https:\/\/www.pussycatmerida.com\/eshop\/wp-json\/wp\/v2\/product_cat?post=23284"},{"taxonomy":"product_tag","embeddable":true,"href":"https:\/\/www.pussycatmerida.com\/eshop\/wp-json\/wp\/v2\/product_tag?post=23284"}],"curies":[{"name":"wp","href":"https:\/\/api.w.org\/{rel}","templated":true}]}}