{"id":23360,"date":"2021-03-01T10:32:07","date_gmt":"2021-03-01T08:32:07","guid":{"rendered":"https:\/\/www.pussycatmerida.com\/eshop\/product\/secretplay-plumero-marabu-secret-play-rojo\/"},"modified":"2026-03-11T12:38:59","modified_gmt":"2026-03-11T11:38:59","slug":"secretplay-plumero-marabu-secret-play-rojo","status":"publish","type":"product","link":"https:\/\/www.pussycatmerida.com\/eshop\/producto\/secretplay-plumero-marabu-secret-play-rojo\/","title":{"rendered":"SECRETPLAY PLUMERO MARABU SECRET PLAY ROJO"},"content":{"rendered":"<p>Deja que un cosquilleo recorra todo tu cuerpo con este delicado plumero de marab\u00fa rojo.<\/p>\n<p>Juega con tu amante y estimula cada rinc\u00f3n de su cuerpo con este delicado plumero.\u00a0<\/p>\n<p>La suavidad de las plumasde marab\u00fa sobre la piel te llevar\u00e1 a un mundo de sensaciones \u00fanicas.<\/p>\n<ul>\n<li>Plumero marab\u00fa.<\/li>\n<li>Color Rojo<\/li>\n<li>Hecho en Espa\u00f1a.<\/li>\n<li>Varilla resistente de 8 mm.de di\u00e1metro x 10 cm.\u00a0<\/li>\n<li>Dimensiones: 20 cm.<\/li>\n<\/ul>\n","protected":false},"excerpt":{"rendered":"<p>SECRETPLAY RED MARABOU DUSTER<\/p>\n","protected":false},"featured_media":56982,"template":"","meta":[],"pwb-brand":[498,499],"product_brand":[],"product_cat":[423,282,274,414],"product_tag":[],"class_list":{"0":"post-23360","1":"product","2":"type-product","3":"status-publish","4":"has-post-thumbnail","6":"pwb-brand-secretplay","7":"pwb-brand-secretplaysecretplay-100-fetish","8":"product_cat-juguetes-sexuales-xxxfetish-bondagebdsm-accesorios","9":"product_cat-juguetes-sexuales-xxxfetish-bondage","10":"product_cat-juguetes-sexuales-xxx","11":"product_cat-juguetes-sexuales-xxxfetish-bondageplumas","12":"post_count_is_0","13":"boutique_post_style_4","15":"first","16":"instock","17":"taxable","18":"shipping-taxable","19":"purchasable","20":"product-type-simple","21":"boutique_image_style_2"},"brands":[{"id":498,"name":"SECRETPLAY","slug":"secretplay"},{"id":499,"name":"SECRETPLAY 100% FETISH","slug":"secretplaysecretplay-100-fetish"}],"_links":{"self":[{"href":"https:\/\/www.pussycatmerida.com\/eshop\/wp-json\/wp\/v2\/product\/23360","targetHints":{"allow":["GET"]}}],"collection":[{"href":"https:\/\/www.pussycatmerida.com\/eshop\/wp-json\/wp\/v2\/product"}],"about":[{"href":"https:\/\/www.pussycatmerida.com\/eshop\/wp-json\/wp\/v2\/types\/product"}],"wp:featuredmedia":[{"embeddable":true,"href":"https:\/\/www.pussycatmerida.com\/eshop\/wp-json\/wp\/v2\/media\/56982"}],"wp:attachment":[{"href":"https:\/\/www.pussycatmerida.com\/eshop\/wp-json\/wp\/v2\/media?parent=23360"}],"wp:term":[{"taxonomy":"pwb-brand","embeddable":true,"href":"https:\/\/www.pussycatmerida.com\/eshop\/wp-json\/wp\/v2\/pwb-brand?post=23360"},{"taxonomy":"product_brand","embeddable":true,"href":"https:\/\/www.pussycatmerida.com\/eshop\/wp-json\/wp\/v2\/product_brand?post=23360"},{"taxonomy":"product_cat","embeddable":true,"href":"https:\/\/www.pussycatmerida.com\/eshop\/wp-json\/wp\/v2\/product_cat?post=23360"},{"taxonomy":"product_tag","embeddable":true,"href":"https:\/\/www.pussycatmerida.com\/eshop\/wp-json\/wp\/v2\/product_tag?post=23360"}],"curies":[{"name":"wp","href":"https:\/\/api.w.org\/{rel}","templated":true}]}}