{"id":23369,"date":"2021-02-26T15:19:05","date_gmt":"2021-02-26T13:19:05","guid":{"rendered":"https:\/\/www.pussycatmerida.com\/eshop\/product\/secretplay-venda-acolchada-negro\/"},"modified":"2026-03-11T12:39:29","modified_gmt":"2026-03-11T11:39:29","slug":"secretplay-venda-acolchada-negro","status":"publish","type":"product","link":"https:\/\/www.pussycatmerida.com\/eshop\/producto\/secretplay-venda-acolchada-negro\/","title":{"rendered":"SECRETPLAY VENDA ACOLCHADA NEGRO"},"content":{"rendered":"<p>Intensifica el placer con nuestro antifaz acolchado dejando sin visi\u00f3n a tu pareja durante el tiempo que quieras.<\/p>\n<p>Descubre con este antifaz si es cierto que priv\u00e1ndote del sentido de la vista se despiertan mucho m\u00e1s otros sentidos, llegando hasta l\u00edmites de placer que no hab\u00edas sentido nunca antes.<\/p>\n<p>No saber qu\u00e9 va a hacer la otra persona en cada momento dota de mayor excitaci\u00f3n a la situaci\u00f3n.<\/p>\n<ul>\n<li>Color Negro<\/li>\n<li>Composici\u00f3n: 100% Poli\u00e9ster.<\/li>\n<\/ul>\n<p>*La foto es orientativa, el antifaz puede llegar con una sola tira trasera en lugar de dos.<\/p>\n","protected":false},"excerpt":{"rendered":"<p>SECRETPLAY BLACK PADDED BLINDFOLD<\/p>\n","protected":false},"featured_media":51437,"template":"","meta":[],"pwb-brand":[498,499],"product_brand":[],"product_cat":[409,282,274,389],"product_tag":[],"class_list":{"0":"post-23369","1":"product","2":"type-product","3":"status-publish","4":"has-post-thumbnail","6":"pwb-brand-secretplay","7":"pwb-brand-secretplaysecretplay-100-fetish","8":"product_cat-juguetes-sexuales-xxxfetish-bondageantifaces-mascaras","9":"product_cat-juguetes-sexuales-xxxfetish-bondage","10":"product_cat-juguetes-sexuales-xxx","11":"product_cat-juguetes-sexuales-xxxmascaras-y-esposas","12":"post_count_is_0","13":"boutique_post_style_4","15":"first","16":"instock","17":"taxable","18":"shipping-taxable","19":"purchasable","20":"product-type-simple","21":"boutique_image_style_2"},"brands":[{"id":498,"name":"SECRETPLAY","slug":"secretplay"},{"id":499,"name":"SECRETPLAY 100% FETISH","slug":"secretplaysecretplay-100-fetish"}],"_links":{"self":[{"href":"https:\/\/www.pussycatmerida.com\/eshop\/wp-json\/wp\/v2\/product\/23369","targetHints":{"allow":["GET"]}}],"collection":[{"href":"https:\/\/www.pussycatmerida.com\/eshop\/wp-json\/wp\/v2\/product"}],"about":[{"href":"https:\/\/www.pussycatmerida.com\/eshop\/wp-json\/wp\/v2\/types\/product"}],"wp:featuredmedia":[{"embeddable":true,"href":"https:\/\/www.pussycatmerida.com\/eshop\/wp-json\/wp\/v2\/media\/51437"}],"wp:attachment":[{"href":"https:\/\/www.pussycatmerida.com\/eshop\/wp-json\/wp\/v2\/media?parent=23369"}],"wp:term":[{"taxonomy":"pwb-brand","embeddable":true,"href":"https:\/\/www.pussycatmerida.com\/eshop\/wp-json\/wp\/v2\/pwb-brand?post=23369"},{"taxonomy":"product_brand","embeddable":true,"href":"https:\/\/www.pussycatmerida.com\/eshop\/wp-json\/wp\/v2\/product_brand?post=23369"},{"taxonomy":"product_cat","embeddable":true,"href":"https:\/\/www.pussycatmerida.com\/eshop\/wp-json\/wp\/v2\/product_cat?post=23369"},{"taxonomy":"product_tag","embeddable":true,"href":"https:\/\/www.pussycatmerida.com\/eshop\/wp-json\/wp\/v2\/product_tag?post=23369"}],"curies":[{"name":"wp","href":"https:\/\/api.w.org\/{rel}","templated":true}]}}