{"id":23571,"date":"2021-03-09T18:36:51","date_gmt":"2021-03-09T16:36:51","guid":{"rendered":"https:\/\/www.pussycatmerida.com\/eshop\/producto\/bswish-bmine-classic-blush-pink\/"},"modified":"2026-03-11T12:38:02","modified_gmt":"2026-03-11T11:38:02","slug":"bswish-bmine-classic-blush-pink","status":"publish","type":"product","link":"https:\/\/www.pussycatmerida.com\/eshop\/producto\/bswish-bmine-classic-blush-pink\/","title":{"rendered":"BSWISH BMINE CLASSIC BLUSH PINK"},"content":{"rendered":"<p>El Bmine Classic es nuestro mas peque\u00f1o y lo hicimos,\u00a0y lo volvimos a hacer de nuevo. Disfruta de tanto placer en tan solo apenas 8 cm. Disfruta de pequ\u00f1\u00edn tan juguet\u00f3n en tus zonas de placer o en las de tu pareja.\u00a0<\/p>\n<p>Complace cada peque\u00f1o punto con especial atenci\u00f3n con nuestra bala sumergible. Su material no poroso\u00a0 y ABS har\u00e1 que te inmerses en un \u00e9xtasis total en casa, en el trabajo o donde te apetezca.\u00a0<\/p>\n<p>Caracter\u00edsticas:\u00a0<\/p>\n<ul>\n<li>100% bodysafe material<\/li>\n<li>5 funciones<\/li>\n<li>Sumergible<\/li>\n<li>Material ABS\u00a0y PU<\/li>\n<li>Longitud total: 8.7 cm<\/li>\n<li>Grosor: 2 cm<\/li>\n<li>Pilas: 1xLR1 1.5 V (inclu\u00eddas)<\/li>\n<li>Tiempo de uso: 3 horas\u00a0<\/li>\n<li>Color: Rosa.\u00a0<\/li>\n<\/ul>\n<p>\u00a0<\/p>\n","protected":false},"excerpt":{"rendered":"<p>BSWISH BMINE CLASSIC, BLUSH PINK<\/p>\n","protected":false},"featured_media":58563,"template":"","meta":[],"pwb-brand":[545],"product_brand":[],"product_cat":[429,288,274],"product_tag":[],"class_list":{"0":"post-23571","1":"product","2":"type-product","3":"status-publish","4":"has-post-thumbnail","6":"pwb-brand-b-swish","7":"product_cat-juguetes-sexuales-xxxbalas-vibradoras","8":"product_cat-juguetes-sexuales-xxxestimuladores","9":"product_cat-juguetes-sexuales-xxx","10":"post_count_is_0","11":"boutique_post_style_4","13":"first","14":"instock","15":"taxable","16":"shipping-taxable","17":"purchasable","18":"product-type-simple","19":"boutique_image_style_2"},"brands":[{"id":545,"name":"B SWISH","slug":"b-swish"}],"_links":{"self":[{"href":"https:\/\/www.pussycatmerida.com\/eshop\/wp-json\/wp\/v2\/product\/23571","targetHints":{"allow":["GET"]}}],"collection":[{"href":"https:\/\/www.pussycatmerida.com\/eshop\/wp-json\/wp\/v2\/product"}],"about":[{"href":"https:\/\/www.pussycatmerida.com\/eshop\/wp-json\/wp\/v2\/types\/product"}],"wp:featuredmedia":[{"embeddable":true,"href":"https:\/\/www.pussycatmerida.com\/eshop\/wp-json\/wp\/v2\/media\/58563"}],"wp:attachment":[{"href":"https:\/\/www.pussycatmerida.com\/eshop\/wp-json\/wp\/v2\/media?parent=23571"}],"wp:term":[{"taxonomy":"pwb-brand","embeddable":true,"href":"https:\/\/www.pussycatmerida.com\/eshop\/wp-json\/wp\/v2\/pwb-brand?post=23571"},{"taxonomy":"product_brand","embeddable":true,"href":"https:\/\/www.pussycatmerida.com\/eshop\/wp-json\/wp\/v2\/product_brand?post=23571"},{"taxonomy":"product_cat","embeddable":true,"href":"https:\/\/www.pussycatmerida.com\/eshop\/wp-json\/wp\/v2\/product_cat?post=23571"},{"taxonomy":"product_tag","embeddable":true,"href":"https:\/\/www.pussycatmerida.com\/eshop\/wp-json\/wp\/v2\/product_tag?post=23571"}],"curies":[{"name":"wp","href":"https:\/\/api.w.org\/{rel}","templated":true}]}}