{"id":23618,"date":"2021-02-25T14:41:27","date_gmt":"2021-02-25T12:41:27","guid":{"rendered":"https:\/\/www.pussycatmerida.com\/eshop\/product\/satisfyer-men-sleeve-manga-tornado-bliss\/"},"modified":"2026-03-11T12:27:15","modified_gmt":"2026-03-11T11:27:15","slug":"satisfyer-men-sleeve-manga-tornado-bliss","status":"publish","type":"product","link":"https:\/\/www.pussycatmerida.com\/eshop\/producto\/satisfyer-men-sleeve-manga-tornado-bliss\/","title":{"rendered":"SATISFYER MEN SLEEVE MANGA TORNADO BLISS"},"content":{"rendered":"<p>MANGA Tornado para Satisfyer Men:<\/p>\n<ul>\n<li>MANGA para Satisfyer Men<\/li>\n<li>Carcasa no incluida\u00a0<\/li>\n<li>Realista. Sin plastificantes<\/li>\n<li>Para el mejor orgasmo<\/li>\n<li>Disfruta de la variedad<\/li>\n<li>Placer en 360 grados<\/li>\n<\/ul>\n<p>Sum\u00e9rjase en un placer de 360 grados mientras se envuelve la MANGA Tornado de Dicha. Las cientos de puntas de succi\u00f3n suave lo conducen suavemente hacia un t\u00fanel que vibra con fuerza, mientras se dirige hacia un lanzamiento final sin l\u00edmites.<\/p>\n","protected":false},"excerpt":{"rendered":"<p>SATISFYER MEN SLEEVE TORNADO BLISS<\/p>\n","protected":false},"featured_media":36648,"template":"","meta":[],"pwb-brand":[43],"product_brand":[],"product_cat":[274,293,305],"product_tag":[],"class_list":{"0":"post-23618","1":"product","2":"type-product","3":"status-publish","4":"has-post-thumbnail","6":"pwb-brand-satisfyer","7":"product_cat-juguetes-sexuales-xxx","8":"product_cat-juguetes-sexuales-xxxmasturbadores-para-ellos","9":"product_cat-juguetes-sexuales-xxxvaginas-y-anos","10":"post_count_is_0","11":"boutique_post_style_4","13":"first","14":"instock","15":"taxable","16":"shipping-taxable","17":"purchasable","18":"product-type-simple","19":"boutique_image_style_2"},"brands":[{"id":43,"name":"SATISFYER","slug":"satisfyer"}],"_links":{"self":[{"href":"https:\/\/www.pussycatmerida.com\/eshop\/wp-json\/wp\/v2\/product\/23618","targetHints":{"allow":["GET"]}}],"collection":[{"href":"https:\/\/www.pussycatmerida.com\/eshop\/wp-json\/wp\/v2\/product"}],"about":[{"href":"https:\/\/www.pussycatmerida.com\/eshop\/wp-json\/wp\/v2\/types\/product"}],"wp:featuredmedia":[{"embeddable":true,"href":"https:\/\/www.pussycatmerida.com\/eshop\/wp-json\/wp\/v2\/media\/36648"}],"wp:attachment":[{"href":"https:\/\/www.pussycatmerida.com\/eshop\/wp-json\/wp\/v2\/media?parent=23618"}],"wp:term":[{"taxonomy":"pwb-brand","embeddable":true,"href":"https:\/\/www.pussycatmerida.com\/eshop\/wp-json\/wp\/v2\/pwb-brand?post=23618"},{"taxonomy":"product_brand","embeddable":true,"href":"https:\/\/www.pussycatmerida.com\/eshop\/wp-json\/wp\/v2\/product_brand?post=23618"},{"taxonomy":"product_cat","embeddable":true,"href":"https:\/\/www.pussycatmerida.com\/eshop\/wp-json\/wp\/v2\/product_cat?post=23618"},{"taxonomy":"product_tag","embeddable":true,"href":"https:\/\/www.pussycatmerida.com\/eshop\/wp-json\/wp\/v2\/product_tag?post=23618"}],"curies":[{"name":"wp","href":"https:\/\/api.w.org\/{rel}","templated":true}]}}