{"id":23937,"date":"2021-03-01T11:25:06","date_gmt":"2021-03-01T09:25:06","guid":{"rendered":"https:\/\/www.pussycatmerida.com\/eshop\/product\/intimichic-pelvis-health-i-2-0-rehabilitacion-pelvica\/"},"modified":"2026-03-11T12:38:03","modified_gmt":"2026-03-11T11:38:03","slug":"intimichic-pelvis-health-i-2-0-rehabilitacion-pelvica","status":"publish","type":"product","link":"https:\/\/www.pussycatmerida.com\/eshop\/producto\/intimichic-pelvis-health-i-2-0-rehabilitacion-pelvica\/","title":{"rendered":"INTIMICHIC PELVIS HEALTH I 2.0 REHABILITACION PELVICA"},"content":{"rendered":"<p>Intimichic Pelvis Health I 2.0 es la nueva bola suave y sedosa con un mayor grosor de silicona<\/p>\n<p>Intimichic Pelvis Health I 2.0 ; Basado en la realizaci\u00f3n de ejercicios de Kegel, desarrollados por el Dr. Arnold Kegel, son una serie de contracciones y relajaciones vaginales que fortalecen el m\u00fasculo Pubococc\u00edgeo (PC) y el grupo de m\u00fasculos del suelo p\u00e9lvico mediante el aumento gradual de pesos.<\/p>\n<ul>\n<li>Parte anterior; Delgada, suave y fino para facilitar la introducci\u00f3n<\/li>\n<li>Parte central; Se adapta a la pared vaginal sin provocar roces internos.<\/li>\n<li>Parte posterior; En Angulo, para que resulte c\u00f3modo cuando se da la contracci\u00f3n de los m\u00fasculos.<\/li>\n<\/ul>\n<p><strong>Intimichic Pelvis Health I 2.0\u00a0<\/strong>est\u00e1 recubierto de silicona de gran calidad, hipo alerg\u00e9nico, libre de ftalatos y de tacto muy suave.\u00a0<strong>Intimichic Pelvis Health I\u00a0<\/strong>con un dise\u00f1o ergon\u00f3mico adaptado a las necesidades de cada mujer.<\/p>\n<ul>\n<li><strong>Intimichic\u00a0 Pelvis Health I peso 15 gramos<\/strong><\/li>\n<li><strong>Intimichic\u00a0 Pelvis Health I\u00a0<\/strong>+ bola di\u00e1metro 22\u00a0mm peso 35 gramos<\/li>\n<li><strong>Intimichic\u00a0 Pelvis Health I\u00a0<\/strong>+ Bola di\u00e1metro 18\u00a0mm peso 20 gramos<\/li>\n<li><strong>Intimichic\u00a0 Pelvis Health I\u00a0<\/strong>+ Bola di\u00e1metro 15\u00a0mm\u00a0 peso 10 gramos<\/li>\n<li><strong>Intimichic\u00a0 Pelvis Health I\u00a0<\/strong>+ Bola di\u00e1metro 10\u00a0mm peso 5 gramos<\/li>\n<\/ul>\n<p><img decoding=\"async\" alt=\"\" src=\"https:\/\/dreamlove.gesio.be\/UserFiles\/images\/PELVISH.png\" style=\"float: right;\" \/><\/p>\n<p>\u00a0<\/p>\n<p>Contenido del envase.<\/p>\n<p>Al abrir una caja Intimichic elegante y formada por;<\/p>\n<ul>\n<li>Unidad b\u00e1sica INTIMICHIC PELVIS HEALTH<\/li>\n<li>4 bolas de Acero cubiertas Silicona en pesos 35 + 20 + 10 + 5 gramos.<\/li>\n<li>Bolsita Sat\u00e9n<\/li>\n<li>Instrucciones de uso en espa\u00f1ol, ingl\u00e9s, alem\u00e1n, franc\u00e9s, italiano y portugu\u00e9s.\u00a0<\/li>\n<\/ul>\n<p style=\"text-align: center;\">\u00a0<\/p>\n","protected":false},"excerpt":{"rendered":"<p>INTIMICHIC PELVIS HEALTH I 2.0  PELVIC FLOOR REHABILITATION<\/p>\n","protected":false},"featured_media":59070,"template":"","meta":[],"pwb-brand":[550],"product_brand":[],"product_cat":[380,430,428,322],"product_tag":[],"class_list":{"0":"post-23937","1":"product","2":"type-product","3":"status-publish","4":"has-post-thumbnail","6":"pwb-brand-intimichic","7":"product_cat-articulos-variados","8":"product_cat-juguetes-sexuales-xxxbolas","9":"product_cat-articulos-variadosparapharmacy","10":"product_cat-seccion-tuppersex","11":"post_count_is_0","12":"boutique_post_style_4","14":"first","15":"instock","16":"taxable","17":"shipping-taxable","18":"purchasable","19":"product-type-simple","20":"boutique_image_style_2"},"brands":[{"id":550,"name":"INTIMICHIC","slug":"intimichic"}],"_links":{"self":[{"href":"https:\/\/www.pussycatmerida.com\/eshop\/wp-json\/wp\/v2\/product\/23937","targetHints":{"allow":["GET"]}}],"collection":[{"href":"https:\/\/www.pussycatmerida.com\/eshop\/wp-json\/wp\/v2\/product"}],"about":[{"href":"https:\/\/www.pussycatmerida.com\/eshop\/wp-json\/wp\/v2\/types\/product"}],"wp:featuredmedia":[{"embeddable":true,"href":"https:\/\/www.pussycatmerida.com\/eshop\/wp-json\/wp\/v2\/media\/59070"}],"wp:attachment":[{"href":"https:\/\/www.pussycatmerida.com\/eshop\/wp-json\/wp\/v2\/media?parent=23937"}],"wp:term":[{"taxonomy":"pwb-brand","embeddable":true,"href":"https:\/\/www.pussycatmerida.com\/eshop\/wp-json\/wp\/v2\/pwb-brand?post=23937"},{"taxonomy":"product_brand","embeddable":true,"href":"https:\/\/www.pussycatmerida.com\/eshop\/wp-json\/wp\/v2\/product_brand?post=23937"},{"taxonomy":"product_cat","embeddable":true,"href":"https:\/\/www.pussycatmerida.com\/eshop\/wp-json\/wp\/v2\/product_cat?post=23937"},{"taxonomy":"product_tag","embeddable":true,"href":"https:\/\/www.pussycatmerida.com\/eshop\/wp-json\/wp\/v2\/product_tag?post=23937"}],"curies":[{"name":"wp","href":"https:\/\/api.w.org\/{rel}","templated":true}]}}