{"id":24025,"date":"2021-02-26T14:43:02","date_gmt":"2021-02-26T12:43:02","guid":{"rendered":"https:\/\/www.pussycatmerida.com\/eshop\/product\/liona-by-moma-vibrador-liquido-libido-gel\/"},"modified":"2026-03-11T12:38:48","modified_gmt":"2026-03-11T11:38:48","slug":"liona-by-moma-vibrador-liquido-libido-gel","status":"publish","type":"product","link":"https:\/\/www.pussycatmerida.com\/eshop\/producto\/liona-by-moma-vibrador-liquido-libido-gel\/","title":{"rendered":"LIONA BY MOMA VIBRADOR LIQUIDO LIBIDO GEL"},"content":{"rendered":"<p>La nueva revoluci\u00f3n sexual. Gel vibrador liquido estimulante Libidgel<\/p>\n<p>Aplica en tu piel aquello que te estimule! Dice el creador de Liona by Moma Rose Atzesberger \u201ctodos los ingredientes son respetuosos con la piel\u201d hemos conseguido desarrollar un producto \u00fanico que estimula al contacto de las zonas intimas provocando un efecto inmediato. \u201cHay muchos cosm\u00e9ticos para la salud sexual que potencian el placer pero con Liona by Moma hemos conseguido algo especial\u201d .<\/p>\n<p>Con tanta oferta en el mercado como sabes reconocer los mejores estimulantes? No existen trucos para conocer el mejor cosm\u00e9tico sexual, el sector de los productos estimulantes para la salud sexual es gigante, por ello hemos desarrollado un producto que \u00fanicamente al probarlo en cualquier zona del cuerpo sientes solo un 5% de lo que sentir\u00e1s al contacto con la zona intima.<\/p>\n<p>Uno de los activos m\u00e1s estimados de la formulaci\u00f3n junto a otros no menos valorados como el cyamopsis tetragonoloba gum y el aloe barbadensis leaf juice. Por cierto usado en las relaciones sexuales potencia la hidrataci\u00f3n inmediata de la mucosa vaginal no solo sintiendo el placer obvio de nuestra formula si no la confortabilidad en la penetraci\u00f3n.<\/p>\n<p>Si tuvi\u00e9ramos que recomendar un producto de las tres versiones que lanzamos ser\u00eda un error, porque los tres inspiran un momento de estimulaci\u00f3n seg\u00fan el estado personal de cada una.<\/p>\n<ul>\n<li>Es un elixir de estimulaci\u00f3n liquida con efecto magia de r\u00e1pida absorci\u00f3n que favorece la relaci\u00f3n sexual de calidad.<\/li>\n<li>Aumenta el L\u00edbido.<\/li>\n<\/ul>\n<p>La imagen de Liona by Moma es elegante e inspira belleza, trabajamos con otros productos cosm\u00e9ticos en otros sectores y Liona by Moma es un lujo que culmina nuestra trayectoria, estamos felices de ofrecer un producto que te garantiza placer.<\/p>\n<p>Envase 6Ml.<\/p>\n<p>Sabor nube de algod\u00f3n<\/p>\n","protected":false},"excerpt":{"rendered":"<p>LIONA BY MOMA LIQUID VIBRATOR LIBIDO GEL<\/p>\n","protected":false},"featured_media":48496,"template":"","meta":[],"pwb-brand":[806],"product_brand":[],"product_cat":[337,328,336,478,359,361,330,322,334],"product_tag":[],"class_list":{"0":"post-24025","1":"product","2":"type-product","3":"status-publish","4":"has-post-thumbnail","6":"pwb-brand-liona-by-moma","7":"product_cat-aceites-y-lubricantes","8":"product_cat-afrodisiacos","9":"product_cat-afrodisiacoscremas-potenciadores-orgasmo-femenino","10":"product_cat-ofertas","11":"product_cat-aceites-y-lubricantesorgasmo-femenino","12":"product_cat-aceites-y-lubricantesorgasmo-femeninopotenciador-orgasmo-femenino","13":"product_cat-afrodisiacospotenciadores","14":"product_cat-seccion-tuppersex","15":"product_cat-afrodisiacossensibilizantes","16":"post_count_is_0","17":"boutique_post_style_4","19":"first","20":"instock","21":"taxable","22":"shipping-taxable","23":"purchasable","24":"product-type-simple","25":"boutique_image_style_2"},"brands":[{"id":806,"name":"LIONA BY MOMA","slug":"liona-by-moma"}],"_links":{"self":[{"href":"https:\/\/www.pussycatmerida.com\/eshop\/wp-json\/wp\/v2\/product\/24025","targetHints":{"allow":["GET"]}}],"collection":[{"href":"https:\/\/www.pussycatmerida.com\/eshop\/wp-json\/wp\/v2\/product"}],"about":[{"href":"https:\/\/www.pussycatmerida.com\/eshop\/wp-json\/wp\/v2\/types\/product"}],"wp:featuredmedia":[{"embeddable":true,"href":"https:\/\/www.pussycatmerida.com\/eshop\/wp-json\/wp\/v2\/media\/48496"}],"wp:attachment":[{"href":"https:\/\/www.pussycatmerida.com\/eshop\/wp-json\/wp\/v2\/media?parent=24025"}],"wp:term":[{"taxonomy":"pwb-brand","embeddable":true,"href":"https:\/\/www.pussycatmerida.com\/eshop\/wp-json\/wp\/v2\/pwb-brand?post=24025"},{"taxonomy":"product_brand","embeddable":true,"href":"https:\/\/www.pussycatmerida.com\/eshop\/wp-json\/wp\/v2\/product_brand?post=24025"},{"taxonomy":"product_cat","embeddable":true,"href":"https:\/\/www.pussycatmerida.com\/eshop\/wp-json\/wp\/v2\/product_cat?post=24025"},{"taxonomy":"product_tag","embeddable":true,"href":"https:\/\/www.pussycatmerida.com\/eshop\/wp-json\/wp\/v2\/product_tag?post=24025"}],"curies":[{"name":"wp","href":"https:\/\/api.w.org\/{rel}","templated":true}]}}