{"id":24068,"date":"2021-02-26T13:59:55","date_gmt":"2021-02-26T12:59:55","guid":{"rendered":"https:\/\/www.pussycatmerida.com\/eshop\/product\/shunga-toko-aroma-lubricante-agua-de-coco\/"},"modified":"2026-03-11T12:26:19","modified_gmt":"2026-03-11T11:26:19","slug":"shunga-toko-aroma-lubricante-agua-de-coco","status":"publish","type":"product","link":"https:\/\/www.pussycatmerida.com\/eshop\/producto\/shunga-toko-aroma-lubricante-agua-de-coco\/","title":{"rendered":"SHUNGA TOKO AROMA LUBRICANTE AGUA DE COCO"},"content":{"rendered":"<p>Es la nueva generaci\u00f3n de lubricantes \u00edntimos, especialmente formulados para emular la lubricaci\u00f3n natural y facilitar la penetraci\u00f3n.<\/p>\n<p>Este novedoso lubricante te permite lamerlo, saborearlo y chuparlo, pues es el \u00fanico lubricante del mercado que si se ingiere no te deja un mal sabor de boca.<\/p>\n<p>Este lubricante a base de agua es ultra sedoso e intensifica las sensaciones experimentadas durante los momentos sexuales intensos.<\/p>\n<ul>\n<li>Se puede utilizar con los accesorios de l\u00e1tex de adultos y es soluble en agua.<\/li>\n<li>Compatible con preservativos.<\/li>\n<li>Envase 165 ml.<\/li>\n<\/ul>\n<p>Shunga es L\u00edder mundia en cosmetica Erotica, sus ingredientes naturales fusionado con principios activos logran un gran resultado<\/p>\n<p>Entrar en el mundo er\u00f3tico de Shunga es viajar al pasado. Traducido literalmente, Shunga significa \u2018imagen de primavera, una manera delicada de decir \u2018relaciones sexuales entre personas.<\/p>\n<p>Esta palabra se usaba para designar las pinturas er\u00f3ticas japonesas del siglo XVI, XVII y XVIII, un tipo llamado ukiyo-e, que no eran otra cosa que obras sobre madera o pergamino con escenas sensuales y episodios de amor carnal, siempre elaborados con mucho cuidado y buen gusto.<\/p>\n<p>El arte Shunga, aunque oculto durante siglos, marc\u00f3 el principio de la industria pornogr\u00e1fica para la clase media nipona y sirvi\u00f3 durante generaciones como ense\u00f1anza para los hijos y las hijas de muchas familias.<\/p>\n","protected":false},"excerpt":{"rendered":"<p>SHUNGA TOKO AROMA LUBRICANT COCONUT WATER<\/p>\n","protected":false},"featured_media":45680,"template":"","meta":[],"pwb-brand":[42,704],"product_brand":[],"product_cat":[337,339,338,346,345],"product_tag":[],"class_list":{"0":"post-24068","1":"product","2":"type-product","3":"status-publish","4":"has-post-thumbnail","6":"pwb-brand-shunga","7":"pwb-brand-shungashunga-lubricants","8":"product_cat-aceites-y-lubricantes","9":"product_cat-aceites-y-lubricanteslubricantesbase-de-agua","10":"product_cat-aceites-y-lubricanteslubricantes","11":"product_cat-aceites-y-lubricanteslubricanteslubricantes-comestibles","12":"product_cat-aceites-y-lubricanteslubricanteslubricantes-con-sabores","13":"post_count_is_0","14":"boutique_post_style_4","16":"first","17":"instock","18":"taxable","19":"shipping-taxable","20":"purchasable","21":"product-type-simple","22":"boutique_image_style_2"},"brands":[{"id":42,"name":"SHUNGA","slug":"shunga"},{"id":704,"name":"SHUNGA LUBRICANTS","slug":"shungashunga-lubricants"}],"_links":{"self":[{"href":"https:\/\/www.pussycatmerida.com\/eshop\/wp-json\/wp\/v2\/product\/24068","targetHints":{"allow":["GET"]}}],"collection":[{"href":"https:\/\/www.pussycatmerida.com\/eshop\/wp-json\/wp\/v2\/product"}],"about":[{"href":"https:\/\/www.pussycatmerida.com\/eshop\/wp-json\/wp\/v2\/types\/product"}],"wp:featuredmedia":[{"embeddable":true,"href":"https:\/\/www.pussycatmerida.com\/eshop\/wp-json\/wp\/v2\/media\/45680"}],"wp:attachment":[{"href":"https:\/\/www.pussycatmerida.com\/eshop\/wp-json\/wp\/v2\/media?parent=24068"}],"wp:term":[{"taxonomy":"pwb-brand","embeddable":true,"href":"https:\/\/www.pussycatmerida.com\/eshop\/wp-json\/wp\/v2\/pwb-brand?post=24068"},{"taxonomy":"product_brand","embeddable":true,"href":"https:\/\/www.pussycatmerida.com\/eshop\/wp-json\/wp\/v2\/product_brand?post=24068"},{"taxonomy":"product_cat","embeddable":true,"href":"https:\/\/www.pussycatmerida.com\/eshop\/wp-json\/wp\/v2\/product_cat?post=24068"},{"taxonomy":"product_tag","embeddable":true,"href":"https:\/\/www.pussycatmerida.com\/eshop\/wp-json\/wp\/v2\/product_tag?post=24068"}],"curies":[{"name":"wp","href":"https:\/\/api.w.org\/{rel}","templated":true}]}}