{"id":24170,"date":"2021-02-26T15:42:55","date_gmt":"2021-02-26T13:42:55","guid":{"rendered":"https:\/\/www.pussycatmerida.com\/eshop\/product\/anal-fantasy-elite-collection-plug-anal-recargable-pequeno\/"},"modified":"2026-03-11T12:39:38","modified_gmt":"2026-03-11T11:39:38","slug":"anal-fantasy-elite-collection-plug-anal-recargable-pequeno","status":"publish","type":"product","link":"https:\/\/www.pussycatmerida.com\/eshop\/producto\/anal-fantasy-elite-collection-plug-anal-recargable-pequeno\/","title":{"rendered":"ANAL FANTASY ELITE COLLECTION PLUG ANAL RECARGABLE PEQUE\u00d1O"},"content":{"rendered":"<p>Cuando buscas avanzar al siguiente nivel en tus juegos anales, Anal Fantasy Collection es la primera opci\u00f3n para un m\u00e1ximo placer. Fabricado con nuestra silicona Elite, este plug es body safe, sin ftalatos y preparado para que puedas jugar duro. Usa lo \u00faltimo en tecnolog\u00eda, es\u00a0USB recargable, ergon\u00f3micamente dise\u00f1ado para una m\u00e1xima comodidad y satisfacci\u00f3n garantizadas. Perfecto para cualquier g\u00e9nero, esta colecci\u00f3n unisex viene preparada para ofrecerte resultado increiblemente explosivos.\u00a0<\/p>\n<ul>\n<li>Punta c\u00f3nica. Ideal para una f\u00e1cil inserci\u00f3n<\/li>\n<li>Potente motor cubierto de suave silicona<\/li>\n<li>10 funciones<\/li>\n<li>USB recargable.\u00a0<\/li>\n<li>Libre de ftalatos<\/li>\n<li>Sumergible<\/li>\n<li>Longitud\u00a0\u00a0110\u00a0mm\u00a0<\/li>\n<li>Ancho\u00a051\u00a0mm\u00a0<\/li>\n<li>Longitud insertable 88\u00a0mm\u00a0<\/li>\n<li>Peso 85.05 gramos\u00a0<\/li>\n<\/ul>\n<p>El plug anal recargable tiene el tama\u00f1o y ergonom\u00edas perfectos para conseguir una estimulaci\u00f3n c\u00f3moda, placentera y de larga duraci\u00f3n. Su silicona Elite es super suave e hipoalerg\u00e9nica, con lo que es un material super seguro para el uso anal. Est\u00e1 accionado por un potente motor japon\u00e9s y perfectamente prepararado para una f\u00e1cil inserci\u00f3n y alta estimulaci\u00f3n gracias a sus potentes vibraciones.\u00a0<\/p>\n<p>Presiona el bot\u00f3n de la base del plug para accionarlo, entonces elige entre sus 7 modos de vibraci\u00f3n. Para apagarlo, mant\u00e9n pulsado de nuevo el bot\u00f3n. Su estrecho cuello permite a los m\u00fasculos agarrarlo f\u00e1cilmente mientras que su ancha base evita que se deslice hacia dentro. Pruebalo en la ducha o en el spa y convierte la hora del ba\u00f1o en tiempo p\u00e0ra el placer.\u00a0<\/p>\n<p>Adem\u00e1s, nunca tendr\u00e1s que preocuparte por pilas de nuevo, este plug es recargable y tiene hasta mas de dos horas de duraci\u00f3n con una simple carga<\/p>\n<p>Incluye:\u00a0<\/p>\n<ul>\n<li>1 Limpiador de juguetes<\/li>\n<li>1 Lubricante anal<\/li>\n<li>1 Crema para facilitar\u00a0la inserci\u00f3n<\/li>\n<li>1 Guante<\/li>\n<\/ul>\n<p>\u00a0<\/p>\n<p style=\"text-align: center;\"><iframe loading=\"lazy\" allowfullscreen=\"\" frameborder=\"0\" height=\"400\" src=\"https:\/\/player.vimeo.com\/video\/257005900\" width=\"700\"><\/iframe><\/p>\n","protected":false},"excerpt":{"rendered":"<p>ANAL FANTASY ELITE COLLECTION SMALL RECHARGEABLE ANAL PLUG<\/p>\n","protected":false},"featured_media":53973,"template":"","meta":[],"pwb-brand":[818,476],"product_brand":[],"product_cat":[275,280,387,274,306,300,907],"product_tag":[],"class_list":{"0":"post-24170","1":"product","2":"type-product","3":"status-publish","4":"has-post-thumbnail","6":"pwb-brand-pipedreams-anal-fantasy-elite-collection","7":"pwb-brand-pipedreams","8":"product_cat-juguetes-sexuales-xxxacuaticos","9":"product_cat-juguetes-sexuales-xxxanal","10":"product_cat-juguetes-sexuales-xxxespecial-gays","11":"product_cat-juguetes-sexuales-xxx","12":"product_cat-juguetes-sexuales-xxxpara-el","13":"product_cat-juguetes-sexuales-xxxplugs-anales","14":"product_cat-vibradores-anales","15":"post_count_is_0","16":"boutique_post_style_4","18":"first","19":"instock","20":"taxable","21":"shipping-taxable","22":"purchasable","23":"product-type-simple","24":"boutique_image_style_2"},"brands":[{"id":818,"name":"ANAL FANTASY ELITE COLLECTION","slug":"pipedreams-anal-fantasy-elite-collection"},{"id":476,"name":"PIPEDREAMS","slug":"pipedreams"}],"_links":{"self":[{"href":"https:\/\/www.pussycatmerida.com\/eshop\/wp-json\/wp\/v2\/product\/24170","targetHints":{"allow":["GET"]}}],"collection":[{"href":"https:\/\/www.pussycatmerida.com\/eshop\/wp-json\/wp\/v2\/product"}],"about":[{"href":"https:\/\/www.pussycatmerida.com\/eshop\/wp-json\/wp\/v2\/types\/product"}],"wp:featuredmedia":[{"embeddable":true,"href":"https:\/\/www.pussycatmerida.com\/eshop\/wp-json\/wp\/v2\/media\/53973"}],"wp:attachment":[{"href":"https:\/\/www.pussycatmerida.com\/eshop\/wp-json\/wp\/v2\/media?parent=24170"}],"wp:term":[{"taxonomy":"pwb-brand","embeddable":true,"href":"https:\/\/www.pussycatmerida.com\/eshop\/wp-json\/wp\/v2\/pwb-brand?post=24170"},{"taxonomy":"product_brand","embeddable":true,"href":"https:\/\/www.pussycatmerida.com\/eshop\/wp-json\/wp\/v2\/product_brand?post=24170"},{"taxonomy":"product_cat","embeddable":true,"href":"https:\/\/www.pussycatmerida.com\/eshop\/wp-json\/wp\/v2\/product_cat?post=24170"},{"taxonomy":"product_tag","embeddable":true,"href":"https:\/\/www.pussycatmerida.com\/eshop\/wp-json\/wp\/v2\/product_tag?post=24170"}],"curies":[{"name":"wp","href":"https:\/\/api.w.org\/{rel}","templated":true}]}}