{"id":24177,"date":"2021-03-01T10:24:34","date_gmt":"2021-03-01T08:24:34","guid":{"rendered":"https:\/\/www.pussycatmerida.com\/eshop\/product\/king-cock-dildo-realistico-uncut-natural-17-cm\/"},"modified":"2026-03-11T12:27:49","modified_gmt":"2026-03-11T11:27:49","slug":"king-cock-dildo-realistico-uncut-natural-17-cm","status":"publish","type":"product","link":"https:\/\/www.pussycatmerida.com\/eshop\/producto\/king-cock-dildo-realistico-uncut-natural-17-cm\/","title":{"rendered":"KING COCK DILDO REALISTICO UNCUT NATURAL 17 CM"},"content":{"rendered":"<p>En absoluto todos los dildos son iguales. Con lo \u00faltimo de King Cock, cumplir\u00e1s todas tus fantas\u00edas ya que se desliza la piel hacia adelante y detr\u00e1s, como en un pene de verdad.\u00a0<\/p>\n<p>Su eje es flexible y el hecho de que el prepucio se pueda mover proporciona sensaciones dificlmente m\u00e1s real\u00edsticas y placenteras . Ademas, su fuerte ventosa, har\u00e1 que pueda adherirse casi a cualquier superficie plana y a arneses compatibles.\u00a0<\/p>\n<p>Usando nuesta f\u00f3rmula propia de doble densidad , hemos creado el primer dildo sin l\u00e1tex con prepucio que se echa para adelante y detr\u00e1s. Como todos los King Cocks, esta nueva serie se caracteriza igualmente por estar pintados a mano para que no se pierda ni un detalle y que sigan siendo los dildos mas real\u00edsticos del mundo.\u00a0<\/p>\n<ul>\n<li>Sin ftalatos<\/li>\n<li>Sin l\u00e1tex\u00a0<\/li>\n<li>Bodysafe<\/li>\n<li>Hipoalerg\u00e9nicos.\u00a0<\/li>\n<li>Longitud: 17 cm<\/li>\n<li>Ancho: 3.8\u00a0cm<\/li>\n<li>Longitud insertable: 15\u00a0cm<\/li>\n<li>Peso: 269.32 gr<\/li>\n<\/ul>\n<p>\u00a0<\/p>\n","protected":false},"excerpt":{"rendered":"<p>KING COCK DILDO REALISTICO UNCUT NATURAL 17 CM<\/p>\n","protected":false},"featured_media":56479,"template":"","meta":[],"pwb-brand":[493,476],"product_brand":[],"product_cat":[287,274,294,302,304],"product_tag":[],"class_list":{"0":"post-24177","1":"product","2":"type-product","3":"status-publish","4":"has-post-thumbnail","6":"pwb-brand-pipedreams-king-cock","7":"pwb-brand-pipedreams","8":"product_cat-juguetes-sexuales-xxxdildos","9":"product_cat-juguetes-sexuales-xxx","10":"product_cat-juguetes-sexuales-xxxmasturbadores-para-ellas","11":"product_cat-juguetes-sexuales-xxxpenes","12":"product_cat-juguetes-sexuales-xxxpenespenes-realisticos","13":"post_count_is_0","14":"boutique_post_style_4","16":"first","17":"instock","18":"taxable","19":"shipping-taxable","20":"purchasable","21":"product-type-simple","22":"boutique_image_style_2"},"brands":[{"id":493,"name":"KING COCK","slug":"pipedreams-king-cock"},{"id":476,"name":"PIPEDREAMS","slug":"pipedreams"}],"_links":{"self":[{"href":"https:\/\/www.pussycatmerida.com\/eshop\/wp-json\/wp\/v2\/product\/24177","targetHints":{"allow":["GET"]}}],"collection":[{"href":"https:\/\/www.pussycatmerida.com\/eshop\/wp-json\/wp\/v2\/product"}],"about":[{"href":"https:\/\/www.pussycatmerida.com\/eshop\/wp-json\/wp\/v2\/types\/product"}],"wp:featuredmedia":[{"embeddable":true,"href":"https:\/\/www.pussycatmerida.com\/eshop\/wp-json\/wp\/v2\/media\/56479"}],"wp:attachment":[{"href":"https:\/\/www.pussycatmerida.com\/eshop\/wp-json\/wp\/v2\/media?parent=24177"}],"wp:term":[{"taxonomy":"pwb-brand","embeddable":true,"href":"https:\/\/www.pussycatmerida.com\/eshop\/wp-json\/wp\/v2\/pwb-brand?post=24177"},{"taxonomy":"product_brand","embeddable":true,"href":"https:\/\/www.pussycatmerida.com\/eshop\/wp-json\/wp\/v2\/product_brand?post=24177"},{"taxonomy":"product_cat","embeddable":true,"href":"https:\/\/www.pussycatmerida.com\/eshop\/wp-json\/wp\/v2\/product_cat?post=24177"},{"taxonomy":"product_tag","embeddable":true,"href":"https:\/\/www.pussycatmerida.com\/eshop\/wp-json\/wp\/v2\/product_tag?post=24177"}],"curies":[{"name":"wp","href":"https:\/\/api.w.org\/{rel}","templated":true}]}}