{"id":24264,"date":"2021-02-26T14:43:30","date_gmt":"2021-02-26T12:43:30","guid":{"rendered":"https:\/\/www.pussycatmerida.com\/eshop\/product\/fun-function-bunny-funny-vibration-2-0\/"},"modified":"2026-03-11T12:38:03","modified_gmt":"2026-03-11T11:38:03","slug":"fun-function-bunny-funny-vibration-2-0","status":"publish","type":"product","link":"https:\/\/www.pussycatmerida.com\/eshop\/producto\/fun-function-bunny-funny-vibration-2-0\/","title":{"rendered":"FUN FUNCTION BUNNY FUNNY VIBRATION 2.0"},"content":{"rendered":"<p>La revoluci\u00f3n BUNNY FUCTION ha llegado!<\/p>\n<p>Creatividad, novedad y diversi\u00f3n. S\u00famate a la nueva saga de estimuladores clitorianos y siente la que ser\u00e1 sin duda, la experiencia de sexo oral m\u00e1s realista que hayas sentido hasta hoy.<\/p>\n<p>El Sistema multi funci\u00f3n Squeel incorpora distintos patrones de movimiento y es ajustable en posiciones, para que todo quede donde toca.\u00a0<\/p>\n<p>La gama FUNNY VIBRATION incorpora una vibraci\u00f3n extremadamente potente ya que su fuerte motor se posiciona justo en la punta, generando ondas de placer m\u00e1s profundas. Otra magnifica versi\u00f3n de la marca FUN FUCTION. Su acabado premium de silicona s\u00faper suave es un plus para los orgasmos m\u00e1s exigentes.<\/p>\n<ul>\n<li>Cabezal flexible<\/li>\n<li>Silicona super suave<\/li>\n<li>Estimulaci\u00f3n clitorial<\/li>\n<li>Motor ultra potente<\/li>\n<li>USB Recargable<\/li>\n<li>ABS hipoalerg\u00e9nico<\/li>\n<li>7 modos de vibraci\u00f3n<\/li>\n<li>7 modos de estimulaci\u00f3n cl\u00edtoris\u00a0<\/li>\n<li>Resistente al agua (waterproof)<\/li>\n<li>Ergon\u00f3mico<\/li>\n<li>Materiales Body safe<\/li>\n<li>Sin ftalatos\u00a0<\/li>\n<li>Longitud total: 24 cm<\/li>\n<li>Peso 230\u00a0grs<\/li>\n<\/ul>\n<p>Entra en el club de las BUNNY GIRLS\u2026 c\u00f3mo de FUNNY te sientes hoy?<\/p>\n<p style=\"text-align: center;\"><iframe loading=\"lazy\" allow=\"autoplay; encrypted-media\" allowfullscreen=\"\" frameborder=\"0\" height=\"300\" scrolling=\"no\" src=\"https:\/\/www.youtube-nocookie.com\/embed\/vgJGJEq75eU?rel=0controls=0showinfo=0\" width=\"800\"><\/iframe><\/p>\n<p style=\"text-align: center;\"><iframe loading=\"lazy\" allow=\"autoplay; encrypted-media\" allowfullscreen=\"\" frameborder=\"0\" height=\"500\" iframe=\"\" scrolling=\"no\" src=\"https:\/\/www.youtube-nocookie.com\/embed\/FKwvjIaV7Qo\" width=\"800\"><\/iframe><\/p>\n","protected":false},"excerpt":{"rendered":"<p>FUN FUNCTION BUNNY FUNNY VIBRATION  2.0<\/p>\n","protected":false},"featured_media":48557,"template":"","meta":[],"pwb-brand":[808],"product_brand":[],"product_cat":[275,274,471,322,299,905,298],"product_tag":[],"class_list":{"0":"post-24264","1":"product","2":"type-product","3":"status-publish","4":"has-post-thumbnail","6":"pwb-brand-fun-function","7":"product_cat-juguetes-sexuales-xxxacuaticos","8":"product_cat-juguetes-sexuales-xxx","9":"product_cat-novedades","10":"product_cat-seccion-tuppersex","11":"product_cat-juguetes-sexuales-xxxvibradores","12":"product_cat-vibradores-dobles","13":"product_cat-juguetes-sexuales-xxxvibradores-hi-tech","14":"post_count_is_0","15":"boutique_post_style_4","17":"first","18":"instock","19":"taxable","20":"shipping-taxable","21":"purchasable","22":"product-type-simple","23":"boutique_image_style_2"},"brands":[{"id":808,"name":"FUN FUNCTION","slug":"fun-function"}],"_links":{"self":[{"href":"https:\/\/www.pussycatmerida.com\/eshop\/wp-json\/wp\/v2\/product\/24264","targetHints":{"allow":["GET"]}}],"collection":[{"href":"https:\/\/www.pussycatmerida.com\/eshop\/wp-json\/wp\/v2\/product"}],"about":[{"href":"https:\/\/www.pussycatmerida.com\/eshop\/wp-json\/wp\/v2\/types\/product"}],"wp:featuredmedia":[{"embeddable":true,"href":"https:\/\/www.pussycatmerida.com\/eshop\/wp-json\/wp\/v2\/media\/48557"}],"wp:attachment":[{"href":"https:\/\/www.pussycatmerida.com\/eshop\/wp-json\/wp\/v2\/media?parent=24264"}],"wp:term":[{"taxonomy":"pwb-brand","embeddable":true,"href":"https:\/\/www.pussycatmerida.com\/eshop\/wp-json\/wp\/v2\/pwb-brand?post=24264"},{"taxonomy":"product_brand","embeddable":true,"href":"https:\/\/www.pussycatmerida.com\/eshop\/wp-json\/wp\/v2\/product_brand?post=24264"},{"taxonomy":"product_cat","embeddable":true,"href":"https:\/\/www.pussycatmerida.com\/eshop\/wp-json\/wp\/v2\/product_cat?post=24264"},{"taxonomy":"product_tag","embeddable":true,"href":"https:\/\/www.pussycatmerida.com\/eshop\/wp-json\/wp\/v2\/product_tag?post=24264"}],"curies":[{"name":"wp","href":"https:\/\/api.w.org\/{rel}","templated":true}]}}