{"id":24265,"date":"2021-02-26T14:43:32","date_gmt":"2021-02-26T12:43:32","guid":{"rendered":"https:\/\/www.pussycatmerida.com\/eshop\/product\/fun-function-bunny-funny-up-down-2-0\/"},"modified":"2026-03-11T12:38:03","modified_gmt":"2026-03-11T11:38:03","slug":"fun-function-bunny-funny-up-down-2-0","status":"publish","type":"product","link":"https:\/\/www.pussycatmerida.com\/eshop\/producto\/fun-function-bunny-funny-up-down-2-0\/","title":{"rendered":"FUN FUNCTION BUNNY FUNNY UP  DOWN  2.0"},"content":{"rendered":"<p>\u00a1La revoluci\u00f3n BUNNY FUNCTION ha llegado!<\/p>\n<p>Creatividad, novedad y diversi\u00f3n. S\u00famate a la nueva saga de estimuladores clitorianos y siente la que ser\u00e1 sin duda, la experiencia de sexo oral m\u00e1s realista que hayas sentido hasta hoy.<\/p>\n<p>El Sistema multi funci\u00f3n Squeel incorpora distintos patrones de movimiento y es ajustable en posiciones, para que todo quede donde toca<\/p>\n<p>La gama FUNNY UPDOWN incorpora su funci\u00f3n \u201carriba y abajo\u201c embistiendo como lo har\u00eda tu mejor amante. Pulsa el ON y no podr\u00e1s parar, activa la vibraci\u00f3n y sentir\u00e1s 100% el poder de este exclusivo toy.<\/p>\n<p>Otra magn\u00edfica versi\u00f3n de la marca FUN FUNCTION. Su acabado premium de silicona s\u00faper suave es un plus para los orgasmos m\u00e1s exigentes.<\/p>\n<p>Caracter\u00edsticas:\u00a0<\/p>\n<ul>\n<li>Cabezal flexible<\/li>\n<li>Silicona super suave<\/li>\n<li>Estimulaci\u00f3n clitorial<\/li>\n<li>Motor ultra potente<\/li>\n<li>USB Recargable<\/li>\n<li>ABS hipoalerg\u00e9nico<\/li>\n<li>7 modos de vibraci\u00f3n<\/li>\n<li>7 modos de UP  DOWN<\/li>\n<li>7 modos de estimulaci\u00f3n cl\u00edtoris\u00a0<\/li>\n<li>Resistente al agua (waterproof)<\/li>\n<li>Ergon\u00f3mico<\/li>\n<li>Materiales Body safe<\/li>\n<li>Sin ftalatos\u00a0<\/li>\n<li>Longitud total: 24 cm<\/li>\n<li>Peso 310 grs<\/li>\n<\/ul>\n<p>Entra en el club de las BUNNY GIRLS\u2026 c\u00f3mo de FUNNY te sientes hoy?<\/p>\n<p style=\"text-align: center;\"><iframe loading=\"lazy\" allow=\"autoplay; encrypted-media\" allowfullscreen=\"\" frameborder=\"0\" height=\"300\" scrolling=\"no\" src=\"https:\/\/www.youtube-nocookie.com\/embed\/vgJGJEq75eU?rel=0controls=0showinfo=0\" width=\"800\"><\/iframe><\/p>\n<p style=\"text-align: center;\"><iframe loading=\"lazy\" allow=\"autoplay; encrypted-media\" allowfullscreen=\"\" frameborder=\"0\" height=\"500\" iframe=\"\" scrolling=\"no\" src=\"https:\/\/www.youtube-nocookie.com\/embed\/FKwvjIaV7Qo\" width=\"800\"><\/iframe><\/p>\n","protected":false},"excerpt":{"rendered":"<p>FUN FUNCTION BUNNY FUNNY UP  DOWN 2.0<\/p>\n","protected":false},"featured_media":48561,"template":"","meta":[],"pwb-brand":[808],"product_brand":[],"product_cat":[275,288,274,471,301,322,299,905,298],"product_tag":[],"class_list":{"0":"post-24265","1":"product","2":"type-product","3":"status-publish","4":"has-post-thumbnail","6":"pwb-brand-fun-function","7":"product_cat-juguetes-sexuales-xxxacuaticos","8":"product_cat-juguetes-sexuales-xxxestimuladores","9":"product_cat-juguetes-sexuales-xxx","10":"product_cat-novedades","11":"product_cat-juguetes-sexuales-xxxrotadores-y-vibradores","12":"product_cat-seccion-tuppersex","13":"product_cat-juguetes-sexuales-xxxvibradores","14":"product_cat-vibradores-dobles","15":"product_cat-juguetes-sexuales-xxxvibradores-hi-tech","16":"post_count_is_0","17":"boutique_post_style_4","19":"first","20":"instock","21":"taxable","22":"shipping-taxable","23":"purchasable","24":"product-type-simple","25":"boutique_image_style_2"},"brands":[{"id":808,"name":"FUN FUNCTION","slug":"fun-function"}],"_links":{"self":[{"href":"https:\/\/www.pussycatmerida.com\/eshop\/wp-json\/wp\/v2\/product\/24265","targetHints":{"allow":["GET"]}}],"collection":[{"href":"https:\/\/www.pussycatmerida.com\/eshop\/wp-json\/wp\/v2\/product"}],"about":[{"href":"https:\/\/www.pussycatmerida.com\/eshop\/wp-json\/wp\/v2\/types\/product"}],"wp:featuredmedia":[{"embeddable":true,"href":"https:\/\/www.pussycatmerida.com\/eshop\/wp-json\/wp\/v2\/media\/48561"}],"wp:attachment":[{"href":"https:\/\/www.pussycatmerida.com\/eshop\/wp-json\/wp\/v2\/media?parent=24265"}],"wp:term":[{"taxonomy":"pwb-brand","embeddable":true,"href":"https:\/\/www.pussycatmerida.com\/eshop\/wp-json\/wp\/v2\/pwb-brand?post=24265"},{"taxonomy":"product_brand","embeddable":true,"href":"https:\/\/www.pussycatmerida.com\/eshop\/wp-json\/wp\/v2\/product_brand?post=24265"},{"taxonomy":"product_cat","embeddable":true,"href":"https:\/\/www.pussycatmerida.com\/eshop\/wp-json\/wp\/v2\/product_cat?post=24265"},{"taxonomy":"product_tag","embeddable":true,"href":"https:\/\/www.pussycatmerida.com\/eshop\/wp-json\/wp\/v2\/product_tag?post=24265"}],"curies":[{"name":"wp","href":"https:\/\/api.w.org\/{rel}","templated":true}]}}