{"id":24267,"date":"2021-03-01T11:44:21","date_gmt":"2021-03-01T09:44:21","guid":{"rendered":"https:\/\/www.pussycatmerida.com\/eshop\/product\/satisfyer-partner-multifun-1edicion-2020\/"},"modified":"2026-03-11T12:38:03","modified_gmt":"2026-03-11T11:38:03","slug":"satisfyer-partner-multifun-1edicion-2020","status":"publish","type":"product","link":"https:\/\/www.pussycatmerida.com\/eshop\/producto\/satisfyer-partner-multifun-1edicion-2020\/","title":{"rendered":"SATISFYER PARTNER MULTIFUN 1EDICI\u00d3N 2020"},"content":{"rendered":"<p>El Partner Multifun 1\u00a0ha sido especialmente dise\u00f1ado para encontrar y satisfacer las necesidades de los usuarios Podr\u00e1s utilizarlo en tus relaciones o en tus noches a solas para a\u00f1adir esa sensualidad que necesitas.<\/p>\n<p>Su forma en U est\u00e1 ergon\u00f3micamente dise\u00f1ada para masajear tanto el pene, el perineo, los pezones y mucho m\u00e1s. Sus materiales lo hacen flexible para una comodidad sensacional.<\/p>\n<p>Es totalmente impermeable y muy f\u00e1cil de limpiar. Gracias a sus 3 motores podr\u00e1s disfrutar de m\u00e1s de 100 combinaciones de vibraci\u00f3n y de 11 posibilidades de uso, y sin tener que preocuparte por pilas, ya que es recargable por USB.<\/p>\n<p>Caracter\u00edsticas:<\/p>\n<ul>\n<li>Multivibraci\u00f3n<\/li>\n<li>Forma ergon\u00f3mica<\/li>\n<li>Recargable por USB<\/li>\n<li>Estimula el punto G<\/li>\n<li>Impermeable<\/li>\n<li>Flexible<\/li>\n<li>11 posibilidades de uso<\/li>\n<li>Hasta 100 combinaciones de vibraci\u00f3n<\/li>\n<li>Longitud: 13 cm<\/li>\n<\/ul>\n","protected":false},"excerpt":{"rendered":"<p>SATISFYER PARTNER MULTIFUN 1 2020 EDITION<\/p>\n","protected":false},"featured_media":59652,"template":"","meta":[],"pwb-brand":[43],"product_brand":[],"product_cat":[276,275,903,288,274,893],"product_tag":[],"class_list":{"0":"post-24267","1":"product","2":"type-product","3":"status-publish","4":"has-post-thumbnail","6":"pwb-brand-satisfyer","7":"product_cat-juguetes-sexuales-xxxaccesorios-para-el-pene","8":"product_cat-juguetes-sexuales-xxxacuaticos","9":"product_cat-anillos-para-el-pene","10":"product_cat-juguetes-sexuales-xxxestimuladores","11":"product_cat-juguetes-sexuales-xxx","12":"product_cat-parejas","13":"post_count_is_0","14":"boutique_post_style_4","16":"first","17":"instock","18":"taxable","19":"shipping-taxable","20":"purchasable","21":"product-type-simple","22":"boutique_image_style_2"},"brands":[{"id":43,"name":"SATISFYER","slug":"satisfyer"}],"_links":{"self":[{"href":"https:\/\/www.pussycatmerida.com\/eshop\/wp-json\/wp\/v2\/product\/24267","targetHints":{"allow":["GET"]}}],"collection":[{"href":"https:\/\/www.pussycatmerida.com\/eshop\/wp-json\/wp\/v2\/product"}],"about":[{"href":"https:\/\/www.pussycatmerida.com\/eshop\/wp-json\/wp\/v2\/types\/product"}],"wp:featuredmedia":[{"embeddable":true,"href":"https:\/\/www.pussycatmerida.com\/eshop\/wp-json\/wp\/v2\/media\/59652"}],"wp:attachment":[{"href":"https:\/\/www.pussycatmerida.com\/eshop\/wp-json\/wp\/v2\/media?parent=24267"}],"wp:term":[{"taxonomy":"pwb-brand","embeddable":true,"href":"https:\/\/www.pussycatmerida.com\/eshop\/wp-json\/wp\/v2\/pwb-brand?post=24267"},{"taxonomy":"product_brand","embeddable":true,"href":"https:\/\/www.pussycatmerida.com\/eshop\/wp-json\/wp\/v2\/product_brand?post=24267"},{"taxonomy":"product_cat","embeddable":true,"href":"https:\/\/www.pussycatmerida.com\/eshop\/wp-json\/wp\/v2\/product_cat?post=24267"},{"taxonomy":"product_tag","embeddable":true,"href":"https:\/\/www.pussycatmerida.com\/eshop\/wp-json\/wp\/v2\/product_tag?post=24267"}],"curies":[{"name":"wp","href":"https:\/\/api.w.org\/{rel}","templated":true}]}}