{"id":24268,"date":"2021-02-24T14:54:26","date_gmt":"2021-02-24T12:54:26","guid":{"rendered":"https:\/\/www.pussycatmerida.com\/eshop\/product\/satisfyer-partner-multifun-2\/"},"modified":"2026-03-11T12:38:03","modified_gmt":"2026-03-11T11:38:03","slug":"satisfyer-partner-multifun-2","status":"publish","type":"product","link":"https:\/\/www.pussycatmerida.com\/eshop\/producto\/satisfyer-partner-multifun-2\/","title":{"rendered":"SATISFYER PARTNER MULTIFUN 2"},"content":{"rendered":"<p>Te presentamos a los partner multifun, para \u00e9l, para ella, para vosotros.<\/p>\n<p>Este juguete ha sido especialmente dise\u00f1ado para encontrar y satisfacer las necesidades de los clientes. Podr\u00e1s utilizarlo en tus relaciones o en tus noches a solas para a\u00f1adir esa sensualidad que necesitas. Su forma en U est\u00e1 ergon\u00f3micamente dise\u00f1ada para masajear tanto el pene, el perineo, los pezones y mucho m\u00e1s.<\/p>\n<p>Sus materiales lo hacen flexible para una comodidad sensacional. Es totalmente impermeable y muy f\u00e1cil de limpiar. Gracias a sus 3 motores podr\u00e1s disfrutar de m\u00e1s de 100 combinaciones de vibraci\u00f3n y de 11 posibilidades de uso, y sin tener que preocuparte por pilas, ya que es recargable por USB.<\/p>\n<p>Caracter\u00edsticas:<\/p>\n<ul>\n<li>Multi vibraci\u00f3n<\/li>\n<li>Forma ergon\u00f3mica<\/li>\n<li>Recargable por USB<\/li>\n<li>Estimula el punto G<\/li>\n<li>Impermeable<\/li>\n<li>Flexible<\/li>\n<li>Hasta 100 combinaciones de vibraci\u00f3n<\/li>\n<li>Longitud: 13 cm<\/li>\n<\/ul>\n","protected":false},"excerpt":{"rendered":"<p>SATISFYER PARTNER MULTIFUN 2<\/p>\n","protected":false},"featured_media":34153,"template":"","meta":[],"pwb-brand":[43],"product_brand":[],"product_cat":[275,288,274],"product_tag":[],"class_list":{"0":"post-24268","1":"product","2":"type-product","3":"status-publish","4":"has-post-thumbnail","6":"pwb-brand-satisfyer","7":"product_cat-juguetes-sexuales-xxxacuaticos","8":"product_cat-juguetes-sexuales-xxxestimuladores","9":"product_cat-juguetes-sexuales-xxx","10":"post_count_is_0","11":"boutique_post_style_4","13":"first","14":"instock","15":"taxable","16":"shipping-taxable","17":"purchasable","18":"product-type-simple","19":"boutique_image_style_2"},"brands":[{"id":43,"name":"SATISFYER","slug":"satisfyer"}],"_links":{"self":[{"href":"https:\/\/www.pussycatmerida.com\/eshop\/wp-json\/wp\/v2\/product\/24268","targetHints":{"allow":["GET"]}}],"collection":[{"href":"https:\/\/www.pussycatmerida.com\/eshop\/wp-json\/wp\/v2\/product"}],"about":[{"href":"https:\/\/www.pussycatmerida.com\/eshop\/wp-json\/wp\/v2\/types\/product"}],"wp:featuredmedia":[{"embeddable":true,"href":"https:\/\/www.pussycatmerida.com\/eshop\/wp-json\/wp\/v2\/media\/34153"}],"wp:attachment":[{"href":"https:\/\/www.pussycatmerida.com\/eshop\/wp-json\/wp\/v2\/media?parent=24268"}],"wp:term":[{"taxonomy":"pwb-brand","embeddable":true,"href":"https:\/\/www.pussycatmerida.com\/eshop\/wp-json\/wp\/v2\/pwb-brand?post=24268"},{"taxonomy":"product_brand","embeddable":true,"href":"https:\/\/www.pussycatmerida.com\/eshop\/wp-json\/wp\/v2\/product_brand?post=24268"},{"taxonomy":"product_cat","embeddable":true,"href":"https:\/\/www.pussycatmerida.com\/eshop\/wp-json\/wp\/v2\/product_cat?post=24268"},{"taxonomy":"product_tag","embeddable":true,"href":"https:\/\/www.pussycatmerida.com\/eshop\/wp-json\/wp\/v2\/product_tag?post=24268"}],"curies":[{"name":"wp","href":"https:\/\/api.w.org\/{rel}","templated":true}]}}