{"id":24482,"date":"2021-02-26T14:44:02","date_gmt":"2021-02-26T12:44:02","guid":{"rendered":"https:\/\/www.pussycatmerida.com\/eshop\/product\/spartan-couple-gel-ereccion-orgasmo-duracion-2-1\/"},"modified":"2026-03-11T12:38:46","modified_gmt":"2026-03-11T11:38:46","slug":"spartan-couple-gel-ereccion-orgasmo-duracion-2-1","status":"publish","type":"product","link":"https:\/\/www.pussycatmerida.com\/eshop\/producto\/spartan-couple-gel-ereccion-orgasmo-duracion-2-1\/","title":{"rendered":"SPARTAN COUPLE GEL ERECCION-ORGASMO-DURACION 2.1"},"content":{"rendered":"<p class=\"MsoNormal\"><o:p><\/o:p><o:p><\/o:p>Brinda sensaciones \u00fanicas, Spartan es problamente el mejor gel intensificador del orgasmo para parejas, formulado a base base de plantas y extractos 100% naturales.<\/p>\n<p>Desde la primera aplicaci\u00f3n potencia toda la fuerza y energ\u00eda en el \u00f3rgano masculino . \u00a0Con un placentero efecto calor aumenta a una explosi\u00f3n de sensaciones que solo Spartan ha podido crear.<\/p>\n<p>Spartan es gel intensificador de nueva generaci\u00f3n 2018 m\u00e1s potente, jam\u00e1s desarrollado y de larga duraci\u00f3n que existen en el mercado<\/p>\n<p>Apl\u00edcalo suavemente con un masaje sobre 2-3 minutos sobre el \u00f3rgano masculino a lo largo de todo el miembro y sentir\u00e1s un efecto inmediato de fuerza y resistencia. Al uso en la penetraci\u00f3n a la mujer traspasa el efecto potenciando el placer en ambos, en cambio si el uso es para Chico-Chico el efecto es igualmente emocionante.<br \/>Especialmente formulado para el Hombre, es ideal para tener un control de la capacidad sexual y potenciar la erecci\u00f3n<\/p>\n<p>Spartan couple gel te dirige a intensos y m\u00faltiples orgasmos!<\/p>\n<ul>\n<li>Efecto sensacion FrioCalor<\/li>\n<li>Dermatologicamente testado<\/li>\n<li>A base de extractos naturales<\/li>\n<li>Compatible con latex y preservativos<\/li>\n<li>Sin azucares, sin gluten y 100% vegano<\/li>\n<li>Envase 40ml<\/li>\n<li>Aroma y sabor a fresas con menta.<\/li>\n<\/ul>\n<p style=\"text-align: center;\"><iframe loading=\"lazy\" allow=\"accelerometer; autoplay; encrypted-media; gyroscope; picture-in-picture\" allowfullscreen=\"\" frameborder=\"0\" height=\"350\" scrolling=\"no\" src=\"https:\/\/www.youtube-nocookie.com\/embed\/oSCzh2KYsmQ?rel=0controls=0showinfo=0\" width=\"860\"><\/iframe><\/p>\n","protected":false},"excerpt":{"rendered":"<p>SPARTAN COUPLE GEL VIRILITY CREAM 40ML<\/p>\n","protected":false},"featured_media":48607,"template":"","meta":[],"pwb-brand":[809],"product_brand":[],"product_cat":[337,328,340,333,336,330,322,334,365],"product_tag":[],"class_list":{"0":"post-24482","1":"product","2":"type-product","3":"status-publish","4":"has-post-thumbnail","6":"pwb-brand-spartan-couple-gel","7":"product_cat-aceites-y-lubricantes","8":"product_cat-afrodisiacos","9":"product_cat-aceites-y-lubricantesaumenta-la-potencia-en-el-hombre","10":"product_cat-afrodisiacosaumento-del-pene","11":"product_cat-afrodisiacoscremas-potenciadores-orgasmo-femenino","12":"product_cat-afrodisiacospotenciadores","13":"product_cat-seccion-tuppersex","14":"product_cat-afrodisiacossensibilizantes","15":"product_cat-aceites-y-lubricantesaumenta-la-potencia-en-el-hombrevigorizantes","16":"post_count_is_0","17":"boutique_post_style_4","19":"first","20":"instock","21":"taxable","22":"shipping-taxable","23":"purchasable","24":"product-type-simple","25":"boutique_image_style_2"},"brands":[{"id":809,"name":"SPARTAN COUPLE GEL","slug":"spartan-couple-gel"}],"_links":{"self":[{"href":"https:\/\/www.pussycatmerida.com\/eshop\/wp-json\/wp\/v2\/product\/24482","targetHints":{"allow":["GET"]}}],"collection":[{"href":"https:\/\/www.pussycatmerida.com\/eshop\/wp-json\/wp\/v2\/product"}],"about":[{"href":"https:\/\/www.pussycatmerida.com\/eshop\/wp-json\/wp\/v2\/types\/product"}],"wp:featuredmedia":[{"embeddable":true,"href":"https:\/\/www.pussycatmerida.com\/eshop\/wp-json\/wp\/v2\/media\/48607"}],"wp:attachment":[{"href":"https:\/\/www.pussycatmerida.com\/eshop\/wp-json\/wp\/v2\/media?parent=24482"}],"wp:term":[{"taxonomy":"pwb-brand","embeddable":true,"href":"https:\/\/www.pussycatmerida.com\/eshop\/wp-json\/wp\/v2\/pwb-brand?post=24482"},{"taxonomy":"product_brand","embeddable":true,"href":"https:\/\/www.pussycatmerida.com\/eshop\/wp-json\/wp\/v2\/product_brand?post=24482"},{"taxonomy":"product_cat","embeddable":true,"href":"https:\/\/www.pussycatmerida.com\/eshop\/wp-json\/wp\/v2\/product_cat?post=24482"},{"taxonomy":"product_tag","embeddable":true,"href":"https:\/\/www.pussycatmerida.com\/eshop\/wp-json\/wp\/v2\/product_tag?post=24482"}],"curies":[{"name":"wp","href":"https:\/\/api.w.org\/{rel}","templated":true}]}}