{"id":24532,"date":"2021-03-01T13:28:47","date_gmt":"2021-03-01T11:28:47","guid":{"rendered":"https:\/\/www.pussycatmerida.com\/eshop\/product\/secretplay-juego-cambia-tu-rutina-version-es-en\/"},"modified":"2026-03-11T12:26:53","modified_gmt":"2026-03-11T11:26:53","slug":"secretplay-juego-cambia-tu-rutina-version-es-en","status":"publish","type":"product","link":"https:\/\/www.pussycatmerida.com\/eshop\/producto\/secretplay-juego-cambia-tu-rutina-version-es-en\/","title":{"rendered":"SECRETPLAY JUEGO CAMBIA TU RUTINA VERSION ES \/ EN"},"content":{"rendered":"<p>Sal de la rutina con el nuevo juego de Secret Play<\/p>\n<p>C\u00f3mo se juega?<\/p>\n<p>Muy f\u00e1cil! Empieza el que obtenga el n\u00famero mayor con los dados num\u00e9ricos. Tira el dado con c\u00edrculos de colores que te indicar\u00e1 el color del tipo de pruebas que deber\u00e1s hacer. En \u00abQUE VIVA EL ROMANCE\u00bb tendr\u00e9is pruebas de lo m\u00e1s rom\u00e1nticas, con \u00abHAGAMOS PLANES\u00bb vivir\u00e9is las aventuras m\u00e1s sensuales, \u00abSALGAMOS DE CASA\u00bb os permitir\u00e1 salir de la rutina en un d\u00eda cualquiera. Los actos m\u00e1s sexuales los vivir\u00e9is si os toca \u00abPRELIMINARES\u00bb o \u00abAL GRANO\u00bb. Y por \u00faltimo el que caiga en \u00abPREMIO\u00bb podr\u00e1 disfrutar de los premios m\u00e1s picantes.<\/p>\n<p>Para saber cu\u00e1l de las actividades har\u00e9is deber\u00e1s lanzar los dos dados num\u00e9ricos y \u00e9stos te lo indicar\u00e1n. (Por ej. si sale la suma de 10 puntos en los dados y hab\u00edas ca\u00eddo en el tipo de prueba \u00abPREMIO\u00bb os tocar\u00e1 hacer la prueba 10. A COMER!). En \u00abHAGAMOS PLANES\u00bb y \u00abSALGAMOS DE CASA\u00bb igual no pod\u00e9is realizar las pruebas en el momento pero no os preocup\u00e9is. Os guard\u00e1is las pruebas y en un plazo de menos de una semana deb\u00e9is cumplirlas.<\/p>\n<p>Incluye:\u00a0<\/p>\n<ul>\n<li>72 cartas de desaf\u00edos\u00a0<\/li>\n<li>Idiomas. ES\/EN<\/li>\n<li>3 dados\u00a0<\/li>\n<\/ul>\n","protected":false},"excerpt":{"rendered":"<p>SECRETPLAY GAME CHANGE YOUR ROUTINE OUT OF ROUTINE VERSION ES \/ EN<\/p>\n","protected":false},"featured_media":62733,"template":"","meta":[],"pwb-brand":[498,786],"product_brand":[],"product_cat":[378,375,442,376,443],"product_tag":[],"class_list":{"0":"post-24532","1":"product","2":"type-product","3":"status-publish","4":"has-post-thumbnail","6":"pwb-brand-secretplay","7":"pwb-brand-secretplaysecretplay-100-games","8":"product_cat-juegosdados","9":"product_cat-juegos","10":"product_cat-juegosjuegos-de-cartas","11":"product_cat-juegosjuegos-de-pareja","12":"product_cat-juegosjuegos-en-espanol","13":"post_count_is_0","14":"boutique_post_style_4","16":"first","17":"instock","18":"taxable","19":"shipping-taxable","20":"purchasable","21":"product-type-simple","22":"boutique_image_style_2"},"brands":[{"id":498,"name":"SECRETPLAY","slug":"secretplay"},{"id":786,"name":"SECRETPLAY 100% GAMES","slug":"secretplaysecretplay-100-games"}],"_links":{"self":[{"href":"https:\/\/www.pussycatmerida.com\/eshop\/wp-json\/wp\/v2\/product\/24532","targetHints":{"allow":["GET"]}}],"collection":[{"href":"https:\/\/www.pussycatmerida.com\/eshop\/wp-json\/wp\/v2\/product"}],"about":[{"href":"https:\/\/www.pussycatmerida.com\/eshop\/wp-json\/wp\/v2\/types\/product"}],"wp:featuredmedia":[{"embeddable":true,"href":"https:\/\/www.pussycatmerida.com\/eshop\/wp-json\/wp\/v2\/media\/62733"}],"wp:attachment":[{"href":"https:\/\/www.pussycatmerida.com\/eshop\/wp-json\/wp\/v2\/media?parent=24532"}],"wp:term":[{"taxonomy":"pwb-brand","embeddable":true,"href":"https:\/\/www.pussycatmerida.com\/eshop\/wp-json\/wp\/v2\/pwb-brand?post=24532"},{"taxonomy":"product_brand","embeddable":true,"href":"https:\/\/www.pussycatmerida.com\/eshop\/wp-json\/wp\/v2\/product_brand?post=24532"},{"taxonomy":"product_cat","embeddable":true,"href":"https:\/\/www.pussycatmerida.com\/eshop\/wp-json\/wp\/v2\/product_cat?post=24532"},{"taxonomy":"product_tag","embeddable":true,"href":"https:\/\/www.pussycatmerida.com\/eshop\/wp-json\/wp\/v2\/product_tag?post=24532"}],"curies":[{"name":"wp","href":"https:\/\/api.w.org\/{rel}","templated":true}]}}