{"id":24552,"date":"2021-03-01T11:25:25","date_gmt":"2021-03-01T09:25:25","guid":{"rendered":"https:\/\/www.pussycatmerida.com\/eshop\/product\/satisfyer-loveballs-training-set-2\/"},"modified":"2026-03-11T12:38:03","modified_gmt":"2026-03-11T11:38:03","slug":"satisfyer-loveballs-training-set-2","status":"publish","type":"product","link":"https:\/\/www.pussycatmerida.com\/eshop\/producto\/satisfyer-loveballs-training-set-2\/","title":{"rendered":"SATISFYER LOVEBALLS TRAINING SET 2"},"content":{"rendered":"<p style=\"line-height: 20.8px;\"><span style=\"line-height: 23.1111px;\">Satisfyer son juguetes con estilo!!<\/span><\/p>\n<p style=\"line-height: 20.8px;\">Satisfyer Balls Training set 2, es un set de 3 bolas con diferentes pesos que ayuda\u00a0a tonificar los m\u00fasculos del suelo p\u00e9lvico responsables de placer sexual, mientras que mantiene las paredes de la vagina el\u00e1stica y sensible a la estimulaci\u00f3n y el placer. Conjunto de bolas de Satisfyer\u00a0est\u00e1n perfectamente dise\u00f1adas para un uso personalizado, podr\u00e1s llevar las bolas de silicona liquida en cualquier lugar de una forma muy comoda.<\/p>\n<p style=\"line-height: 20.8px;\">El set incluye tres bolas con diferentes pesos.<\/p>\n<ul>\n<li>79.3 Gramos ,\u00a0 indicado para principiantes o al inicio del tratamiento.<\/li>\n<li>114.1 Gramos, indicado para la segunda fase del tratamiento o personas avanzadas.<\/li>\n<li>150.3 Gramos, indicado para un perfecto mantenimiento o el uso avanzado.<\/li>\n<\/ul>\n<p style=\"line-height: 20.8px;\">Gracias a su silicona liquida medica, suave y sedosa se deslizan perfectamente en su uso.<\/p>\n<ul style=\"line-height: 20.8px;\">\n<li>Una vez que las tengas dentro de ti, tus m\u00fasculos p\u00e9lvicos empezar\u00e1n a trabajar tratando de retener las bolas en su sitio.<\/li>\n<\/ul>\n<p style=\"line-height: 20.8px;\">Training set\u00a0 2\u00a0son tan incre\u00edblemente discretas, podr\u00e1s llevarlas sin que nadie se de cuenta, en secreto y de forma divertida.<\/p>\n<p style=\"line-height: 20.8px;\">Las bolas de satisfyer, son completamente respetuosas con tu piel, libres de ftalatos y muy higi\u00e9nicas, sin olvidar que son hipoalerg\u00e9nicas y perfectas para las pieles m\u00e1s sensibles.<\/p>\n<p style=\"line-height: 20.8px;\">Usar un buen lubricante a base de agua como la marca waterfeel o nina kik\u00ed\u00a0en su uso en caso de ser necesario ( evitar lubricantes de silicona )\u00a0<\/p>\n<p style=\"line-height: 20.8px;\">En Satisfyer buscamos la innovacion, dise\u00f1o y calidad para satisfacerte como nadie lo hace.<\/p>\n","protected":false},"excerpt":{"rendered":"<p>SATISFYER LOVEBALLS TRAINING SET 2<\/p>\n","protected":false},"featured_media":59077,"template":"","meta":[],"pwb-brand":[43],"product_brand":[],"product_cat":[430,274],"product_tag":[],"class_list":{"0":"post-24552","1":"product","2":"type-product","3":"status-publish","4":"has-post-thumbnail","6":"pwb-brand-satisfyer","7":"product_cat-juguetes-sexuales-xxxbolas","8":"product_cat-juguetes-sexuales-xxx","9":"post_count_is_0","10":"boutique_post_style_4","12":"first","13":"instock","14":"taxable","15":"shipping-taxable","16":"purchasable","17":"product-type-simple","18":"boutique_image_style_2"},"brands":[{"id":43,"name":"SATISFYER","slug":"satisfyer"}],"_links":{"self":[{"href":"https:\/\/www.pussycatmerida.com\/eshop\/wp-json\/wp\/v2\/product\/24552","targetHints":{"allow":["GET"]}}],"collection":[{"href":"https:\/\/www.pussycatmerida.com\/eshop\/wp-json\/wp\/v2\/product"}],"about":[{"href":"https:\/\/www.pussycatmerida.com\/eshop\/wp-json\/wp\/v2\/types\/product"}],"wp:featuredmedia":[{"embeddable":true,"href":"https:\/\/www.pussycatmerida.com\/eshop\/wp-json\/wp\/v2\/media\/59077"}],"wp:attachment":[{"href":"https:\/\/www.pussycatmerida.com\/eshop\/wp-json\/wp\/v2\/media?parent=24552"}],"wp:term":[{"taxonomy":"pwb-brand","embeddable":true,"href":"https:\/\/www.pussycatmerida.com\/eshop\/wp-json\/wp\/v2\/pwb-brand?post=24552"},{"taxonomy":"product_brand","embeddable":true,"href":"https:\/\/www.pussycatmerida.com\/eshop\/wp-json\/wp\/v2\/product_brand?post=24552"},{"taxonomy":"product_cat","embeddable":true,"href":"https:\/\/www.pussycatmerida.com\/eshop\/wp-json\/wp\/v2\/product_cat?post=24552"},{"taxonomy":"product_tag","embeddable":true,"href":"https:\/\/www.pussycatmerida.com\/eshop\/wp-json\/wp\/v2\/product_tag?post=24552"}],"curies":[{"name":"wp","href":"https:\/\/api.w.org\/{rel}","templated":true}]}}