{"id":24575,"date":"2021-02-26T14:49:34","date_gmt":"2021-02-26T12:49:34","guid":{"rendered":"https:\/\/www.pussycatmerida.com\/eshop\/product\/addicted-toys-masturbador-boca-2-0\/"},"modified":"2026-03-11T12:40:46","modified_gmt":"2026-03-11T11:40:46","slug":"addicted-toys-masturbador-boca-2-0","status":"publish","type":"product","link":"https:\/\/www.pussycatmerida.com\/eshop\/producto\/addicted-toys-masturbador-boca-2-0\/","title":{"rendered":"ADDICTED TOYS MASTURBADOR BOCA 2.0"},"content":{"rendered":"<p>Instrucciones de uso;<\/p>\n<p>Aplica antes de su uso un \u00a0lubricante a base de agua sin parabenos como la marca Waterfeel o Nina Kik\u00ed.<\/p>\n<p>Tras su uso, si la eyaculaci\u00f3n no se ha producido dentro, l\u00edmpialo con jab\u00f3n ph neutro y agua tibia, si la eyaculaci\u00f3n se ha producido dentro, extrae la manga, col\u00f3calo bajo el agua y l\u00edmpialo con jab\u00f3n ph neutro, d\u00e9jalo secar y estar\u00e1 listo para su uso nuevamente.<\/p>\n<ul>\n<li>Forma Boca.<\/li>\n<li>Material; TPR libre de phalatos<\/li>\n<\/ul>\n<p><strong>5 BENEFICIOS DE LA MASTURBACI\u00d3N MASCULINA\u00a0<\/strong><\/p>\n<p>La masturbaci\u00f3n sigue apreci\u00e1ndose en algunas sociedades como algo inmoral y da\u00f1ino. De hecho, es un tema casi prohibido, del que apenas se hablan en las reuniones y queda reservado a cuestiones \u00edntimas. Tampoco hay que pasar por alto algunas de las leyendas urbanas que circulaban en torno a la masturbaci\u00f3n masculina: como que provocaba esterilidad, ceguera o la aparici\u00f3n de granos. Sin embargo, est\u00e1 t\u00e9cnica produce placer y relajaci\u00f3n, entre otras cosas. A continuaci\u00f3n, te mostramos los 5 beneficios de la masturbaci\u00f3n masculina.<\/p>\n<ul>\n<li><strong>Evita el c\u00e1ncer de pr\u00f3stata<\/strong><\/li>\n<\/ul>\n<p>El c\u00e1ncer de pr\u00f3stata es el tipo de c\u00e1ncer m\u00e1s com\u00fan entre los hombres de m\u00e1s de 70 a\u00f1os. De hecho, va en aumento, como demuestra que ya suponga el 12% de los nuevos casos de c\u00e1ncer detectados en Europa.<\/p>\n<p>Distintas investigaciones han desvelado que el vaciado frecuente de la gl\u00e1ndula prost\u00e1tica, algo que se obtiene por medio de la eyaculaci\u00f3n, puede evitar la aparici\u00f3n del c\u00e1ncer de pr\u00f3stata. Algunos estudios aseguran que los que se masturban m\u00e1s de cinco veces a la semana cuentan con un 30% menos de opciones de acabar con un tumor de pr\u00f3stata.<\/p>\n<ul>\n<li><strong>Relajante natural<\/strong><\/li>\n<\/ul>\n<p>Las opciones m\u00e1s frecuentes para relajarse son la tila, la lectura, el yoga o incluso las pastillas. Pero gracias a la masturbaci\u00f3n tambi\u00e9n se puede obtener esta cualidad, adem\u00e1s de permitirnos acabar con el insomnio. Al alcanzar el orgasmo, el cerebro del hombre segrega hormonas como la serotonina y la oxitocina, que van asociadas al sue\u00f1o.<\/p>\n<ul>\n<li><strong>M\u00e1s fertilidad<\/strong><\/li>\n<\/ul>\n<p>Al contrario de lo que se piensa en muchas ocasiones, la masturbaci\u00f3n no afecta a la calidad del semen. M\u00e1s bien todo lo contrario, ya que lo consigue en realidad es mejorar la movilidad de los espermatozoides. Esto es as\u00ed ya que por medio de la eyaculaci\u00f3n se desprenden los espermatozoides residuales, consiguiendo que los nuevos que salgan sean m\u00e1s sanos y j\u00f3venes.<\/p>\n<ul>\n<li><strong>Prevenci\u00f3n de infecciones<\/strong><\/li>\n<\/ul>\n<p>Con cada eyaculaci\u00f3n se expulsan hacia fuera las bacterias. Por lo tanto, los conductos eyaculadores se van limpiando, evitando que se pueda desarrollar una infecci\u00f3n. Pero adem\u00e1s de notarlo en los genitales, tambi\u00e9n lo apreciar\u00e1s en otras zonas del organismo.<\/p>\n<ul>\n<li><strong>Aumenta la felicidad<\/strong><\/li>\n<\/ul>\n<p>Con la masturbaci\u00f3n segregamos una serie de hormonas como la dopamina y la oxitocina, que est\u00e1n asociadas con los niveles de felicidad. Se activan los circuitos cerebrales de la satisfacci\u00f3n, mejorando el estado de \u00e1nimo y la felicidad.<\/p>\n<p>Utiliza Adicted Toy con frecuencia para mejorar tu rendimiento sexual!\u00a0<\/p>\n<p style=\"text-align: center;\">\u00a0<\/p>\n","protected":false},"excerpt":{"rendered":"<p>ADDICTED TOYS MOUTH MASTURBATOR 2.0<\/p>\n","protected":false},"featured_media":48627,"template":"","meta":[],"pwb-brand":[464],"product_brand":[],"product_cat":[281,274,293,322],"product_tag":[],"class_list":{"0":"post-24575","1":"product","2":"type-product","3":"status-publish","4":"has-post-thumbnail","6":"pwb-brand-addicted-toys","7":"product_cat-juguetes-sexuales-xxxbocas-y-manos","8":"product_cat-juguetes-sexuales-xxx","9":"product_cat-juguetes-sexuales-xxxmasturbadores-para-ellos","10":"product_cat-seccion-tuppersex","11":"post_count_is_0","12":"boutique_post_style_4","14":"first","15":"instock","16":"taxable","17":"shipping-taxable","18":"purchasable","19":"product-type-simple","20":"boutique_image_style_2"},"brands":[{"id":464,"name":"ADDICTED TOYS","slug":"addicted-toys"}],"_links":{"self":[{"href":"https:\/\/www.pussycatmerida.com\/eshop\/wp-json\/wp\/v2\/product\/24575","targetHints":{"allow":["GET"]}}],"collection":[{"href":"https:\/\/www.pussycatmerida.com\/eshop\/wp-json\/wp\/v2\/product"}],"about":[{"href":"https:\/\/www.pussycatmerida.com\/eshop\/wp-json\/wp\/v2\/types\/product"}],"wp:featuredmedia":[{"embeddable":true,"href":"https:\/\/www.pussycatmerida.com\/eshop\/wp-json\/wp\/v2\/media\/48627"}],"wp:attachment":[{"href":"https:\/\/www.pussycatmerida.com\/eshop\/wp-json\/wp\/v2\/media?parent=24575"}],"wp:term":[{"taxonomy":"pwb-brand","embeddable":true,"href":"https:\/\/www.pussycatmerida.com\/eshop\/wp-json\/wp\/v2\/pwb-brand?post=24575"},{"taxonomy":"product_brand","embeddable":true,"href":"https:\/\/www.pussycatmerida.com\/eshop\/wp-json\/wp\/v2\/product_brand?post=24575"},{"taxonomy":"product_cat","embeddable":true,"href":"https:\/\/www.pussycatmerida.com\/eshop\/wp-json\/wp\/v2\/product_cat?post=24575"},{"taxonomy":"product_tag","embeddable":true,"href":"https:\/\/www.pussycatmerida.com\/eshop\/wp-json\/wp\/v2\/product_tag?post=24575"}],"curies":[{"name":"wp","href":"https:\/\/api.w.org\/{rel}","templated":true}]}}