{"id":24622,"date":"2021-02-24T15:15:30","date_gmt":"2021-02-24T13:15:30","guid":{"rendered":"https:\/\/www.pussycatmerida.com\/eshop\/product\/happy-loky-miki-vibrador-rabbit\/"},"modified":"2026-03-11T12:38:04","modified_gmt":"2026-03-11T11:38:04","slug":"happy-loky-miki-vibrador-rabbit","status":"publish","type":"product","link":"https:\/\/www.pussycatmerida.com\/eshop\/producto\/happy-loky-miki-vibrador-rabbit\/","title":{"rendered":"HAPPY LOKY  MIKI VIBRADOR RABBIT"},"content":{"rendered":"<p>Miky es un vibrador Rabbit de tacto suave y sedoso que estimula al mismo tiempo el cl\u00edtoris y el punto G. Miki incorpora dos motores potentes y silenciosos que pueden funcionar independientemente y que disponen de hasta 7 diferentes patrones de vibraci\u00f3n que estimulan simult\u00e1neamente ambos, cl\u00edtoris y punto G.<\/p>\n<p>La silicona ultrasuave y tacto agradable facilita la inserci\u00f3n del vibrador y es impermeable<\/p>\n<ul>\n<li>Silicona suave y sedosa<\/li>\n<li>Dos motores potentes<\/li>\n<li>Silencioso<\/li>\n<li>Sumergible<\/li>\n<li>Estimulaci\u00f3n Punto G y Cl\u00edtoris<\/li>\n<li>Panel retroiluminado de Led.<\/li>\n<li>Recargable v\u00eda USB con cable cargador incluido.<\/li>\n<\/ul>\n<p>Recubierto de silicona suave y sedosa, los 3 vibradores est\u00e1n acompa\u00f1ados de un packing ingenioso, mientras que ocian tienen un mando control remoto perfecto para deleitar a todos, Miky y Mini tienen un color joven y animado con panel de led retroiluminado que te indica en todo momento el patr\u00f3n de vibraci\u00f3n en acci\u00f3n.\u00a0<\/p>\n<p>1 a\u00f1o de garantia completo.<\/p>\n<p>INFORMACION DEL PRODUCTO:<\/p>\n<ul>\n<li>Longitud total: 19.5\u00a0cm<\/li>\n<li>Longitud insertable: 11.5 cm<\/li>\n<li>Di\u00e1metro max: 4 cm<\/li>\n<li>Peso: 175 gr<\/li>\n<li>Material: Silicona y ABS<\/li>\n<li>Color: Azul turquesa y plateado<\/li>\n<li>Sumergible: Si<\/li>\n<li>Bater\u00eda: Si, USB recargable\u00a0<\/li>\n<\/ul>\n<p style=\"text-align: center;\"><iframe loading=\"lazy\" allow=\"accelerometer; autoplay; encrypted-media; gyroscope; picture-in-picture\" allowfullscreen=\"\" frameborder=\"0\" height=\"415\" scrolling=\"no\" src=\"https:\/\/www.youtube.com\/embed\/BSuEWMV8rD4?rel=0controls=0showinfo=0\" width=\"860\"><\/iframe><\/p>\n","protected":false},"excerpt":{"rendered":"<p>HAPPY LOKY MIKI RABBIT<\/p>\n","protected":false},"featured_media":35633,"template":"","meta":[],"pwb-brand":[514],"product_brand":[],"product_cat":[274,294,905,298],"product_tag":[],"class_list":{"0":"post-24622","1":"product","2":"type-product","3":"status-publish","4":"has-post-thumbnail","6":"pwb-brand-happy-loky","7":"product_cat-juguetes-sexuales-xxx","8":"product_cat-juguetes-sexuales-xxxmasturbadores-para-ellas","9":"product_cat-vibradores-dobles","10":"product_cat-juguetes-sexuales-xxxvibradores-hi-tech","11":"post_count_is_0","12":"boutique_post_style_4","14":"first","15":"instock","16":"taxable","17":"shipping-taxable","18":"purchasable","19":"product-type-simple","20":"boutique_image_style_2"},"brands":[{"id":514,"name":"HAPPY LOKY","slug":"happy-loky"}],"_links":{"self":[{"href":"https:\/\/www.pussycatmerida.com\/eshop\/wp-json\/wp\/v2\/product\/24622","targetHints":{"allow":["GET"]}}],"collection":[{"href":"https:\/\/www.pussycatmerida.com\/eshop\/wp-json\/wp\/v2\/product"}],"about":[{"href":"https:\/\/www.pussycatmerida.com\/eshop\/wp-json\/wp\/v2\/types\/product"}],"wp:featuredmedia":[{"embeddable":true,"href":"https:\/\/www.pussycatmerida.com\/eshop\/wp-json\/wp\/v2\/media\/35633"}],"wp:attachment":[{"href":"https:\/\/www.pussycatmerida.com\/eshop\/wp-json\/wp\/v2\/media?parent=24622"}],"wp:term":[{"taxonomy":"pwb-brand","embeddable":true,"href":"https:\/\/www.pussycatmerida.com\/eshop\/wp-json\/wp\/v2\/pwb-brand?post=24622"},{"taxonomy":"product_brand","embeddable":true,"href":"https:\/\/www.pussycatmerida.com\/eshop\/wp-json\/wp\/v2\/product_brand?post=24622"},{"taxonomy":"product_cat","embeddable":true,"href":"https:\/\/www.pussycatmerida.com\/eshop\/wp-json\/wp\/v2\/product_cat?post=24622"},{"taxonomy":"product_tag","embeddable":true,"href":"https:\/\/www.pussycatmerida.com\/eshop\/wp-json\/wp\/v2\/product_tag?post=24622"}],"curies":[{"name":"wp","href":"https:\/\/api.w.org\/{rel}","templated":true}]}}