{"id":24624,"date":"2021-02-24T14:54:27","date_gmt":"2021-02-24T12:54:27","guid":{"rendered":"https:\/\/www.pussycatmerida.com\/eshop\/product\/happy-loky-ocian-control-remoto\/"},"modified":"2026-03-11T12:38:04","modified_gmt":"2026-03-11T11:38:04","slug":"happy-loky-ocian-control-remoto","status":"publish","type":"product","link":"https:\/\/www.pussycatmerida.com\/eshop\/producto\/happy-loky-ocian-control-remoto\/","title":{"rendered":"HAPPY LOKY OCIAN CONTROL REMOTO"},"content":{"rendered":"<p>Ocian es una bala control remoto innovadora, recubierto de silicona suave y sedosa tiene un mando completamente discreto en color negro mientras que el divertido Ocian tiene una radio de acci\u00f3n de 5 metros, perfectos para jugar solo, en pareja o con amigos.<\/p>\n<p>Dispone de una zona rugosa para proporcionar una excitaci\u00f3n sexual incre\u00edble. Es silencioso y dispone de hasta 10 modos de vibraci\u00f3n.<\/p>\n<ul>\n<li>Silicona suave y sedosa<\/li>\n<li>Potente y silencioso<\/li>\n<li>10 modos de vibraci\u00f3n.<\/li>\n<li>Alcance de hasta 5 metros.<\/li>\n<li>Recargable v\u00eda usb<\/li>\n<\/ul>\n<p>No tienes excusas, con Happy Loki ser\u00e1s mas feliz!<\/p>\n<p>Todos los productos Happy loki disponen de un acabado en silicona excepcional, carga completa en tan solo 2 horas, son recargables v\u00eda usb y tienen 1 a\u00f1o de garant\u00eda.<\/p>\n<p>INFORMACION DEL PRODUCTO:<\/p>\n<ul>\n<li>Longitud total: 19.5\u00a0cm<\/li>\n<li>Longitud insertable: 7.5 cm<\/li>\n<li>Di\u00e1metro max: 3.5\u00a0cm<\/li>\n<li>Peso: 50 gr<\/li>\n<li>Material: Silicona y ABS<\/li>\n<li>Color: Rosa Azul turquesa<\/li>\n<li>Sumergible: Si<\/li>\n<li>Mando a pila:\u00a0 1 x cr 2032 3v<\/li>\n<li>Bater\u00eda: Si, USB recargable\u00a0<\/li>\n<\/ul>\n<p style=\"text-align: center;\"><iframe loading=\"lazy\" allow=\"accelerometer; autoplay; encrypted-media; gyroscope; picture-in-picture\" allowfullscreen=\"\" frameborder=\"0\" height=\"415\" scrolling=\"no\" src=\"https:\/\/www.youtube.com\/embed\/BSuEWMV8rD4?rel=0controls=0showinfo=0\" width=\"860\"><\/iframe><\/p>\n","protected":false},"excerpt":{"rendered":"<p>HAPPY LOKY OCIAN REMOTE CONTROL<\/p>\n","protected":false},"featured_media":34156,"template":"","meta":[],"pwb-brand":[514],"product_brand":[],"product_cat":[284,289,274],"product_tag":[],"class_list":{"0":"post-24624","1":"product","2":"type-product","3":"status-publish","4":"has-post-thumbnail","6":"pwb-brand-happy-loky","7":"product_cat-juguetes-sexuales-xxxcontrol-remoto","8":"product_cat-juguetes-sexuales-xxxhuevos-vibradores","9":"product_cat-juguetes-sexuales-xxx","10":"post_count_is_0","11":"boutique_post_style_4","13":"first","14":"instock","15":"taxable","16":"shipping-taxable","17":"purchasable","18":"product-type-simple","19":"boutique_image_style_2"},"brands":[{"id":514,"name":"HAPPY LOKY","slug":"happy-loky"}],"_links":{"self":[{"href":"https:\/\/www.pussycatmerida.com\/eshop\/wp-json\/wp\/v2\/product\/24624","targetHints":{"allow":["GET"]}}],"collection":[{"href":"https:\/\/www.pussycatmerida.com\/eshop\/wp-json\/wp\/v2\/product"}],"about":[{"href":"https:\/\/www.pussycatmerida.com\/eshop\/wp-json\/wp\/v2\/types\/product"}],"wp:featuredmedia":[{"embeddable":true,"href":"https:\/\/www.pussycatmerida.com\/eshop\/wp-json\/wp\/v2\/media\/34156"}],"wp:attachment":[{"href":"https:\/\/www.pussycatmerida.com\/eshop\/wp-json\/wp\/v2\/media?parent=24624"}],"wp:term":[{"taxonomy":"pwb-brand","embeddable":true,"href":"https:\/\/www.pussycatmerida.com\/eshop\/wp-json\/wp\/v2\/pwb-brand?post=24624"},{"taxonomy":"product_brand","embeddable":true,"href":"https:\/\/www.pussycatmerida.com\/eshop\/wp-json\/wp\/v2\/product_brand?post=24624"},{"taxonomy":"product_cat","embeddable":true,"href":"https:\/\/www.pussycatmerida.com\/eshop\/wp-json\/wp\/v2\/product_cat?post=24624"},{"taxonomy":"product_tag","embeddable":true,"href":"https:\/\/www.pussycatmerida.com\/eshop\/wp-json\/wp\/v2\/product_tag?post=24624"}],"curies":[{"name":"wp","href":"https:\/\/api.w.org\/{rel}","templated":true}]}}