{"id":24632,"date":"2021-02-26T14:50:21","date_gmt":"2021-02-26T12:50:21","guid":{"rendered":"https:\/\/www.pussycatmerida.com\/eshop\/product\/lips-style-shia-pintalabios-vibrador\/"},"modified":"2026-03-11T12:38:04","modified_gmt":"2026-03-11T11:38:04","slug":"lips-style-shia-pintalabios-vibrador","status":"publish","type":"product","link":"https:\/\/www.pussycatmerida.com\/eshop\/producto\/lips-style-shia-pintalabios-vibrador\/","title":{"rendered":"LIPS STYLE SHIA PINTALABIOS VIBRADOR"},"content":{"rendered":"<p>Ahora la marca LYPS STIYLE se lanza al mercado con un pintalabios vibrador de calidad, con 10 incre\u00edbles modos de vibraci\u00f3n, envuelto en silicona anti alerg\u00e9nica suave y sedosa. Ahora ya no solo un pintalabios es s\u00edmbolo de feminidad, sino que tambi\u00e9n es s\u00edmbolo de placer, la evoluci\u00f3n y la historia han dado como resultado el razonamiento y la libertad de la mujer, el placer por encima de todo es bienestar, por eso LYPS STYLE se inspira en la historia del pintalabios de la mujer, y en honor a sus 100 a\u00f1os de historia, \u00a1sale el mejor pintalabios vibrado para la mujer de hoy!\u00a0<\/p>\n<ul>\n<li>Silicona antialergenica<\/li>\n<li>Recargable usb incluido<\/li>\n<li>10 Patrones de Vibraci\u00f3n<\/li>\n<li>1 Motor<\/li>\n<li>Potente y silencioso<\/li>\n<li>Bateria de iones de litio<\/li>\n<li>Facil de limpiar<\/li>\n<\/ul>\n<p>Aunque su creaci\u00f3n puede ser a\u00fan m\u00e1s antigua si se tienen en cuenta los pigmentos que usaba la cultura egipcia y griega, el pintalabios tal y como lo conocemos cumple su primer siglo y sigue vigente como un s\u00edmbolo complejo de la feminidad.<\/p>\n<p>Habr\u00e1 alguna mujer que no lleve un pintalabios en su cartera? Puede ser, aunque es innegable que este elemento es el s\u00edmbolo de la belleza femenina y un \u00edcono de la cultura popular. El labial cumple 100 a\u00f1os y se mantiene como el producto de maquillaje que m\u00e1s se vende con cerca de 1000 millones de unidades en todo el mundo.\u00a0<br \/>\u00a0<br \/>La historia del labial, incluso puede ser m\u00e1s antigua si se tiene en cuenta el maquillaje primario de las mujeres en la antig\u00fcedad. En parte de Egipto, algunos pigmentos naturales funcionaron como bases del maquillaje actual. Las ceras se fusionaban para dar ciertos colores que se usaban en ojos y boca, pero que en principio s\u00f3lo eran permitidos para la clase social aristocr\u00e1tica. (Lea tambi\u00e9n Y qu\u00e9 si las mujeres nos queremos maquillar?)\u00a0<\/p>\n<p>En Grecia, las mujeres en cambio se pintaban los labios para indicar que eran prostitutas, mientras que en Roma lo hac\u00edan las damas de clase alta.<\/p>\n<p>Antiguos faraones y reyes tambi\u00e9n se maquillaban, aunque este hecho estaba lejos de ser una cuesti\u00f3n de vanidad, para ellos el maquillaje estaba relacionado con el alejamiento de esp\u00edritus y con propiedades medicinales. Por ejemplo, le atribu\u00edan propiedades para quitar el mal de ojo o para representar la fuerza de sus ancestros.<br \/>Pero la revoluci\u00f3n llegar\u00eda en 1915 de la mano del fabricante estadounidense Maurice Levy. Con la idea de facilitar la aplicaci\u00f3n y que quitara el engorroso proceso de necesitar un pincel que parad\u00f3jicamente hoy vuelve a estar de moda-, Levy y otros fabricantes pensaron en que la soluci\u00f3n era una presentaci\u00f3n m\u00e1s simple e higi\u00e9nica.\u00a0<\/p>\n<p>Despu\u00e9s de muchos intentos, Levy cre\u00f3 un b\u00e1lsamo en forma de barra, al principio un poco inestable, pero que luego se convirti\u00f3 en el producto que vemos hoy. En resumen, ide\u00f3 un l\u00e1piz labial unido a una plataforma -que se deslizaba en la medida en que el pintalabios se gastaba- y que estaba dentro de un tubo de metal con tapa. De esta forma, la barra se volv\u00eda reusable.\u00a0<br \/>Voil\u00e1, algo tan simple sigue siendo hoy el producto por excelencia y un s\u00edmbolo complejo de feminidad. Amado por la mayor\u00eda, pero sometido a escrutinio por lo m\u00e1s radicales que lo tildan de ser un objeto opresor, machista, provocador y tremendamente sexual, el labial sin embargo se sigue manteni\u00e9ndose en el mercado de la belleza.\u00a0<br \/>\u00abEl labial se percibe como objeto de consumo y de arreglo personal aceptado en un medio donde la modernidad es deseada y el \u00e9xito profesional predomina como objetivo de vida (\u2026) Pero no debemos olvidar la funci\u00f3n primera del maquillaje, y \u00e9sa es crear una ilusi\u00f3n visual.<\/p>\n<p>Modifica temporalmente el rostro y, por ende, la manera en la cual se presentan sus usuarias ante los dem\u00e1s\u00bb, as\u00ed lo describe un estudio de la Universidad Cat\u00f3lica del Per\u00fa llamada &#8216;L\u00e1piz labial: identidad, presentaci\u00f3n y experiencias de la feminidad&#8217;.\u00a0<\/p>\n<p>-Rojo pasi\u00f3n-<\/p>\n<p>Esta investigaci\u00f3n sugiere tambi\u00e9n que ciertos colores acent\u00faan estas pr\u00e1cticas machistas. El color rojo de los labios siempre ha tenido una connotaci\u00f3n eminentemente sexual.<\/p>\n<p>\u00abLos elementos que identifican la femineidad pueden ser subestimados, pero contienen discursos y saberes que nos hablan acerca de lo que significa para la sociedad no s\u00f3lo ser mujer, sino llegar a una cierta imagen ideal. La industria cosm\u00e9tica juega con esos valores simb\u00f3licos\u201d, indica el texto.<\/p>\n<p>La uni\u00f3n de maquillaje y publicidad probablemente haya dado luz a una de las armas de propagaci\u00f3n masivas m\u00e1s fuertes de todos los tiempos. Desde revistas, medios de comunicaci\u00f3n y ahora redes sociales, el ideal de perfecci\u00f3n, de moda, de tendencia, el ideal de ser mujer, hombre, ni\u00f1o, homosexual, se potencia con constantes presentaciones de modelos de esa vida.\u00a0<\/p>\n<p>El labial ja jugado un papel importante en momentos claves de la historia. Fuera de ser tambi\u00e9n un elemento para el teatro, por ejemplo, fue un producto comercializado por Elisabeth Arden durante la Segunda Guerra Mundial en una campa\u00f1a que se denominaba \u00abLa campa\u00f1a como deber\u00bb para intentar bajar el tono de la crisis que el mundo viv\u00eda.\u00a0<\/p>\n<p>INFORMACION DEL PRODUCTO:<\/p>\n<ul>\n<li>Longitud total: 10.2\u00a0cm<\/li>\n<li>Di\u00e1metro: 2.5\u00a0cm<\/li>\n<li>Peso: 45\u00a0gr<\/li>\n<li>Material: ABS y silicona<\/li>\n<li>Color carcasa: Negro. Pintalabios rojo<\/li>\n<li>Resistente al agua: Si<\/li>\n<li>Bater\u00eda: Si, USB recargable\u00a0<\/li>\n<\/ul>\n<p style=\"text-align: center;\"><iframe loading=\"lazy\" allow=\"accelerometer; autoplay; encrypted-media; gyroscope; picture-in-picture\" allowfullscreen=\"\" frameborder=\"0\" height=\"315\" scrolling=\"no\" src=\"https:\/\/www.youtube.com\/embed\/zNIj92jYjb4?rel=0controls=0showinfo=0\" width=\"860\"><\/iframe><\/p>\n","protected":false},"excerpt":{"rendered":"<p>LIPS STYLE SHIA BLACKRED<\/p>\n","protected":false},"featured_media":48713,"template":"","meta":[],"pwb-brand":[811],"product_brand":[],"product_cat":[429,288,274,294,434,322,299],"product_tag":[],"class_list":{"0":"post-24632","1":"product","2":"type-product","3":"status-publish","4":"has-post-thumbnail","6":"pwb-brand-lips-style","7":"product_cat-juguetes-sexuales-xxxbalas-vibradoras","8":"product_cat-juguetes-sexuales-xxxestimuladores","9":"product_cat-juguetes-sexuales-xxx","10":"product_cat-juguetes-sexuales-xxxmasturbadores-para-ellas","11":"product_cat-juguetes-sexuales-xxxestimuladorespara-clitoris","12":"product_cat-seccion-tuppersex","13":"product_cat-juguetes-sexuales-xxxvibradores","14":"post_count_is_0","15":"boutique_post_style_4","17":"first","18":"instock","19":"taxable","20":"shipping-taxable","21":"purchasable","22":"product-type-simple","23":"boutique_image_style_2"},"brands":[{"id":811,"name":"LIPS STYLE","slug":"lips-style"}],"_links":{"self":[{"href":"https:\/\/www.pussycatmerida.com\/eshop\/wp-json\/wp\/v2\/product\/24632","targetHints":{"allow":["GET"]}}],"collection":[{"href":"https:\/\/www.pussycatmerida.com\/eshop\/wp-json\/wp\/v2\/product"}],"about":[{"href":"https:\/\/www.pussycatmerida.com\/eshop\/wp-json\/wp\/v2\/types\/product"}],"wp:featuredmedia":[{"embeddable":true,"href":"https:\/\/www.pussycatmerida.com\/eshop\/wp-json\/wp\/v2\/media\/48713"}],"wp:attachment":[{"href":"https:\/\/www.pussycatmerida.com\/eshop\/wp-json\/wp\/v2\/media?parent=24632"}],"wp:term":[{"taxonomy":"pwb-brand","embeddable":true,"href":"https:\/\/www.pussycatmerida.com\/eshop\/wp-json\/wp\/v2\/pwb-brand?post=24632"},{"taxonomy":"product_brand","embeddable":true,"href":"https:\/\/www.pussycatmerida.com\/eshop\/wp-json\/wp\/v2\/product_brand?post=24632"},{"taxonomy":"product_cat","embeddable":true,"href":"https:\/\/www.pussycatmerida.com\/eshop\/wp-json\/wp\/v2\/product_cat?post=24632"},{"taxonomy":"product_tag","embeddable":true,"href":"https:\/\/www.pussycatmerida.com\/eshop\/wp-json\/wp\/v2\/product_tag?post=24632"}],"curies":[{"name":"wp","href":"https:\/\/api.w.org\/{rel}","templated":true}]}}