{"id":24659,"date":"2021-02-26T14:50:29","date_gmt":"2021-02-26T12:50:29","guid":{"rendered":"https:\/\/www.pussycatmerida.com\/eshop\/product\/black-silver-zara-estimulador-control-remoto-con-panty\/"},"modified":"2026-03-11T12:38:04","modified_gmt":"2026-03-11T11:38:04","slug":"black-silver-zara-estimulador-control-remoto-con-panty","status":"publish","type":"product","link":"https:\/\/www.pussycatmerida.com\/eshop\/producto\/black-silver-zara-estimulador-control-remoto-con-panty\/","title":{"rendered":"BLACK  SILVER ZARA ESTIMULADOR CONTROL REMOTO CON PANTY"},"content":{"rendered":"<p><strong>\u00a1No te pares cuando sientas la vibraci\u00f3n! <\/strong>Suave y sedoso al tacto este masajeador recargable de 10 funciones es incre\u00edblemente ver. \u00a1Introd\u00facelo en la braguita incluida! \u00a1Se amolda perfectamente a los labios mayores, activa el mando control remoto y empieza la acci\u00f3n! No solo es un masejeador control remoto, si no que adem\u00e1s las vibraciones pontentes y silenciosas provocan placer al contacto, tambi\u00e9n puede ponerse entre dos personas en las relaciones sexuales. Zara es un masajeador polivalente, cuando se aplica en las zonas er\u00f3genas del cuerpo, sea pezones, cl\u00edtoris, test\u00edculos pene y perineo<\/p>\n<p>\u00a1Zara tiene un bot\u00f3n retroiluminado que te avisa que est\u00e1 en acci\u00f3n! Enci\u00e9ndelo y util\u00edzalo con o sin mando, masajea o juega a la estimulaci\u00f3n a distancia.<\/p>\n<p>Recargable con el USB incluido y 10 potentes patrones de vibraci\u00f3n de suave a fuerte.\u00a0 Fabricado en silicona antialerg\u00e9nica libre de ftalatos.<\/p>\n<p>El vibrador est\u00e1 alimentado con una bater\u00eda en su interior que lleva incorporado un acumulador de recarga. El proceso de recarga funciona a trav\u00e9s de un cargador USB incluido que utiliza la tecnolog\u00eda carga r\u00e1pida en menos de 2 horas.<\/p>\n<ul>\n<li>Recargable, USB incluido<\/li>\n<li>Control Remoto hasta 15 metros.<\/li>\n<li>10 patrones de vibraci\u00f3n<\/li>\n<li>100% Silicona suave y sedosa.<\/li>\n<li>1 bot\u00f3n retroiluminado de control que activa o desactiva la vibraci\u00f3n tras tres segundos seguidos pulsando.<\/li>\n<li>Sumergible<\/li>\n<li>Braguita incluida, talla \u00fanica, 95% Poliester 5 % Spandex.<\/li>\n<\/ul>\n<p>1 a\u00f1o completo de garant\u00eda.<\/p>\n<p style=\"text-align: center;\"><iframe loading=\"lazy\" allow=\"accelerometer; autoplay; encrypted-media; gyroscope; picture-in-picture\" allowfullscreen=\"\" frameborder=\"0\" height=\"550\" scrolling=\"no\" src=\"https:\/\/www.youtube.com\/embed\/JCy9g0nfvPs?controls=0start=1\" width=\"860\"><\/iframe><\/p>\n","protected":false},"excerpt":{"rendered":"<p>BLACK  SILVER ZARA REMOTE CONTROL WITH PANTY<\/p>\n","protected":false},"featured_media":48728,"template":"","meta":[],"pwb-brand":[522],"product_brand":[],"product_cat":[284,288,274,434,322,299],"product_tag":[],"class_list":{"0":"post-24659","1":"product","2":"type-product","3":"status-publish","4":"has-post-thumbnail","6":"pwb-brand-blacksilver","7":"product_cat-juguetes-sexuales-xxxcontrol-remoto","8":"product_cat-juguetes-sexuales-xxxestimuladores","9":"product_cat-juguetes-sexuales-xxx","10":"product_cat-juguetes-sexuales-xxxestimuladorespara-clitoris","11":"product_cat-seccion-tuppersex","12":"product_cat-juguetes-sexuales-xxxvibradores","13":"post_count_is_0","14":"boutique_post_style_4","16":"first","17":"instock","18":"taxable","19":"shipping-taxable","20":"purchasable","21":"product-type-simple","22":"boutique_image_style_2"},"brands":[{"id":522,"name":"BLACKSILVER","slug":"blacksilver"}],"_links":{"self":[{"href":"https:\/\/www.pussycatmerida.com\/eshop\/wp-json\/wp\/v2\/product\/24659","targetHints":{"allow":["GET"]}}],"collection":[{"href":"https:\/\/www.pussycatmerida.com\/eshop\/wp-json\/wp\/v2\/product"}],"about":[{"href":"https:\/\/www.pussycatmerida.com\/eshop\/wp-json\/wp\/v2\/types\/product"}],"wp:featuredmedia":[{"embeddable":true,"href":"https:\/\/www.pussycatmerida.com\/eshop\/wp-json\/wp\/v2\/media\/48728"}],"wp:attachment":[{"href":"https:\/\/www.pussycatmerida.com\/eshop\/wp-json\/wp\/v2\/media?parent=24659"}],"wp:term":[{"taxonomy":"pwb-brand","embeddable":true,"href":"https:\/\/www.pussycatmerida.com\/eshop\/wp-json\/wp\/v2\/pwb-brand?post=24659"},{"taxonomy":"product_brand","embeddable":true,"href":"https:\/\/www.pussycatmerida.com\/eshop\/wp-json\/wp\/v2\/product_brand?post=24659"},{"taxonomy":"product_cat","embeddable":true,"href":"https:\/\/www.pussycatmerida.com\/eshop\/wp-json\/wp\/v2\/product_cat?post=24659"},{"taxonomy":"product_tag","embeddable":true,"href":"https:\/\/www.pussycatmerida.com\/eshop\/wp-json\/wp\/v2\/product_tag?post=24659"}],"curies":[{"name":"wp","href":"https:\/\/api.w.org\/{rel}","templated":true}]}}