{"id":24673,"date":"2021-03-01T09:42:34","date_gmt":"2021-03-01T07:42:34","guid":{"rendered":"https:\/\/www.pussycatmerida.com\/eshop\/product\/cyber-silicock-realistico-control-remoto-master-huck\/"},"modified":"2026-03-11T12:27:07","modified_gmt":"2026-03-11T11:27:07","slug":"cyber-silicock-realistico-control-remoto-master-huck","status":"publish","type":"product","link":"https:\/\/www.pussycatmerida.com\/eshop\/producto\/cyber-silicock-realistico-control-remoto-master-huck\/","title":{"rendered":"CYBER SILICOCK REALISTICO CONTROL REMOTO MASTER HUCK"},"content":{"rendered":"<p>Nunca un acabado en silicona fue tan realista, flexible, t\u00e9rmico, y con las incansables funciones que siempre so\u00f1aste.<\/p>\n<p>Master HUCK el mejor toy ultra realista fabricado hasta hoy, y si te parece poco, lib\u00e9rate de las manos gracias a su mando a distancia, y potentes motores multi frecuencia.<\/p>\n<p>Dispone de diferentes patrones de Vibraci\u00f3n a la vez que su sistema Up  Down te penetrara incansable, su ventosa deja rienda suelta a infinidad de posiciones.<\/p>\n<p>Sus detalles como sus venas, cabeza y test\u00edculos en CYBER SILICONE SKIN, har\u00e1n que tus orgasmos sean como siempre so\u00f1aste, REALES\u2026<\/p>\n<ul>\n<li>Silicona tacto Piel libre de ftlatos<\/li>\n<li>Control remoto<\/li>\n<li>Recargable con USB incluido<\/li>\n<li>Forma real para experiencia real<\/li>\n<li>Base con succi\u00f3n fuerte y segura, col\u00f3calo sobre una base lisa y disfruta de una acci\u00f3n completa.<\/li>\n<li>Bot\u00f3n retroiluminado con LED<\/li>\n<li>7 modos UpDown y vibraci\u00f3n.<\/li>\n<li>\u00a1Los consumidores esperan productos innovadores!<\/li>\n<li>Medidas:\n<ul>\n<li>Longitud total: 20.9\u00a0cm<\/li>\n<li>Longitud insertable: 17 cm<\/li>\n<li>Di\u00e1metro insertable: 4 cm<\/li>\n<\/ul>\n<\/li>\n<\/ul>\n<p>Todos los cibersilicock est\u00e1n controlados v\u00eda control remoto<\/p>\n<p>\u00a1Si quieres sentir algo real a tu disposici\u00f3n 24 horas tienes que probar cibersilicock!<\/p>\n<p>1 A\u00f1o de Garant\u00eda.<\/p>\n","protected":false},"excerpt":{"rendered":"<p>CYBER SILICOCK REMOTE CONTROL REALISTIC MASTER HUCK<\/p>\n","protected":false},"featured_media":54768,"template":"","meta":[],"pwb-brand":[272],"product_brand":[],"product_cat":[284,274,302,914],"product_tag":[],"class_list":{"0":"post-24673","1":"product","2":"type-product","3":"status-publish","4":"has-post-thumbnail","6":"pwb-brand-cyber-silicock","7":"product_cat-juguetes-sexuales-xxxcontrol-remoto","8":"product_cat-juguetes-sexuales-xxx","9":"product_cat-juguetes-sexuales-xxxpenes","10":"product_cat-realisticos-hi-tech","11":"post_count_is_0","12":"boutique_post_style_4","14":"first","15":"instock","16":"taxable","17":"shipping-taxable","18":"purchasable","19":"product-type-simple","20":"boutique_image_style_2"},"brands":[{"id":272,"name":"CYBER SILICOCK","slug":"cyber-silicock"}],"_links":{"self":[{"href":"https:\/\/www.pussycatmerida.com\/eshop\/wp-json\/wp\/v2\/product\/24673","targetHints":{"allow":["GET"]}}],"collection":[{"href":"https:\/\/www.pussycatmerida.com\/eshop\/wp-json\/wp\/v2\/product"}],"about":[{"href":"https:\/\/www.pussycatmerida.com\/eshop\/wp-json\/wp\/v2\/types\/product"}],"wp:featuredmedia":[{"embeddable":true,"href":"https:\/\/www.pussycatmerida.com\/eshop\/wp-json\/wp\/v2\/media\/54768"}],"wp:attachment":[{"href":"https:\/\/www.pussycatmerida.com\/eshop\/wp-json\/wp\/v2\/media?parent=24673"}],"wp:term":[{"taxonomy":"pwb-brand","embeddable":true,"href":"https:\/\/www.pussycatmerida.com\/eshop\/wp-json\/wp\/v2\/pwb-brand?post=24673"},{"taxonomy":"product_brand","embeddable":true,"href":"https:\/\/www.pussycatmerida.com\/eshop\/wp-json\/wp\/v2\/product_brand?post=24673"},{"taxonomy":"product_cat","embeddable":true,"href":"https:\/\/www.pussycatmerida.com\/eshop\/wp-json\/wp\/v2\/product_cat?post=24673"},{"taxonomy":"product_tag","embeddable":true,"href":"https:\/\/www.pussycatmerida.com\/eshop\/wp-json\/wp\/v2\/product_tag?post=24673"}],"curies":[{"name":"wp","href":"https:\/\/api.w.org\/{rel}","templated":true}]}}