{"id":24740,"date":"2021-02-26T10:44:09","date_gmt":"2021-02-26T08:44:09","guid":{"rendered":"https:\/\/www.pussycatmerida.com\/eshop\/product\/nalone-want-vibrador-recargable-control-por-voz\/"},"modified":"2026-03-11T12:27:11","modified_gmt":"2026-03-11T11:27:11","slug":"nalone-want-vibrador-recargable-control-por-voz","status":"publish","type":"product","link":"https:\/\/www.pussycatmerida.com\/eshop\/producto\/nalone-want-vibrador-recargable-control-por-voz\/","title":{"rendered":"NALONE WANT VIBRADOR RECARGABLE CONTROL POR VOZ"},"content":{"rendered":"<p>El Want de Nalone es la ultima incorporaci\u00f3n a nuestra lujosa colecci\u00f3n de juguetes para adultos. Con suave y sedosa silicona, recargable y rabbit para la estimulaci\u00f3n del cl\u00edtoris. Adem\u00e1s incorpora 7 modos de vibraci\u00f3n manuales y control por voz que har\u00e1 que te sientas y goces\u00a0como nunca antes.\u00a0<\/p>\n<p>Caracter\u00edsticas:\u00a0<\/p>\n<ul>\n<li>Material: Silicona y ABS<\/li>\n<li>M\u00e1ximo nivel de ru\u00eddo: Menos de 50 dB<\/li>\n<li>Bater\u00eda recargable (cable USB incluido)<\/li>\n<li>Modos de vibraci\u00f3n: 7<\/li>\n<li>Control por voz\u00a0<\/li>\n<li>Modo calor.\u00a0<\/li>\n<li>100% sumergible<\/li>\n<\/ul>\n","protected":false},"excerpt":{"rendered":"<p>NALONE WANT RECHARGEABLE VIBRATOR VOICE CONTROL<\/p>\n","protected":false},"featured_media":39397,"template":"","meta":[],"pwb-brand":[150],"product_brand":[],"product_cat":[275,274,299,298],"product_tag":[],"class_list":{"0":"post-24740","1":"product","2":"type-product","3":"status-publish","4":"has-post-thumbnail","6":"pwb-brand-nalone","7":"product_cat-juguetes-sexuales-xxxacuaticos","8":"product_cat-juguetes-sexuales-xxx","9":"product_cat-juguetes-sexuales-xxxvibradores","10":"product_cat-juguetes-sexuales-xxxvibradores-hi-tech","11":"post_count_is_0","12":"boutique_post_style_4","14":"first","15":"instock","16":"taxable","17":"shipping-taxable","18":"purchasable","19":"product-type-simple","20":"boutique_image_style_2"},"brands":[{"id":150,"name":"NALONE","slug":"nalone"}],"_links":{"self":[{"href":"https:\/\/www.pussycatmerida.com\/eshop\/wp-json\/wp\/v2\/product\/24740","targetHints":{"allow":["GET"]}}],"collection":[{"href":"https:\/\/www.pussycatmerida.com\/eshop\/wp-json\/wp\/v2\/product"}],"about":[{"href":"https:\/\/www.pussycatmerida.com\/eshop\/wp-json\/wp\/v2\/types\/product"}],"wp:featuredmedia":[{"embeddable":true,"href":"https:\/\/www.pussycatmerida.com\/eshop\/wp-json\/wp\/v2\/media\/39397"}],"wp:attachment":[{"href":"https:\/\/www.pussycatmerida.com\/eshop\/wp-json\/wp\/v2\/media?parent=24740"}],"wp:term":[{"taxonomy":"pwb-brand","embeddable":true,"href":"https:\/\/www.pussycatmerida.com\/eshop\/wp-json\/wp\/v2\/pwb-brand?post=24740"},{"taxonomy":"product_brand","embeddable":true,"href":"https:\/\/www.pussycatmerida.com\/eshop\/wp-json\/wp\/v2\/product_brand?post=24740"},{"taxonomy":"product_cat","embeddable":true,"href":"https:\/\/www.pussycatmerida.com\/eshop\/wp-json\/wp\/v2\/product_cat?post=24740"},{"taxonomy":"product_tag","embeddable":true,"href":"https:\/\/www.pussycatmerida.com\/eshop\/wp-json\/wp\/v2\/product_tag?post=24740"}],"curies":[{"name":"wp","href":"https:\/\/api.w.org\/{rel}","templated":true}]}}