{"id":24769,"date":"2021-02-26T14:22:09","date_gmt":"2021-02-26T12:22:09","guid":{"rendered":"https:\/\/www.pussycatmerida.com\/eshop\/product\/secretplay-set-2-brazilian-balls-vibrator\/"},"modified":"2026-03-11T12:38:46","modified_gmt":"2026-03-11T11:38:46","slug":"secretplay-set-2-brazilian-balls-vibrator","status":"publish","type":"product","link":"https:\/\/www.pussycatmerida.com\/eshop\/producto\/secretplay-set-2-brazilian-balls-vibrator\/","title":{"rendered":"SECRETPLAY SET 2 BRAZILIAN BALLS VIBRATOR"},"content":{"rendered":"<p>SET 2 BRAZILIAN BALLS EFECTO VIBRACI\u00d3N<\/p>\n<ul>\n<li>Provocan una inigualable sensaci\u00f3n de vibraci\u00f3n a la que no podr\u00e1s resistirte.<\/li>\n<li>MODO DE EMPLEO: Humedecer la mano con agua y abrazar con la mano la brazilian ball, con el calor de la mano y la humedad la bola se deshace entre 3 y 5 minutos, liberando un l\u00edquido que lubrica y contribuyendo de esa manera al juego de los preliminares o como factor sorpresa en tus relaciones.<\/li>\n<li>La capa exterior de la bola es agua y el l\u00edquido interior es aceite.<\/li>\n<\/ul>\n<p>Ojo: No son compatibles con el uso de preservativos al estar compuestas de aceite.<\/p>\n","protected":false},"excerpt":{"rendered":"<p>SECRETPLAY 2 SHOCK BRAZILIAN BALLS SET<\/p>\n","protected":false},"featured_media":46455,"template":"","meta":[],"pwb-brand":[498,682],"product_brand":[],"product_cat":[337,328,949,895,338,330,334],"product_tag":[],"class_list":{"0":"post-24769","1":"product","2":"type-product","3":"status-publish","4":"has-post-thumbnail","6":"pwb-brand-secretplay","7":"pwb-brand-secretplaysecretplay-cosmetic","8":"product_cat-aceites-y-lubricantes","9":"product_cat-afrodisiacos","10":"product_cat-bolas-brasilenas","11":"product_cat-con-efectos","12":"product_cat-aceites-y-lubricanteslubricantes","13":"product_cat-afrodisiacospotenciadores","14":"product_cat-afrodisiacossensibilizantes","15":"post_count_is_0","16":"boutique_post_style_4","18":"first","19":"instock","20":"taxable","21":"shipping-taxable","22":"purchasable","23":"product-type-simple","24":"boutique_image_style_2"},"brands":[{"id":498,"name":"SECRETPLAY","slug":"secretplay"},{"id":682,"name":"SECRETPLAY COSMETIC","slug":"secretplaysecretplay-cosmetic"}],"_links":{"self":[{"href":"https:\/\/www.pussycatmerida.com\/eshop\/wp-json\/wp\/v2\/product\/24769","targetHints":{"allow":["GET"]}}],"collection":[{"href":"https:\/\/www.pussycatmerida.com\/eshop\/wp-json\/wp\/v2\/product"}],"about":[{"href":"https:\/\/www.pussycatmerida.com\/eshop\/wp-json\/wp\/v2\/types\/product"}],"wp:featuredmedia":[{"embeddable":true,"href":"https:\/\/www.pussycatmerida.com\/eshop\/wp-json\/wp\/v2\/media\/46455"}],"wp:attachment":[{"href":"https:\/\/www.pussycatmerida.com\/eshop\/wp-json\/wp\/v2\/media?parent=24769"}],"wp:term":[{"taxonomy":"pwb-brand","embeddable":true,"href":"https:\/\/www.pussycatmerida.com\/eshop\/wp-json\/wp\/v2\/pwb-brand?post=24769"},{"taxonomy":"product_brand","embeddable":true,"href":"https:\/\/www.pussycatmerida.com\/eshop\/wp-json\/wp\/v2\/product_brand?post=24769"},{"taxonomy":"product_cat","embeddable":true,"href":"https:\/\/www.pussycatmerida.com\/eshop\/wp-json\/wp\/v2\/product_cat?post=24769"},{"taxonomy":"product_tag","embeddable":true,"href":"https:\/\/www.pussycatmerida.com\/eshop\/wp-json\/wp\/v2\/product_tag?post=24769"}],"curies":[{"name":"wp","href":"https:\/\/api.w.org\/{rel}","templated":true}]}}