{"id":24994,"date":"2021-03-01T10:32:39","date_gmt":"2021-03-01T08:32:39","guid":{"rendered":"https:\/\/www.pussycatmerida.com\/eshop\/product\/fetish-submissive-set-ataduras-cama-luxury\/"},"modified":"2026-03-11T12:39:15","modified_gmt":"2026-03-11T11:39:15","slug":"fetish-submissive-set-ataduras-cama-luxury","status":"publish","type":"product","link":"https:\/\/www.pussycatmerida.com\/eshop\/producto\/fetish-submissive-set-ataduras-cama-luxury\/","title":{"rendered":"FETISH SUBMISSIVE SET ATADURAS CAMA LUXURY"},"content":{"rendered":"<p>\u00a1Coge el control de tu amante con este completo set para la cama!\u00a0 Estas esposas te permiten crear una sumisi\u00f3n total de tu amante en la cama, altamente resistentes de cuero vegano y metal libre de niquel. Puedes convertir con este set, la cama en un lugar BDSM.<\/p>\n<p>La fantas\u00eda es el papel principal en este juego, tumba a tu amante y ajusta las esposas para los tobillos suavemente que queden bien ajustadas, coge las esposas para manos y repite la misma acci\u00f3n, \u00a1\u00a1empieza el juego!!<\/p>\n<p>\u00a1Un sistema de retenciones completamente \u00fanico! Siente la emoci\u00f3n de la esclavitud con tu amante.<\/p>\n<p>Permite varias posturas y posiciones.<\/p>\n<p>Con unos f\u00e1ciles ajustes, es tan sencillo como poner las cintas incluidas bajo el colch\u00f3n, se adapta a todos los tama\u00f1os de colchones.<\/p>\n<p>Este set dispone de anillas de metal libre de niquel que permite atar las esposas al punto perfecto seg\u00fan el tama\u00f1o de cada persona para que quede completamente sujeto.<\/p>\n<p>Tanto el metal como el cuero vegano es apto para avanzados en el bdsm o principiantes con juegos espor\u00e1dicos.<\/p>\n<p>El set incluye;<\/p>\n<ul>\n<li>Dos cintas de ataduras con anillas para ajustar bajo el colch\u00f3n<\/li>\n<\/ul>\n<ul>\n<li>2 Esposas tobilleras<\/li>\n<li>2 Esposas para mu\u00f1ecas<\/li>\n<li>Fabricado en material; Neopreno, Metal libre de niquel y Cuero vegano.<\/li>\n<\/ul>\n<p>\u00a1La colecci\u00f3n Fetish Submisive es la perfecta para el BDSM, calidad y resistencia aptas para cualquier juego!<\/p>\n<p style=\"text-align: center;\"><iframe loading=\"lazy\" allow=\"accelerometer; autoplay; encrypted-media; gyroscope; picture-in-picture\" allowfullscreen=\"\" frameborder=\"0\" height=\"400\" scrolling=\"no\" src=\"https:\/\/www.youtube-nocookie.com\/embed\/TVg3ZbBDbT0?rel=0controls=0showinfo=0\" width=\"800\"><\/iframe><\/p>\n","protected":false},"excerpt":{"rendered":"<p>FETISH SUBMISSIVE LUXURY  BED RESTRAINTS SET<\/p>\n","protected":false},"featured_media":57027,"template":"","meta":[],"pwb-brand":[482,833],"product_brand":[],"product_cat":[423,390,282,274,322],"product_tag":[],"class_list":{"0":"post-24994","1":"product","2":"type-product","3":"status-publish","4":"has-post-thumbnail","6":"pwb-brand-fetish-submissive","7":"pwb-brand-fetish-submissivefetish-submissive-bondage","8":"product_cat-juguetes-sexuales-xxxfetish-bondagebdsm-accesorios","9":"product_cat-juguetes-sexuales-xxxfetish-bondageesposas","10":"product_cat-juguetes-sexuales-xxxfetish-bondage","11":"product_cat-juguetes-sexuales-xxx","12":"product_cat-seccion-tuppersex","13":"post_count_is_0","14":"boutique_post_style_4","16":"first","17":"instock","18":"taxable","19":"shipping-taxable","20":"purchasable","21":"product-type-simple","22":"boutique_image_style_2"},"brands":[{"id":482,"name":"FETISH SUBMISSIVE","slug":"fetish-submissive"},{"id":833,"name":"FETISH SUBMISSIVE BONDAGE","slug":"fetish-submissivefetish-submissive-bondage"}],"_links":{"self":[{"href":"https:\/\/www.pussycatmerida.com\/eshop\/wp-json\/wp\/v2\/product\/24994","targetHints":{"allow":["GET"]}}],"collection":[{"href":"https:\/\/www.pussycatmerida.com\/eshop\/wp-json\/wp\/v2\/product"}],"about":[{"href":"https:\/\/www.pussycatmerida.com\/eshop\/wp-json\/wp\/v2\/types\/product"}],"wp:featuredmedia":[{"embeddable":true,"href":"https:\/\/www.pussycatmerida.com\/eshop\/wp-json\/wp\/v2\/media\/57027"}],"wp:attachment":[{"href":"https:\/\/www.pussycatmerida.com\/eshop\/wp-json\/wp\/v2\/media?parent=24994"}],"wp:term":[{"taxonomy":"pwb-brand","embeddable":true,"href":"https:\/\/www.pussycatmerida.com\/eshop\/wp-json\/wp\/v2\/pwb-brand?post=24994"},{"taxonomy":"product_brand","embeddable":true,"href":"https:\/\/www.pussycatmerida.com\/eshop\/wp-json\/wp\/v2\/product_brand?post=24994"},{"taxonomy":"product_cat","embeddable":true,"href":"https:\/\/www.pussycatmerida.com\/eshop\/wp-json\/wp\/v2\/product_cat?post=24994"},{"taxonomy":"product_tag","embeddable":true,"href":"https:\/\/www.pussycatmerida.com\/eshop\/wp-json\/wp\/v2\/product_tag?post=24994"}],"curies":[{"name":"wp","href":"https:\/\/api.w.org\/{rel}","templated":true}]}}