{"id":25004,"date":"2021-03-01T10:32:50","date_gmt":"2021-03-01T08:32:50","guid":{"rendered":"https:\/\/www.pussycatmerida.com\/eshop\/product\/fetish-submissive-esposas-cuero-vegano\/"},"modified":"2026-03-11T12:39:15","modified_gmt":"2026-03-11T11:39:15","slug":"fetish-submissive-esposas-cuero-vegano","status":"publish","type":"product","link":"https:\/\/www.pussycatmerida.com\/eshop\/producto\/fetish-submissive-esposas-cuero-vegano\/","title":{"rendered":"FETISH SUBMISSIVE ESPOSAS CUERO VEGANO"},"content":{"rendered":"<p>FETISH SUBMISIVE Presenta las primeras esposas de cuero vegano con metal libre de niquel!\u00a0 Encierra a tu amante con estas esposas sexys, efectivas y c\u00f3modas. Un accesorio cl\u00e1sico para tus juegos de esclavitud.<\/p>\n<p>Estas esposas tienen la est\u00e9tica elegante que buscas a la vez de una efectividad absoluta. Doble capa y terminado con una hebilla de metal, tu sumiso no podr\u00e1 escapar. El interior acolchado garantiza que se mantendr\u00e1n c\u00f3modos sin importar cu\u00e1nto tiren o cu\u00e1nto tiempo juegues.<\/p>\n<p>Son perfectas para jugadores de nivel avanzado y tambi\u00e9n para principiantes.<\/p>\n<p>\u00a1Aj\u00fastalas a las mu\u00f1ecas de tu amante y comienza el juego!<\/p>\n<ul>\n<li>Fabricado en material; Neopreno, Metal libre de niquel y Cuero vegano.<\/li>\n<\/ul>\n<p>\u00a1La colecci\u00f3n Fetish Submisive es la perfecta para el BDSM, calidad y resistencia aptas para cualquier juego!<\/p>\n<p>Usa estas esposas junto a otros accesorios de la colecci\u00f3n, FETISH SUBMISIVE.<\/p>\n<p>100% Ajustable.<\/p>\n<p style=\"text-align: center;\"><iframe loading=\"lazy\" allow=\"accelerometer; autoplay; encrypted-media; gyroscope; picture-in-picture\" allowfullscreen=\"\" frameborder=\"0\" height=\"400\" scrolling=\"no\" src=\"https:\/\/www.youtube-nocookie.com\/embed\/TVg3ZbBDbT0?rel=0controls=0showinfo=0\" width=\"800\"><\/iframe><\/p>\n","protected":false},"excerpt":{"rendered":"<p>FETISH SUBMISSIVE HANDCUFFS VEGAN LEATHER<\/p>\n","protected":false},"featured_media":57046,"template":"","meta":[],"pwb-brand":[482,833],"product_brand":[],"product_cat":[423,390,282,274,389,322],"product_tag":[],"class_list":{"0":"post-25004","1":"product","2":"type-product","3":"status-publish","4":"has-post-thumbnail","6":"pwb-brand-fetish-submissive","7":"pwb-brand-fetish-submissivefetish-submissive-bondage","8":"product_cat-juguetes-sexuales-xxxfetish-bondagebdsm-accesorios","9":"product_cat-juguetes-sexuales-xxxfetish-bondageesposas","10":"product_cat-juguetes-sexuales-xxxfetish-bondage","11":"product_cat-juguetes-sexuales-xxx","12":"product_cat-juguetes-sexuales-xxxmascaras-y-esposas","13":"product_cat-seccion-tuppersex","14":"post_count_is_0","15":"boutique_post_style_4","17":"first","18":"instock","19":"taxable","20":"shipping-taxable","21":"purchasable","22":"product-type-simple","23":"boutique_image_style_2"},"brands":[{"id":482,"name":"FETISH SUBMISSIVE","slug":"fetish-submissive"},{"id":833,"name":"FETISH SUBMISSIVE BONDAGE","slug":"fetish-submissivefetish-submissive-bondage"}],"_links":{"self":[{"href":"https:\/\/www.pussycatmerida.com\/eshop\/wp-json\/wp\/v2\/product\/25004","targetHints":{"allow":["GET"]}}],"collection":[{"href":"https:\/\/www.pussycatmerida.com\/eshop\/wp-json\/wp\/v2\/product"}],"about":[{"href":"https:\/\/www.pussycatmerida.com\/eshop\/wp-json\/wp\/v2\/types\/product"}],"wp:featuredmedia":[{"embeddable":true,"href":"https:\/\/www.pussycatmerida.com\/eshop\/wp-json\/wp\/v2\/media\/57046"}],"wp:attachment":[{"href":"https:\/\/www.pussycatmerida.com\/eshop\/wp-json\/wp\/v2\/media?parent=25004"}],"wp:term":[{"taxonomy":"pwb-brand","embeddable":true,"href":"https:\/\/www.pussycatmerida.com\/eshop\/wp-json\/wp\/v2\/pwb-brand?post=25004"},{"taxonomy":"product_brand","embeddable":true,"href":"https:\/\/www.pussycatmerida.com\/eshop\/wp-json\/wp\/v2\/product_brand?post=25004"},{"taxonomy":"product_cat","embeddable":true,"href":"https:\/\/www.pussycatmerida.com\/eshop\/wp-json\/wp\/v2\/product_cat?post=25004"},{"taxonomy":"product_tag","embeddable":true,"href":"https:\/\/www.pussycatmerida.com\/eshop\/wp-json\/wp\/v2\/product_tag?post=25004"}],"curies":[{"name":"wp","href":"https:\/\/api.w.org\/{rel}","templated":true}]}}