{"id":25006,"date":"2021-03-01T10:27:40","date_gmt":"2021-03-01T08:27:40","guid":{"rendered":"https:\/\/www.pussycatmerida.com\/eshop\/product\/fetish-submissive-collar-y-esposas-cuero-vegano-2\/"},"modified":"2026-03-11T12:39:00","modified_gmt":"2026-03-11T11:39:00","slug":"fetish-submissive-collar-y-esposas-cuero-vegano-2","status":"publish","type":"product","link":"https:\/\/www.pussycatmerida.com\/eshop\/producto\/fetish-submissive-collar-y-esposas-cuero-vegano-2\/","title":{"rendered":"FETISH SUBMISSIVE COLLAR Y ESPOSAS CUERO VEGANO"},"content":{"rendered":"<div>FETISH SUBMISIVE Presenta este set de esposas para cuello y mu\u00f1ecas de cuero vegano con metal libre de niquel!\u00a0 Encierra a tu amante con estas esposas sexys, efectivas y c\u00f3modas. Un accesorio cl\u00e1sico para tus juegos de esclavitud.<\/div>\n<div>\u00a0<\/div>\n<div>Estas esposas tienen la est\u00e9tica elegante que buscas a la vez de una efectividad absoluta. Doble capa y terminado con una hebilla de metal, tu sumiso no podr\u00e1 escapar. El interior acolchado garantiza que se mantendr\u00e1n c\u00f3modos sin importar cu\u00e1nto tiren o cu\u00e1nto tiempo juegues. El set dispone de un sistema de uni\u00f3n para inmovilizar desde el cuello hasta las manos.<\/div>\n<div>\u00a1Ajusta el accesorio para el cuello de forma confortable y por la espalda o el pecho \u00fanelo a las mu\u00f1ecas, disponen de una barra de inmovilizado + cadenas! Son perfectas para jugadores de nivel avanzado y tambi\u00e9n para principiantes.<\/div>\n<ul>\n<li>Fabricado en material; Neopreno, Metal libre de niquel y Cuero vegano.<\/li>\n<li>El set incluye, Esposas para mu\u00f1ecas + accesorio para cuello, uni\u00f3n de inmovilizado fijo + cadenas.\u00a0<\/li>\n<\/ul>\n<div>\u00a1La colecci\u00f3n Fetish Submisive es la perfecta para el BDSM, calidad y resistencia aptas para cualquier juego!<\/div>\n<div>\u00a0<\/div>\n<div>Usa estas esposas junto a otros accesorios de la colecci\u00f3n, FETISH SUBMISIVE.<\/div>\n<div>100% Ajustable.<\/div>\n<div>\u00a0<\/div>\n<div style=\"text-align: center;\"><iframe loading=\"lazy\" allow=\"accelerometer; autoplay; encrypted-media; gyroscope; picture-in-picture\" allowfullscreen=\"\" frameborder=\"0\" height=\"400\" scrolling=\"no\" src=\"https:\/\/www.youtube-nocookie.com\/embed\/TVg3ZbBDbT0?rel=0controls=0showinfo=0\" width=\"800\"><\/iframe><\/div>\n","protected":false},"excerpt":{"rendered":"<p>FETISH SUBMISSIVE  COLLAR AND WRIST CUFFS VEGAN LEATHER<\/p>\n","protected":false},"featured_media":56727,"template":"","meta":[],"pwb-brand":[482,833],"product_brand":[],"product_cat":[422,390,282,274,389,322],"product_tag":[],"class_list":{"0":"post-25006","1":"product","2":"type-product","3":"status-publish","4":"has-post-thumbnail","6":"pwb-brand-fetish-submissive","7":"pwb-brand-fetish-submissivefetish-submissive-bondage","8":"product_cat-juguetes-sexuales-xxxfetish-bondagebdsm-collares","9":"product_cat-juguetes-sexuales-xxxfetish-bondageesposas","10":"product_cat-juguetes-sexuales-xxxfetish-bondage","11":"product_cat-juguetes-sexuales-xxx","12":"product_cat-juguetes-sexuales-xxxmascaras-y-esposas","13":"product_cat-seccion-tuppersex","14":"post_count_is_0","15":"boutique_post_style_4","17":"first","18":"instock","19":"taxable","20":"shipping-taxable","21":"purchasable","22":"product-type-simple","23":"boutique_image_style_2"},"brands":[{"id":482,"name":"FETISH SUBMISSIVE","slug":"fetish-submissive"},{"id":833,"name":"FETISH SUBMISSIVE BONDAGE","slug":"fetish-submissivefetish-submissive-bondage"}],"_links":{"self":[{"href":"https:\/\/www.pussycatmerida.com\/eshop\/wp-json\/wp\/v2\/product\/25006","targetHints":{"allow":["GET"]}}],"collection":[{"href":"https:\/\/www.pussycatmerida.com\/eshop\/wp-json\/wp\/v2\/product"}],"about":[{"href":"https:\/\/www.pussycatmerida.com\/eshop\/wp-json\/wp\/v2\/types\/product"}],"wp:featuredmedia":[{"embeddable":true,"href":"https:\/\/www.pussycatmerida.com\/eshop\/wp-json\/wp\/v2\/media\/56727"}],"wp:attachment":[{"href":"https:\/\/www.pussycatmerida.com\/eshop\/wp-json\/wp\/v2\/media?parent=25006"}],"wp:term":[{"taxonomy":"pwb-brand","embeddable":true,"href":"https:\/\/www.pussycatmerida.com\/eshop\/wp-json\/wp\/v2\/pwb-brand?post=25006"},{"taxonomy":"product_brand","embeddable":true,"href":"https:\/\/www.pussycatmerida.com\/eshop\/wp-json\/wp\/v2\/product_brand?post=25006"},{"taxonomy":"product_cat","embeddable":true,"href":"https:\/\/www.pussycatmerida.com\/eshop\/wp-json\/wp\/v2\/product_cat?post=25006"},{"taxonomy":"product_tag","embeddable":true,"href":"https:\/\/www.pussycatmerida.com\/eshop\/wp-json\/wp\/v2\/product_tag?post=25006"}],"curies":[{"name":"wp","href":"https:\/\/api.w.org\/{rel}","templated":true}]}}