{"id":25023,"date":"2021-03-01T10:27:43","date_gmt":"2021-03-01T08:27:43","guid":{"rendered":"https:\/\/www.pussycatmerida.com\/eshop\/product\/fetish-submissive-anilla-mordaza-con-pinzas-para-pezones\/"},"modified":"2026-03-11T12:39:00","modified_gmt":"2026-03-11T11:39:00","slug":"fetish-submissive-anilla-mordaza-con-pinzas-para-pezones","status":"publish","type":"product","link":"https:\/\/www.pussycatmerida.com\/eshop\/producto\/fetish-submissive-anilla-mordaza-con-pinzas-para-pezones\/","title":{"rendered":"FETISH SUBMISSIVE ANILLA MORDAZA CON PINZAS PARA PEZONES"},"content":{"rendered":"<p>FETISH SUBMISIVE collar de cuero vegano con pinza para pezones unido por cadena metal.<\/p>\n<p>Fabricado de suave cuero vegano y acabado con dos pinzas para pezones con cadenas, este set de collar con pinzas te asegura a tu sujeto al momento. El c\u00f3modo collar se ajusta f\u00e1cilmente a casi todas las tallas, mientras que las pinzas para pezones te ofrecen justo la tensi\u00f3n adecuada en el lugar adecuado. Simplemente ajusta el tornillo a los pezones hasta que quede ajustado y confortable y empieza a disfrutar de placer de un buen pellizco. Sus recubrimientos de goma permitir\u00e1n que con la acci\u00f3n del momento no se deslicen y permanezcan en su lugar.<\/p>\n<p>El collar de cuero cuenta con una resistente anilla para conectar una correa y as\u00ed tener a tu sujeto, bien sujeto. Las pinzas en los pezones est\u00e1n conectados al collar con cadenas de metal.<\/p>\n<p>\u00a1Es perfecto para principiantes y lo suficientemente duradero para los entusiastas del fetiche con m\u00e1s experiencia! Este collar de esclavo con cuero vegano, cadena met\u00e1lica libre niquel y resistente es perfecto para jugadores avanzados.<\/p>\n<p>Utiliza este juguete solo o con otros art\u00edculos de Fetish Submisive.<\/p>\n<ul>\n<li>Fabricado en material; Neopreno, Metal libre de niquel y Cuero vegano.<\/li>\n<\/ul>\n<p>\u00a1La colecci\u00f3n Fetish Submisive es la perfecta para el BDSM, calidad y resistencia aptas para cualquier juego!<\/p>\n<p style=\"text-align: center;\"><iframe loading=\"lazy\" allow=\"accelerometer; autoplay; encrypted-media; gyroscope; picture-in-picture\" allowfullscreen=\"\" frameborder=\"0\" height=\"400\" scrolling=\"no\" src=\"https:\/\/www.youtube-nocookie.com\/embed\/TVg3ZbBDbT0?rel=0controls=0showinfo=0\" width=\"800\"><\/iframe><\/p>\n","protected":false},"excerpt":{"rendered":"<p>FETISH SUBMISSIVE RING GAG WITH NIPPLE CLAMPS<\/p>\n","protected":false},"featured_media":56732,"template":"","meta":[],"pwb-brand":[482,833],"product_brand":[],"product_cat":[422,282,274,941,322],"product_tag":[],"class_list":{"0":"post-25023","1":"product","2":"type-product","3":"status-publish","4":"has-post-thumbnail","6":"pwb-brand-fetish-submissive","7":"pwb-brand-fetish-submissivefetish-submissive-bondage","8":"product_cat-juguetes-sexuales-xxxfetish-bondagebdsm-collares","9":"product_cat-juguetes-sexuales-xxxfetish-bondage","10":"product_cat-juguetes-sexuales-xxx","11":"product_cat-pinzas-para-pezones","12":"product_cat-seccion-tuppersex","13":"post_count_is_0","14":"boutique_post_style_4","16":"first","17":"instock","18":"taxable","19":"shipping-taxable","20":"purchasable","21":"product-type-simple","22":"boutique_image_style_2"},"brands":[{"id":482,"name":"FETISH SUBMISSIVE","slug":"fetish-submissive"},{"id":833,"name":"FETISH SUBMISSIVE BONDAGE","slug":"fetish-submissivefetish-submissive-bondage"}],"_links":{"self":[{"href":"https:\/\/www.pussycatmerida.com\/eshop\/wp-json\/wp\/v2\/product\/25023","targetHints":{"allow":["GET"]}}],"collection":[{"href":"https:\/\/www.pussycatmerida.com\/eshop\/wp-json\/wp\/v2\/product"}],"about":[{"href":"https:\/\/www.pussycatmerida.com\/eshop\/wp-json\/wp\/v2\/types\/product"}],"wp:featuredmedia":[{"embeddable":true,"href":"https:\/\/www.pussycatmerida.com\/eshop\/wp-json\/wp\/v2\/media\/56732"}],"wp:attachment":[{"href":"https:\/\/www.pussycatmerida.com\/eshop\/wp-json\/wp\/v2\/media?parent=25023"}],"wp:term":[{"taxonomy":"pwb-brand","embeddable":true,"href":"https:\/\/www.pussycatmerida.com\/eshop\/wp-json\/wp\/v2\/pwb-brand?post=25023"},{"taxonomy":"product_brand","embeddable":true,"href":"https:\/\/www.pussycatmerida.com\/eshop\/wp-json\/wp\/v2\/product_brand?post=25023"},{"taxonomy":"product_cat","embeddable":true,"href":"https:\/\/www.pussycatmerida.com\/eshop\/wp-json\/wp\/v2\/product_cat?post=25023"},{"taxonomy":"product_tag","embeddable":true,"href":"https:\/\/www.pussycatmerida.com\/eshop\/wp-json\/wp\/v2\/product_tag?post=25023"}],"curies":[{"name":"wp","href":"https:\/\/api.w.org\/{rel}","templated":true}]}}