{"id":25276,"date":"2021-03-06T15:28:40","date_gmt":"2021-03-06T13:28:40","guid":{"rendered":"https:\/\/www.pussycatmerida.com\/eshop\/product\/pretty-love-smart-hammer-vibracion-y-succion\/"},"modified":"2026-03-11T12:38:05","modified_gmt":"2026-03-11T11:38:05","slug":"pretty-love-smart-hammer-vibracion-y-succion","status":"publish","type":"product","link":"https:\/\/www.pussycatmerida.com\/eshop\/producto\/pretty-love-smart-hammer-vibracion-y-succion\/","title":{"rendered":"PRETTY LOVE SMART HAMMER VIBRACION Y SUCCION"},"content":{"rendered":"<p>Pretty Love-Hammer posee funciones de vibraci\u00f3n y succi\u00f3n, que representan productos novedoso de pr\u00f3xima generaci\u00f3n.<\/p>\n<p>La inspiraci\u00f3n proviene de la apasionada experiencia del beso entre parejas. Proporciona a los clientes tres opciones de accesorios. Desarrollamos de forma independiente la mini bomba de aire y la bater\u00eda segura, haciendo que el Hammer sea m\u00e1s port\u00e1til, seguro y su dise\u00f1o ergon\u00f3mico lo hace f\u00e1cil de usar.<\/p>\n<p>7 modos de succi\u00f3n y 7 modos de vibraci\u00f3n intensa brindan a los clientes varias experiencias sensuales. El cargador port\u00e1til y el dise\u00f1o de bajo ruido le permiten usarlo en cualquier lugar. El dise\u00f1o impermeable IPX7 de Pretty-Love-Hammer lo hace f\u00e1cil de limpiar.<\/p>\n<p>Caracter\u00edsticas:\u00a0<\/p>\n<ul>\n<li>7 Funciones de vibraci\u00f3n<\/li>\n<li>7 Funciones de succi\u00f3n<\/li>\n<li>Auto limpieza<\/li>\n<li>Sumergible<\/li>\n<li>USB recargable<\/li>\n<li>Silicona super suave<\/li>\n<\/ul>\n<p>Pretty Love fabrica productos con altos est\u00e1ndares de calidad. Todos sus productos est\u00e1 dise\u00f1ados en EEUU y tienen 1 a\u00f1o de garant\u00eda por defecto t\u00e9cnico.<\/p>\n","protected":false},"excerpt":{"rendered":"<p>PRETTY LOVE SMART HAMMER SUCTION AND VIBRATION FUNCTION<\/p>\n","protected":false},"featured_media":39469,"template":"","meta":[],"pwb-brand":[213,451],"product_brand":[],"product_cat":[275,274,885],"product_tag":[],"class_list":{"0":"post-25276","1":"product","2":"type-product","3":"status-publish","4":"has-post-thumbnail","6":"pwb-brand-pretty-love","7":"pwb-brand-pretty-lovesmart","8":"product_cat-juguetes-sexuales-xxxacuaticos","9":"product_cat-juguetes-sexuales-xxx","10":"product_cat-succionadores","11":"post_count_is_0","12":"boutique_post_style_4","14":"first","15":"instock","16":"taxable","17":"shipping-taxable","18":"purchasable","19":"product-type-simple","20":"boutique_image_style_2"},"brands":[{"id":213,"name":"PRETTY LOVE","slug":"pretty-love"},{"id":451,"name":"SMART","slug":"pretty-lovesmart"}],"_links":{"self":[{"href":"https:\/\/www.pussycatmerida.com\/eshop\/wp-json\/wp\/v2\/product\/25276","targetHints":{"allow":["GET"]}}],"collection":[{"href":"https:\/\/www.pussycatmerida.com\/eshop\/wp-json\/wp\/v2\/product"}],"about":[{"href":"https:\/\/www.pussycatmerida.com\/eshop\/wp-json\/wp\/v2\/types\/product"}],"wp:featuredmedia":[{"embeddable":true,"href":"https:\/\/www.pussycatmerida.com\/eshop\/wp-json\/wp\/v2\/media\/39469"}],"wp:attachment":[{"href":"https:\/\/www.pussycatmerida.com\/eshop\/wp-json\/wp\/v2\/media?parent=25276"}],"wp:term":[{"taxonomy":"pwb-brand","embeddable":true,"href":"https:\/\/www.pussycatmerida.com\/eshop\/wp-json\/wp\/v2\/pwb-brand?post=25276"},{"taxonomy":"product_brand","embeddable":true,"href":"https:\/\/www.pussycatmerida.com\/eshop\/wp-json\/wp\/v2\/product_brand?post=25276"},{"taxonomy":"product_cat","embeddable":true,"href":"https:\/\/www.pussycatmerida.com\/eshop\/wp-json\/wp\/v2\/product_cat?post=25276"},{"taxonomy":"product_tag","embeddable":true,"href":"https:\/\/www.pussycatmerida.com\/eshop\/wp-json\/wp\/v2\/product_tag?post=25276"}],"curies":[{"name":"wp","href":"https:\/\/api.w.org\/{rel}","templated":true}]}}