{"id":25277,"date":"2021-03-06T15:28:42","date_gmt":"2021-03-06T13:28:42","guid":{"rendered":"https:\/\/www.pussycatmerida.com\/eshop\/product\/pretty-love-smart-vibrador-double-pleasure\/"},"modified":"2026-03-11T12:38:05","modified_gmt":"2026-03-11T11:38:05","slug":"pretty-love-smart-vibrador-double-pleasure","status":"publish","type":"product","link":"https:\/\/www.pussycatmerida.com\/eshop\/producto\/pretty-love-smart-vibrador-double-pleasure\/","title":{"rendered":"PRETTY LOVE SMART VIBRADOR DOUBLE PLEASURE"},"content":{"rendered":"<p>Pretty Love-Liberators, con un elegante dise\u00f1o, es una serie de lujo de juguetes sexuales hecha con silicona l\u00edquida m\u00e9dica gradual y aleaci\u00f3n de zinc ba\u00f1ada en oro de 24 kilates.<\/p>\n<p>Desarrollamos independiente la silicona l\u00edquida m\u00e9dica gradual, brindando a los clientes un toque realista. La funci\u00f3n de memoria inteligente siempre preservar\u00e1 tus preferencias cuando \u00e9ste sea usado. El cargador port\u00e1til y el dise\u00f1o de bajo ruido permiten usarlo en cualquier lugar.<\/p>\n<p>El dise\u00f1o impermeable IPX7 de Pretty Love-Liberators hace que sea m\u00e1s f\u00e1cil de limpiar.<\/p>\n<p>Caracter\u00edsticas:\u00a0<\/p>\n<ul>\n<li>7 Funciones de vibraci\u00f3n<\/li>\n<li>Sumergible<\/li>\n<li>USB recargable<\/li>\n<li>Silicona super suave<\/li>\n<\/ul>\n<p>Pretty Love fabrica productos con altos est\u00e1ndares de calidad. Todos sus productos est\u00e1 dise\u00f1ados en EEUU y tienen 1 a\u00f1o de garant\u00eda por defecto t\u00e9cnico.<\/p>\n","protected":false},"excerpt":{"rendered":"<p>PRETTY LOVE SMART DOUBLE PLEASURE VIBRATOR<\/p>\n","protected":false},"featured_media":39474,"template":"","meta":[],"pwb-brand":[213,451],"product_brand":[],"product_cat":[275,274,299,905],"product_tag":[],"class_list":{"0":"post-25277","1":"product","2":"type-product","3":"status-publish","4":"has-post-thumbnail","6":"pwb-brand-pretty-love","7":"pwb-brand-pretty-lovesmart","8":"product_cat-juguetes-sexuales-xxxacuaticos","9":"product_cat-juguetes-sexuales-xxx","10":"product_cat-juguetes-sexuales-xxxvibradores","11":"product_cat-vibradores-dobles","12":"post_count_is_0","13":"boutique_post_style_4","15":"first","16":"instock","17":"taxable","18":"shipping-taxable","19":"purchasable","20":"product-type-simple","21":"boutique_image_style_2"},"brands":[{"id":213,"name":"PRETTY LOVE","slug":"pretty-love"},{"id":451,"name":"SMART","slug":"pretty-lovesmart"}],"_links":{"self":[{"href":"https:\/\/www.pussycatmerida.com\/eshop\/wp-json\/wp\/v2\/product\/25277","targetHints":{"allow":["GET"]}}],"collection":[{"href":"https:\/\/www.pussycatmerida.com\/eshop\/wp-json\/wp\/v2\/product"}],"about":[{"href":"https:\/\/www.pussycatmerida.com\/eshop\/wp-json\/wp\/v2\/types\/product"}],"wp:featuredmedia":[{"embeddable":true,"href":"https:\/\/www.pussycatmerida.com\/eshop\/wp-json\/wp\/v2\/media\/39474"}],"wp:attachment":[{"href":"https:\/\/www.pussycatmerida.com\/eshop\/wp-json\/wp\/v2\/media?parent=25277"}],"wp:term":[{"taxonomy":"pwb-brand","embeddable":true,"href":"https:\/\/www.pussycatmerida.com\/eshop\/wp-json\/wp\/v2\/pwb-brand?post=25277"},{"taxonomy":"product_brand","embeddable":true,"href":"https:\/\/www.pussycatmerida.com\/eshop\/wp-json\/wp\/v2\/product_brand?post=25277"},{"taxonomy":"product_cat","embeddable":true,"href":"https:\/\/www.pussycatmerida.com\/eshop\/wp-json\/wp\/v2\/product_cat?post=25277"},{"taxonomy":"product_tag","embeddable":true,"href":"https:\/\/www.pussycatmerida.com\/eshop\/wp-json\/wp\/v2\/product_tag?post=25277"}],"curies":[{"name":"wp","href":"https:\/\/api.w.org\/{rel}","templated":true}]}}