{"id":25279,"date":"2021-02-26T15:33:21","date_gmt":"2021-02-26T13:33:21","guid":{"rendered":"https:\/\/www.pussycatmerida.com\/eshop\/product\/pretty-love-bottom-plug-magic-jinger-up-down-y-vibracion\/"},"modified":"2026-03-11T12:39:32","modified_gmt":"2026-03-11T11:39:32","slug":"pretty-love-bottom-plug-magic-jinger-up-down-y-vibracion","status":"publish","type":"product","link":"https:\/\/www.pussycatmerida.com\/eshop\/producto\/pretty-love-bottom-plug-magic-jinger-up-down-y-vibracion\/","title":{"rendered":"PRETTY LOVE BOTTOM &#8211; PLUG MAGIC JINGER UP  DOWN Y VIBRACION"},"content":{"rendered":"<p>Este Plug Anal tiene un secreto que emociona incluso a expertos m\u00e1s avanzados del juego anal. Si te gustan las sensaciones \u00fanicas del juego anal, te encantar\u00e1 el dise\u00f1o grueso, largo y suave de este plug.<\/p>\n<p>Su c\u00f3moda inserci\u00f3n con una ventosa que le permite utilizarlo sin las manos, las 4 funciones de vibraci\u00f3n y los 4 modos de subida y bajada te brindar\u00e1n\u00a0 un emocionante viaje al placer anal que aumenta su estimulaci\u00f3n con cada paso.<\/p>\n<p>Caracter\u00edsticas:\u00a0<\/p>\n<ul>\n<li>4 modos de vibraci\u00f3n<\/li>\n<li>Funci\u00f3n de subida y bajada<\/li>\n<li>Controlado por control remoto<\/li>\n<li>Fuerte ventosa<\/li>\n<li>Silicona suave premium<\/li>\n<li>Sumergible<\/li>\n<li>USB recargable<\/li>\n<li>Medida: Ver imagen<\/li>\n<li>Color. Negro\u00a0<\/li>\n<\/ul>\n<p>Pretty Love fabrica productos con altos est\u00e1ndares de calidad. Todos sus productos est\u00e1 dise\u00f1ados en EEUU y tienen 1 a\u00f1o de garant\u00eda por defecto t\u00e9cnico. \u00a1El placer est\u00e1 asegurado!<\/p>\n","protected":false},"excerpt":{"rendered":"<p>PRETTY LOVE BOTTOM &#8211; PLUG MAGIC JINGER UP  DOWN AND VIBRATION<\/p>\n","protected":false},"featured_media":53041,"template":"","meta":[],"pwb-brand":[559,213],"product_brand":[],"product_cat":[275,280,284,274,306,300,907],"product_tag":[],"class_list":{"0":"post-25279","1":"product","2":"type-product","3":"status-publish","4":"has-post-thumbnail","6":"pwb-brand-pretty-lovepretty-bottom","7":"pwb-brand-pretty-love","8":"product_cat-juguetes-sexuales-xxxacuaticos","9":"product_cat-juguetes-sexuales-xxxanal","10":"product_cat-juguetes-sexuales-xxxcontrol-remoto","11":"product_cat-juguetes-sexuales-xxx","12":"product_cat-juguetes-sexuales-xxxpara-el","13":"product_cat-juguetes-sexuales-xxxplugs-anales","14":"product_cat-vibradores-anales","15":"post_count_is_0","16":"boutique_post_style_4","18":"first","19":"instock","20":"taxable","21":"shipping-taxable","22":"purchasable","23":"product-type-simple","24":"boutique_image_style_2"},"brands":[{"id":559,"name":"PRETTY BOTTOM","slug":"pretty-lovepretty-bottom"},{"id":213,"name":"PRETTY LOVE","slug":"pretty-love"}],"_links":{"self":[{"href":"https:\/\/www.pussycatmerida.com\/eshop\/wp-json\/wp\/v2\/product\/25279","targetHints":{"allow":["GET"]}}],"collection":[{"href":"https:\/\/www.pussycatmerida.com\/eshop\/wp-json\/wp\/v2\/product"}],"about":[{"href":"https:\/\/www.pussycatmerida.com\/eshop\/wp-json\/wp\/v2\/types\/product"}],"wp:featuredmedia":[{"embeddable":true,"href":"https:\/\/www.pussycatmerida.com\/eshop\/wp-json\/wp\/v2\/media\/53041"}],"wp:attachment":[{"href":"https:\/\/www.pussycatmerida.com\/eshop\/wp-json\/wp\/v2\/media?parent=25279"}],"wp:term":[{"taxonomy":"pwb-brand","embeddable":true,"href":"https:\/\/www.pussycatmerida.com\/eshop\/wp-json\/wp\/v2\/pwb-brand?post=25279"},{"taxonomy":"product_brand","embeddable":true,"href":"https:\/\/www.pussycatmerida.com\/eshop\/wp-json\/wp\/v2\/product_brand?post=25279"},{"taxonomy":"product_cat","embeddable":true,"href":"https:\/\/www.pussycatmerida.com\/eshop\/wp-json\/wp\/v2\/product_cat?post=25279"},{"taxonomy":"product_tag","embeddable":true,"href":"https:\/\/www.pussycatmerida.com\/eshop\/wp-json\/wp\/v2\/product_tag?post=25279"}],"curies":[{"name":"wp","href":"https:\/\/api.w.org\/{rel}","templated":true}]}}