{"id":2529,"date":"2021-02-26T15:08:51","date_gmt":"2021-02-26T13:08:51","guid":{"rendered":"https:\/\/www.pussycatmerida.com\/eshop\/product\/secretplay-monodosis-locion-corporal-piel-de-seda-afrodita-10ml\/"},"modified":"2026-03-11T12:26:43","modified_gmt":"2026-03-11T11:26:43","slug":"secretplay-monodosis-locion-corporal-piel-de-seda-afrodita-10ml","status":"publish","type":"product","link":"https:\/\/www.pussycatmerida.com\/eshop\/producto\/secretplay-monodosis-locion-corporal-piel-de-seda-afrodita-10ml\/","title":{"rendered":"SECRETPLAY MONODOSIS LOCION CORPORAL PIEL DE SEDA AFRODITA 10ML"},"content":{"rendered":"<p>La loci\u00f3n corporal femenina de piel de seda Afrodita, con atrayente sexual natural extra\u00eddo de la trufa, resalta tu atractivo, aumenta tu confianza y te convierte en una persona m\u00e1s excitante, seductora y deseada a los ojos de los dem\u00e1s. Las part\u00edculas biol\u00f3gicas de la trufa, con su aroma, estimulan el deseo sexual de forma natural: una atracci\u00f3n irresistible para cualquiera.<\/p>\n<p>Sab\u00edas las m\u00faltiples utilidades que tiene nuestra piel de seda?<\/p>\n<ul>\n<li>-Para hidratar la piel y dejarla suave<\/li>\n<li>-Para dar masajes, es ideal para un masaje cuerpo a cuerpo<\/li>\n<li>-Serum para el cabello<\/li>\n<li>-Para ponerlo debajo del maquillaje<\/li>\n<li>-Para realzar los tatuajes<\/li>\n<li>-Para ponerlo en rozaduras, sobre todo las que se producen en la entrepierna<\/li>\n<\/ul>\n<p>MODO DE EMPLEO: Despu\u00e9s de extender una fina capa sobre la piel, \u00e9sta adquiere un tacto y una textura, en apariencia, igual a la seda. Una invitaci\u00f3n a la sensualidad y al deseo.<\/p>\n<p>PRECAUCIONES: Producto cosm\u00e9tico de uso s\u00f3lo externo. No utilizar en caso de hipersensibilidad o alergia a alguno de los ingredientes. En caso de irritaci\u00f3n suspender el uso. No aplicar sobre el \u00e1rea de los ojos o heridas. No ingerir. Mantener fuera del alcance de los ni\u00f1os. Conservar en un lugar fresco, seco y alejado de la luz solar.<\/p>\n<ul>\n<li>Sachet<\/li>\n<li>Capacidad: 10 ml<\/li>\n<li>Producto cosm\u00e9tico s\u00f3lo para uso externo<\/li>\n<li>Aroma a caramelo dulce<\/li>\n<li>No testado en animales<\/li>\n<li>Para mujer<\/li>\n<li>Hecho en Espa\u00f1a<\/li>\n<\/ul>\n","protected":false},"excerpt":{"rendered":"<p>SECRETPLAY SILK SKIN AFRODITA MONODOSE 10ML<\/p>\n","protected":false},"featured_media":50382,"template":"","meta":[],"pwb-brand":[498,682],"product_brand":[],"product_cat":[349,342,337,356,400],"product_tag":[],"class_list":{"0":"post-2529","1":"product","2":"type-product","3":"status-publish","4":"has-post-thumbnail","6":"pwb-brand-secretplay","7":"pwb-brand-secretplaysecretplay-cosmetic","8":"product_cat-aceites-y-lubricantesaceites-y-cremas-de-masajeaceites-esenciales","9":"product_cat-aceites-y-lubricantesaceites-y-cremas-de-masaje","10":"product_cat-aceites-y-lubricantes","11":"product_cat-aceites-y-lubricantesaceites-y-cremas-de-masajeefecto-afrodisiaco","12":"product_cat-aceites-y-lubricanteslubricantesmonodosis","13":"post_count_is_0","14":"boutique_post_style_4","16":"first","17":"instock","18":"taxable","19":"shipping-taxable","20":"purchasable","21":"product-type-simple","22":"boutique_image_style_2"},"brands":[{"id":498,"name":"SECRETPLAY","slug":"secretplay"},{"id":682,"name":"SECRETPLAY COSMETIC","slug":"secretplaysecretplay-cosmetic"}],"_links":{"self":[{"href":"https:\/\/www.pussycatmerida.com\/eshop\/wp-json\/wp\/v2\/product\/2529","targetHints":{"allow":["GET"]}}],"collection":[{"href":"https:\/\/www.pussycatmerida.com\/eshop\/wp-json\/wp\/v2\/product"}],"about":[{"href":"https:\/\/www.pussycatmerida.com\/eshop\/wp-json\/wp\/v2\/types\/product"}],"wp:featuredmedia":[{"embeddable":true,"href":"https:\/\/www.pussycatmerida.com\/eshop\/wp-json\/wp\/v2\/media\/50382"}],"wp:attachment":[{"href":"https:\/\/www.pussycatmerida.com\/eshop\/wp-json\/wp\/v2\/media?parent=2529"}],"wp:term":[{"taxonomy":"pwb-brand","embeddable":true,"href":"https:\/\/www.pussycatmerida.com\/eshop\/wp-json\/wp\/v2\/pwb-brand?post=2529"},{"taxonomy":"product_brand","embeddable":true,"href":"https:\/\/www.pussycatmerida.com\/eshop\/wp-json\/wp\/v2\/product_brand?post=2529"},{"taxonomy":"product_cat","embeddable":true,"href":"https:\/\/www.pussycatmerida.com\/eshop\/wp-json\/wp\/v2\/product_cat?post=2529"},{"taxonomy":"product_tag","embeddable":true,"href":"https:\/\/www.pussycatmerida.com\/eshop\/wp-json\/wp\/v2\/product_tag?post=2529"}],"curies":[{"name":"wp","href":"https:\/\/api.w.org\/{rel}","templated":true}]}}