{"id":25378,"date":"2021-03-01T10:37:35","date_gmt":"2021-03-01T08:37:35","guid":{"rendered":"https:\/\/www.pussycatmerida.com\/eshop\/product\/anal-fantasy-elite-collection-ass-gasm-cock-blocker\/"},"modified":"2026-03-11T12:39:22","modified_gmt":"2026-03-11T11:39:22","slug":"anal-fantasy-elite-collection-ass-gasm-cock-blocker","status":"publish","type":"product","link":"https:\/\/www.pussycatmerida.com\/eshop\/producto\/anal-fantasy-elite-collection-ass-gasm-cock-blocker\/","title":{"rendered":"ANAL FANTASY ELITE COLLECTION ASS-GASM COCK BLOCKER"},"content":{"rendered":"<p>Cuando quieras pasar al siguiente nivel en los juegos anales, la colecci\u00f3n Anal Fantasy Elite es la elecci\u00f3n perfecta para un final feliz y estimulaci\u00f3n prost\u00e1tica. Todos los juguetes est\u00e1n compuestos de nuestra silicona Elite ultra higienicabody safe y sin ftalatos ni l\u00e1tex, preparados para jugar duro. Usan ademas lo \u00faltimo en tecnolog\u00eda USB y est\u00e1n dise\u00f1ados para ofrecer el m\u00e1ximo confort y garantizar la satisfacci\u00f3n. Perfectos para cualquier g\u00e9nero.\u00a0<\/p>\n<p>Nuestro plug m\u00e1s vendido combinado con nuestra popular jaula de silicona es una garant\u00eda de placer explosivo. La punta del plug es redondeada para una f\u00e1cil inserci\u00f3n y tiene un tope para que se mantenga en su sitio cuando la accion comience y conecta con la jaula de acero inoxidable cubierta con una funda de silicona super suave para m\u00e1ximo confort, adem\u00e1s tiene un agujero en la zona de la uretra.\u00a0<\/p>\n<p>Con candado y llaves, esta combinaci\u00f3n de plug y jaula es una combinaci\u00f3n fant\u00e1stioca para los amantes del fetish.<\/p>\n<ul>\n<li>Silicona ultra higienica Elite sin ftalatos, hipoalerg\u00e9nica y super flexible<\/li>\n<li>El anillo de acero tiene 3 tama\u00f1os ajustables\u00a0<\/li>\n<li>El plug proporciona estimulaci\u00f3n directa sobre la prostata\u00a0<\/li>\n<li>Agujero en la zona de la uretra\u00a0<\/li>\n<li>Di\u00e1metro m\u00ednimo anillo 4.5 cm<\/li>\n<li>Di\u00e1metro m\u00e1ximo: 5 cm\u00a0<\/li>\n<li>Incluye: limpiador de juguetes, crema anal, lubricante y guantes\u00a0<\/li>\n<\/ul>\n<p>\u00a0<\/p>\n<p>\u00a0<\/p>\n","protected":false},"excerpt":{"rendered":"<p>ANAL FANTASY ELITE COLLECTION ASS-GASM COCK BLOCKER<\/p>\n","protected":false},"featured_media":57485,"template":"","meta":[],"pwb-brand":[818,476],"product_brand":[],"product_cat":[275,280,423,282,274,306,300],"product_tag":[],"class_list":{"0":"post-25378","1":"product","2":"type-product","3":"status-publish","4":"has-post-thumbnail","6":"pwb-brand-pipedreams-anal-fantasy-elite-collection","7":"pwb-brand-pipedreams","8":"product_cat-juguetes-sexuales-xxxacuaticos","9":"product_cat-juguetes-sexuales-xxxanal","10":"product_cat-juguetes-sexuales-xxxfetish-bondagebdsm-accesorios","11":"product_cat-juguetes-sexuales-xxxfetish-bondage","12":"product_cat-juguetes-sexuales-xxx","13":"product_cat-juguetes-sexuales-xxxpara-el","14":"product_cat-juguetes-sexuales-xxxplugs-anales","15":"post_count_is_0","16":"boutique_post_style_4","18":"first","19":"instock","20":"taxable","21":"shipping-taxable","22":"purchasable","23":"product-type-simple","24":"boutique_image_style_2"},"brands":[{"id":818,"name":"ANAL FANTASY ELITE COLLECTION","slug":"pipedreams-anal-fantasy-elite-collection"},{"id":476,"name":"PIPEDREAMS","slug":"pipedreams"}],"_links":{"self":[{"href":"https:\/\/www.pussycatmerida.com\/eshop\/wp-json\/wp\/v2\/product\/25378","targetHints":{"allow":["GET"]}}],"collection":[{"href":"https:\/\/www.pussycatmerida.com\/eshop\/wp-json\/wp\/v2\/product"}],"about":[{"href":"https:\/\/www.pussycatmerida.com\/eshop\/wp-json\/wp\/v2\/types\/product"}],"wp:featuredmedia":[{"embeddable":true,"href":"https:\/\/www.pussycatmerida.com\/eshop\/wp-json\/wp\/v2\/media\/57485"}],"wp:attachment":[{"href":"https:\/\/www.pussycatmerida.com\/eshop\/wp-json\/wp\/v2\/media?parent=25378"}],"wp:term":[{"taxonomy":"pwb-brand","embeddable":true,"href":"https:\/\/www.pussycatmerida.com\/eshop\/wp-json\/wp\/v2\/pwb-brand?post=25378"},{"taxonomy":"product_brand","embeddable":true,"href":"https:\/\/www.pussycatmerida.com\/eshop\/wp-json\/wp\/v2\/product_brand?post=25378"},{"taxonomy":"product_cat","embeddable":true,"href":"https:\/\/www.pussycatmerida.com\/eshop\/wp-json\/wp\/v2\/product_cat?post=25378"},{"taxonomy":"product_tag","embeddable":true,"href":"https:\/\/www.pussycatmerida.com\/eshop\/wp-json\/wp\/v2\/product_tag?post=25378"}],"curies":[{"name":"wp","href":"https:\/\/api.w.org\/{rel}","templated":true}]}}